{"id":11079,"date":"2021-09-27T12:26:04","date_gmt":"2021-09-27T12:26:04","guid":{"rendered":"https:\/\/stereoplus.lv\/product\/kef-lsx\/"},"modified":"2026-04-16T10:40:16","modified_gmt":"2026-04-16T10:40:16","slug":"kef-lsx","status":"publish","type":"product","link":"https:\/\/stereoplus.lv\/ru\/product\/kef-lsx\/","title":{"rendered":"Kef lsx II (\u043f\u0430\u0440\u0430)"},"content":{"rendered":"<div id=\"io3kr87\" data-highlightable=\"1\"><strong>Drive units\u00a0(per speaker)<\/strong><\/div>\n<div id=\"i9zuqf3\" data-highlightable=\"1\">Uni-Q driver array:<br \/>\nHF: 19mm (0.75in.) aluminium dome<br \/>\nLF\/MF: 115mm (4.5in.) magnesium\/aluminium alloy cone<\/div>\n<div data-highlightable=\"1\"><\/div>\n<div data-highlightable=\"1\">\n<div id=\"i76o49l\" data-highlightable=\"1\"><strong>Frequency range (-6dB) measured at 85dB\/1m<\/strong><\/div>\n<div id=\"ih7qodk\" data-highlightable=\"1\">49Hz \u2013 47kHz<br \/>\n*Depends on EQ settings<\/div>\n<div data-highlightable=\"1\"><\/div>\n<\/div>\n<div data-highlightable=\"1\">\n<div id=\"iq42s8m\" data-highlightable=\"1\"><strong>Frequency response (\u00b13dB) measured at 85dB\/1m<\/strong><\/div>\n<div id=\"ier2meg\" data-highlightable=\"1\">54Hz \u2013 28kHz<br \/>\n*Depends on EQ settings<\/div>\n<\/div>\n<div data-highlightable=\"1\"><\/div>\n<div data-highlightable=\"1\">\n<div id=\"ikkogb3\" data-highlightable=\"1\"><strong>Amplifier output power (per speaker)<\/strong><\/div>\n<div id=\"icyvqkv\" data-highlightable=\"1\">LF: 70W<br \/>\nHF: 30W<\/div>\n<\/div>\n<div data-highlightable=\"1\"><\/div>\n<div data-highlightable=\"1\">\n<div id=\"i76sp9z\" data-highlightable=\"1\"><strong>Amplifier class (per speaker)<\/strong><\/div>\n<div id=\"iiy9z7q\" data-highlightable=\"1\">LF: Class D<br \/>\nHF: Class D<\/div>\n<\/div>\n<div data-highlightable=\"1\"><\/div>\n<div data-highlightable=\"1\">\n<div id=\"i8h1def\" data-highlightable=\"1\"><strong>Max SPL measured at 1m<\/strong><\/div>\n<div id=\"isrs803\" data-highlightable=\"1\">102 dB<\/div>\n<\/div>\n<div data-highlightable=\"1\"><\/div>\n<div data-highlightable=\"1\">\n<div id=\"ikbdy8e\" data-highlightable=\"1\"><strong>Wireless streaming features<\/strong><\/div>\n<div id=\"iwffumx\" data-highlightable=\"1\">AirPlay 2<br data-gjs-type=\"default\" \/>Google Chromecast\u00a0<br data-gjs-type=\"default\" \/>Roon Ready<span id=\"ignfm0s\" data-gjs-type=\"text\">*<\/span><br data-gjs-type=\"default\" \/>UPnP Compatible\u00a0<br data-gjs-type=\"default\" \/>Bluetooth 4.2<\/div>\n<\/div>\n<div data-highlightable=\"1\"><\/div>\n<div data-highlightable=\"1\">\n<div id=\"iqfcx4l\" data-highlightable=\"1\"><strong>Streaming services<\/strong><\/div>\n<div id=\"ioy3au7\" data-highlightable=\"1\">Spotify via Spotify Connect<br \/>\nTidal via Tidal Connect<br \/>\nAmazon Music<br \/>\nQobuz<br \/>\nDeezer<br \/>\nQQ Music via QPlay<br \/>\nInternet Radio<br \/>\nPodcast<br \/>\n*Depends on services availability in different countries<\/div>\n<\/div>\n<div data-highlightable=\"1\"><\/div>\n<div data-highlightable=\"1\">\n<div id=\"i5s9r65\" data-highlightable=\"1\"><strong>Source resolution<\/strong><\/div>\n<div id=\"ihbp8n3\" data-highlightable=\"1\">Network up to 384kHz\/24bit<br \/>\nOptical up to 96kHz\/24bit<br \/>\nUSB Type C up to 192kHz\/24bit<br \/>\nHDMI up to 1.411Mbps PCM<br \/>\n*Depends on source resolution<\/div>\n<\/div>\n<div data-highlightable=\"1\"><\/div>\n<div data-highlightable=\"1\">\n<div id=\"iuy74au\" data-highlightable=\"1\"><strong>Interspeaker connection<\/strong><\/div>\n<div id=\"irpdsgg\" data-highlightable=\"1\">Wireless: \u00a0all sources resampled to 48kHz\/24bit PCM<br \/>\nWired: \u00a0all sources resampled to 96kHz\/24bit PCM<\/div>\n<\/div>\n<div data-highlightable=\"1\"><\/div>\n<div data-highlightable=\"1\">\n<div id=\"il1bf15\" data-highlightable=\"1\"><strong>Supported format (network)<\/strong><\/div>\n<div id=\"iub90hh\" data-highlightable=\"1\">MQA^, DSD, FLAC, WAV, AIFF, ALAC, AAC, WMA, MP3, M4A, LPCM and Ogg Vorbis<\/div>\n<\/div>\n<div data-highlightable=\"1\"><\/div>\n<div data-highlightable=\"1\">\n<div id=\"iv2cycl\" data-highlightable=\"1\"><strong>Dimensions (HWD per speaker)<\/strong><\/div>\n<div id=\"in51u8s\" data-highlightable=\"1\">240 \u00d7 155 \u00d7 180 mm (9.5 \u00d7 6.1 \u00d7 7.1 in.)<\/div>\n<\/div>\n<div data-highlightable=\"1\"><\/div>\n<div data-highlightable=\"1\">\n<div id=\"ilyqg67\" data-highlightable=\"1\"><strong>Weight (per set)<\/strong><\/div>\n<div id=\"i8fxgxv\" data-highlightable=\"1\">7.2kg (15.6lbs)<\/div>\n<\/div>\n<div data-highlightable=\"1\"><\/div>\n<div data-highlightable=\"1\">\n<div id=\"ipwvnqk\" class=\"cms_precision\" data-gjs-component=\"section\" data-gjs-selectable=\"\" data-gjs-removable=\"\" data-gjs-editable=\"\" data-highlightable=\"1\">\n<div id=\"il5i0ta\" data-highlightable=\"1\"><strong>Power input<\/strong><\/div>\n<div id=\"iwfmise\" data-highlightable=\"1\">100 \u2013 240VAC 50\/60Hz<\/div>\n<div data-highlightable=\"1\"><\/div>\n<\/div>\n<div id=\"iaytoq4\" class=\"cms_precision\" data-gjs-component=\"section\" data-gjs-selectable=\"\" data-gjs-removable=\"\" data-gjs-editable=\"\" data-highlightable=\"1\">\n<div id=\"iy8xqmb\" data-highlightable=\"1\"><strong>Power consumption<\/strong><\/div>\n<div id=\"itsxlbj\" data-highlightable=\"1\">200W (operating power)<br \/>\n&lt;2.0W (standby power)<\/div>\n<\/div>\n<div id=\"igfy8rj\" class=\"cms_precision\" data-gjs-component=\"section\" data-gjs-selectable=\"\" data-gjs-removable=\"\" data-gjs-editable=\"\" data-highlightable=\"1\">\n<div data-highlightable=\"1\"><\/div>\n<div id=\"ibzkj7z\" data-highlightable=\"1\"><strong>Inputs<\/strong><\/div>\n<div id=\"ip06ndk\" data-highlightable=\"1\">Primary speaker<br \/>\nHDMI ARC<br \/>\nTOSLINK Optical<br \/>\nUSB Type C<br \/>\nAnalog 3.5mm Auxiliary<br \/>\nRJ45 Ethernet (network)<br \/>\nRJ45 Ethernet (interspeaker)Secondary speaker<br \/>\nRJ45 Ethernet (interspeaker)<\/div>\n<\/div>\n<div id=\"i6eorh2\" class=\"cms_precision\" data-gjs-component=\"section\" data-gjs-selectable=\"\" data-gjs-removable=\"\" data-gjs-editable=\"\" data-highlightable=\"1\">\n<div data-highlightable=\"1\"><\/div>\n<div id=\"iqp1zjl\" data-highlightable=\"1\"><strong>Output<\/strong><\/div>\n<div id=\"ice2393\" data-highlightable=\"1\">RCA Subwoofer output<\/div>\n<\/div>\n<div id=\"i2pnati\" class=\"cms_precision\" data-gjs-component=\"section\" data-gjs-selectable=\"\" data-gjs-removable=\"\" data-gjs-editable=\"\" data-highlightable=\"1\">\n<div data-highlightable=\"1\"><\/div>\n<div id=\"ifpos97\" data-highlightable=\"1\"><strong>Wi-Fi network standard<\/strong><\/div>\n<div id=\"i9rrttf\" data-highlightable=\"1\">IEEE 802.11a\/b\/g\/n\/ac<br \/>\nIPv4, IPv6<\/div>\n<\/div>\n<div id=\"ipbpqcq\" class=\"cms_precision\" data-gjs-component=\"section\" data-gjs-selectable=\"\" data-gjs-removable=\"\" data-gjs-editable=\"\" data-highlightable=\"1\">\n<div data-highlightable=\"1\"><\/div>\n<div id=\"im02r9i\" data-highlightable=\"1\"><strong>Wi-Fi network frequency band<\/strong><\/div>\n<div id=\"i209sk8\" data-highlightable=\"1\">Dual-band 2.4 GHz \/ 5 GHz<\/div>\n<\/div>\n<\/div>\n","protected":false},"excerpt":{"rendered":"<p>KEF LSX \u2013 \u0431\u0435\u0441\u043f\u0440\u043e\u0432\u043e\u0434\u043d\u0430\u044f \u0430\u043a\u0442\u0438\u0432\u043d\u0430\u044f \u0441\u0442\u0435\u0440\u0435\u043e\u0430\u043a\u0443\u0441\u0442\u0438\u043a\u0430 \u0432\u0441\u0435-\u0432-\u043e\u0434\u043d\u043e\u043c. \u0412\u0441\u0442\u0440\u043e\u0435\u043d\u043d\u044b\u0439 \u0443\u0441\u0438\u043b\u0438\u0442\u0435\u043b\u044c \u2013 \u043d\u0435 \u043d\u0443\u0436\u043d\u043e \u0434\u043e\u043f\u043e\u043b\u043d\u0438\u0442\u0435\u043b\u044c\u043d\u043e\u0435 \u043e\u0431\u043e\u0440\u0443\u0434\u043e\u0432\u0430\u043d\u0438\u0435<br \/>\nBluetooth, Wi-Fi, AirPlay 2, Spotify Connect, Roon<br \/>\n\u041a\u043e\u043b\u043e\u043d\u043a\u0438 \u0433\u043e\u0442\u043e\u0432\u044b \u043a \u0440\u0430\u0431\u043e\u0442\u0435 \u0441\u0440\u0430\u0437\u0443 \u2013 \u043f\u0440\u043e\u0441\u0442\u043e \u043f\u043e\u0434\u043a\u043b\u044e\u0447\u0438\u0442\u0435 \u0438\u0441\u0442\u043e\u0447\u043d\u0438\u043a: \u043f\u043e \u0431\u0435\u0441\u043f\u0440\u043e\u0432\u043e\u0434\u043d\u043e\u0439 \u0441\u0432\u044f\u0437\u0438 \u0441 \u0432\u0430\u0448\u0435\u0433\u043e \u0441\u043c\u0430\u0440\u0442\u0444\u043e\u043d\u0430, \u0438\u043b\u0438 \u0442\u0435\u043b\u0435\u0432\u0438\u0437\u043e\u0440, CD-\u043f\u043b\u0435\u0435\u0440, \u043f\u0440\u043e\u0438\u0433\u0440\u044b\u0432\u0430\u0442\u0435\u043b\u044c \u0432\u0438\u043d\u0438\u043b\u0430 \u0438 \u043f\u0440.<br \/>\n\u041f\u043e\u0434\u0445\u043e\u0434\u0438\u0442 \u0434\u043b\u044f \u043f\u043e\u0434\u043a\u043b\u044e\u0447\u0435\u043d\u0438\u044f \u043a \u0442\u0435\u043b\u0435\u0432\u0438\u0437\u043e\u0440\u0443, \u043c\u043e\u0436\u043d\u043e \u0434\u043e\u0431\u0430\u0432\u0438\u0442\u044c \u0441\u0430\u0431\u0432\u0443\u0444\u0435\u0440<br \/>\n\u0411\u0435\u0441\u043f\u0440\u043e\u0432\u043e\u0434\u043d\u043e\u0435 \u043f\u043e\u0434\u043a\u043b\u044e\u0447\u0435\u043d\u0438\u0435 \u043c\u0435\u0436\u0434\u0443 \u043a\u043e\u043b\u043e\u043d\u043a\u0430\u043c\u0438!<\/p>\n","protected":false},"featured_media":15050,"template":"","meta":[],"product_cat":[538,376,380,377],"product_tag":[],"yoast_head":"<!-- This site is optimized with the Yoast SEO plugin v17.5 - https:\/\/yoast.com\/wordpress\/plugins\/seo\/ -->\n<title>Kef lsx II (\u043f\u0430\u0440\u0430) - StereoPlus<\/title>\n<meta name=\"robots\" content=\"index, follow, max-snippet:-1, max-image-preview:large, max-video-preview:-1\" \/>\n<link rel=\"canonical\" href=\"https:\/\/stereoplus.lv\/ru\/product\/kef-lsx\/\" \/>\n<meta property=\"og:locale\" content=\"ru_RU\" \/>\n<meta property=\"og:type\" content=\"article\" \/>\n<meta property=\"og:title\" content=\"Kef lsx II (\u043f\u0430\u0440\u0430) - StereoPlus\" \/>\n<meta property=\"og:description\" content=\"KEF LSX \u2013 \u0431\u0435\u0441\u043f\u0440\u043e\u0432\u043e\u0434\u043d\u0430\u044f \u0430\u043a\u0442\u0438\u0432\u043d\u0430\u044f \u0441\u0442\u0435\u0440\u0435\u043e\u0430\u043a\u0443\u0441\u0442\u0438\u043a\u0430 \u0432\u0441\u0435-\u0432-\u043e\u0434\u043d\u043e\u043c. \u0412\u0441\u0442\u0440\u043e\u0435\u043d\u043d\u044b\u0439 \u0443\u0441\u0438\u043b\u0438\u0442\u0435\u043b\u044c \u2013 \u043d\u0435 \u043d\u0443\u0436\u043d\u043e \u0434\u043e\u043f\u043e\u043b\u043d\u0438\u0442\u0435\u043b\u044c\u043d\u043e\u0435 \u043e\u0431\u043e\u0440\u0443\u0434\u043e\u0432\u0430\u043d\u0438\u0435 Bluetooth, Wi-Fi, AirPlay 2, Spotify Connect, Roon \u041a\u043e\u043b\u043e\u043d\u043a\u0438 \u0433\u043e\u0442\u043e\u0432\u044b \u043a \u0440\u0430\u0431\u043e\u0442\u0435 \u0441\u0440\u0430\u0437\u0443 \u2013 \u043f\u0440\u043e\u0441\u0442\u043e \u043f\u043e\u0434\u043a\u043b\u044e\u0447\u0438\u0442\u0435 \u0438\u0441\u0442\u043e\u0447\u043d\u0438\u043a: \u043f\u043e \u0431\u0435\u0441\u043f\u0440\u043e\u0432\u043e\u0434\u043d\u043e\u0439 \u0441\u0432\u044f\u0437\u0438 \u0441 \u0432\u0430\u0448\u0435\u0433\u043e \u0441\u043c\u0430\u0440\u0442\u0444\u043e\u043d\u0430, \u0438\u043b\u0438 \u0442\u0435\u043b\u0435\u0432\u0438\u0437\u043e\u0440, CD-\u043f\u043b\u0435\u0435\u0440, \u043f\u0440\u043e\u0438\u0433\u0440\u044b\u0432\u0430\u0442\u0435\u043b\u044c \u0432\u0438\u043d\u0438\u043b\u0430 \u0438 \u043f\u0440. \u041f\u043e\u0434\u0445\u043e\u0434\u0438\u0442 \u0434\u043b\u044f \u043f\u043e\u0434\u043a\u043b\u044e\u0447\u0435\u043d\u0438\u044f \u043a \u0442\u0435\u043b\u0435\u0432\u0438\u0437\u043e\u0440\u0443, \u043c\u043e\u0436\u043d\u043e \u0434\u043e\u0431\u0430\u0432\u0438\u0442\u044c \u0441\u0430\u0431\u0432\u0443\u0444\u0435\u0440 \u0411\u0435\u0441\u043f\u0440\u043e\u0432\u043e\u0434\u043d\u043e\u0435 \u043f\u043e\u0434\u043a\u043b\u044e\u0447\u0435\u043d\u0438\u0435 \u043c\u0435\u0436\u0434\u0443 \u043a\u043e\u043b\u043e\u043d\u043a\u0430\u043c\u0438!\" \/>\n<meta property=\"og:url\" content=\"https:\/\/stereoplus.lv\/ru\/product\/kef-lsx\/\" \/>\n<meta property=\"og:site_name\" content=\"StereoPlus\" \/>\n<meta property=\"article:modified_time\" content=\"2026-04-16T10:40:16+00:00\" \/>\n<meta name=\"twitter:card\" content=\"summary_large_image\" \/>\n<meta name=\"twitter:image\" content=\"https:\/\/stereoplus.lv\/wp-content\/uploads\/2021\/09\/lsx-ii-pair-soundwave.webp\" \/>\n<meta name=\"twitter:label1\" content=\"\u041f\u0440\u0438\u043c\u0435\u0440\u043d\u043e\u0435 \u0432\u0440\u0435\u043c\u044f \u0434\u043b\u044f \u0447\u0442\u0435\u043d\u0438\u044f\" \/>\n\t<meta name=\"twitter:data1\" content=\"1 \u043c\u0438\u043d\u0443\u0442\u0430\" \/>\n<script type=\"application\/ld+json\" class=\"yoast-schema-graph\">{\"@context\":\"https:\/\/schema.org\",\"@graph\":[{\"@type\":\"WebSite\",\"@id\":\"https:\/\/stereoplus.lv\/#website\",\"url\":\"https:\/\/stereoplus.lv\/\",\"name\":\"StereoPlus\",\"description\":\"\",\"potentialAction\":[{\"@type\":\"SearchAction\",\"target\":{\"@type\":\"EntryPoint\",\"urlTemplate\":\"https:\/\/stereoplus.lv\/?s={search_term_string}\"},\"query-input\":\"required name=search_term_string\"}],\"inLanguage\":\"ru-RU\"},{\"@type\":\"ImageObject\",\"@id\":\"https:\/\/stereoplus.lv\/ru\/product\/kef-lsx\/#primaryimage\",\"inLanguage\":\"ru-RU\",\"url\":\"https:\/\/stereoplus.lv\/wp-content\/uploads\/2021\/09\/lsx-ii-pair-soundwave.webp\",\"contentUrl\":\"https:\/\/stereoplus.lv\/wp-content\/uploads\/2021\/09\/lsx-ii-pair-soundwave.webp\",\"width\":900,\"height\":900},{\"@type\":\"WebPage\",\"@id\":\"https:\/\/stereoplus.lv\/ru\/product\/kef-lsx\/#webpage\",\"url\":\"https:\/\/stereoplus.lv\/ru\/product\/kef-lsx\/\",\"name\":\"Kef lsx II (\\u043f\\u0430\\u0440\\u0430) - StereoPlus\",\"isPartOf\":{\"@id\":\"https:\/\/stereoplus.lv\/#website\"},\"primaryImageOfPage\":{\"@id\":\"https:\/\/stereoplus.lv\/ru\/product\/kef-lsx\/#primaryimage\"},\"datePublished\":\"2021-09-27T12:26:04+00:00\",\"dateModified\":\"2026-04-16T10:40:16+00:00\",\"breadcrumb\":{\"@id\":\"https:\/\/stereoplus.lv\/ru\/product\/kef-lsx\/#breadcrumb\"},\"inLanguage\":\"ru-RU\",\"potentialAction\":[{\"@type\":\"ReadAction\",\"target\":[\"https:\/\/stereoplus.lv\/ru\/product\/kef-lsx\/\"]}]},{\"@type\":\"BreadcrumbList\",\"@id\":\"https:\/\/stereoplus.lv\/ru\/product\/kef-lsx\/#breadcrumb\",\"itemListElement\":[{\"@type\":\"ListItem\",\"position\":1,\"name\":\"Home\",\"item\":\"https:\/\/stereoplus.lv\/ru\/\"},{\"@type\":\"ListItem\",\"position\":2,\"name\":\"\\u041f\\u0440\\u043e\\u0434\\u0443\\u043a\\u0442\",\"item\":\"https:\/\/stereoplus.lv\/ru\/shop\/\"},{\"@type\":\"ListItem\",\"position\":3,\"name\":\"Kef lsx II (\\u043f\\u0430\\u0440\\u0430)\"}]}]}<\/script>\n<!-- \/ Yoast SEO plugin. -->","yoast_head_json":{"title":"Kef lsx II (\u043f\u0430\u0440\u0430) - StereoPlus","robots":{"index":"index","follow":"follow","max-snippet":"max-snippet:-1","max-image-preview":"max-image-preview:large","max-video-preview":"max-video-preview:-1"},"canonical":"https:\/\/stereoplus.lv\/ru\/product\/kef-lsx\/","og_locale":"ru_RU","og_type":"article","og_title":"Kef lsx II (\u043f\u0430\u0440\u0430) - StereoPlus","og_description":"KEF LSX \u2013 \u0431\u0435\u0441\u043f\u0440\u043e\u0432\u043e\u0434\u043d\u0430\u044f \u0430\u043a\u0442\u0438\u0432\u043d\u0430\u044f \u0441\u0442\u0435\u0440\u0435\u043e\u0430\u043a\u0443\u0441\u0442\u0438\u043a\u0430 \u0432\u0441\u0435-\u0432-\u043e\u0434\u043d\u043e\u043c. \u0412\u0441\u0442\u0440\u043e\u0435\u043d\u043d\u044b\u0439 \u0443\u0441\u0438\u043b\u0438\u0442\u0435\u043b\u044c \u2013 \u043d\u0435 \u043d\u0443\u0436\u043d\u043e \u0434\u043e\u043f\u043e\u043b\u043d\u0438\u0442\u0435\u043b\u044c\u043d\u043e\u0435 \u043e\u0431\u043e\u0440\u0443\u0434\u043e\u0432\u0430\u043d\u0438\u0435 Bluetooth, Wi-Fi, AirPlay 2, Spotify Connect, Roon \u041a\u043e\u043b\u043e\u043d\u043a\u0438 \u0433\u043e\u0442\u043e\u0432\u044b \u043a \u0440\u0430\u0431\u043e\u0442\u0435 \u0441\u0440\u0430\u0437\u0443 \u2013 \u043f\u0440\u043e\u0441\u0442\u043e \u043f\u043e\u0434\u043a\u043b\u044e\u0447\u0438\u0442\u0435 \u0438\u0441\u0442\u043e\u0447\u043d\u0438\u043a: \u043f\u043e \u0431\u0435\u0441\u043f\u0440\u043e\u0432\u043e\u0434\u043d\u043e\u0439 \u0441\u0432\u044f\u0437\u0438 \u0441 \u0432\u0430\u0448\u0435\u0433\u043e \u0441\u043c\u0430\u0440\u0442\u0444\u043e\u043d\u0430, \u0438\u043b\u0438 \u0442\u0435\u043b\u0435\u0432\u0438\u0437\u043e\u0440, CD-\u043f\u043b\u0435\u0435\u0440, \u043f\u0440\u043e\u0438\u0433\u0440\u044b\u0432\u0430\u0442\u0435\u043b\u044c \u0432\u0438\u043d\u0438\u043b\u0430 \u0438 \u043f\u0440. \u041f\u043e\u0434\u0445\u043e\u0434\u0438\u0442 \u0434\u043b\u044f \u043f\u043e\u0434\u043a\u043b\u044e\u0447\u0435\u043d\u0438\u044f \u043a \u0442\u0435\u043b\u0435\u0432\u0438\u0437\u043e\u0440\u0443, \u043c\u043e\u0436\u043d\u043e \u0434\u043e\u0431\u0430\u0432\u0438\u0442\u044c \u0441\u0430\u0431\u0432\u0443\u0444\u0435\u0440 \u0411\u0435\u0441\u043f\u0440\u043e\u0432\u043e\u0434\u043d\u043e\u0435 \u043f\u043e\u0434\u043a\u043b\u044e\u0447\u0435\u043d\u0438\u0435 \u043c\u0435\u0436\u0434\u0443 \u043a\u043e\u043b\u043e\u043d\u043a\u0430\u043c\u0438!","og_url":"https:\/\/stereoplus.lv\/ru\/product\/kef-lsx\/","og_site_name":"StereoPlus","article_modified_time":"2026-04-16T10:40:16+00:00","twitter_card":"summary_large_image","twitter_image":"https:\/\/stereoplus.lv\/wp-content\/uploads\/2021\/09\/lsx-ii-pair-soundwave.webp","twitter_misc":{"\u041f\u0440\u0438\u043c\u0435\u0440\u043d\u043e\u0435 \u0432\u0440\u0435\u043c\u044f \u0434\u043b\u044f \u0447\u0442\u0435\u043d\u0438\u044f":"1 \u043c\u0438\u043d\u0443\u0442\u0430"},"schema":{"@context":"https:\/\/schema.org","@graph":[{"@type":"WebSite","@id":"https:\/\/stereoplus.lv\/#website","url":"https:\/\/stereoplus.lv\/","name":"StereoPlus","description":"","potentialAction":[{"@type":"SearchAction","target":{"@type":"EntryPoint","urlTemplate":"https:\/\/stereoplus.lv\/?s={search_term_string}"},"query-input":"required name=search_term_string"}],"inLanguage":"ru-RU"},{"@type":"ImageObject","@id":"https:\/\/stereoplus.lv\/ru\/product\/kef-lsx\/#primaryimage","inLanguage":"ru-RU","url":"https:\/\/stereoplus.lv\/wp-content\/uploads\/2021\/09\/lsx-ii-pair-soundwave.webp","contentUrl":"https:\/\/stereoplus.lv\/wp-content\/uploads\/2021\/09\/lsx-ii-pair-soundwave.webp","width":900,"height":900},{"@type":"WebPage","@id":"https:\/\/stereoplus.lv\/ru\/product\/kef-lsx\/#webpage","url":"https:\/\/stereoplus.lv\/ru\/product\/kef-lsx\/","name":"Kef lsx II (\u043f\u0430\u0440\u0430) - StereoPlus","isPartOf":{"@id":"https:\/\/stereoplus.lv\/#website"},"primaryImageOfPage":{"@id":"https:\/\/stereoplus.lv\/ru\/product\/kef-lsx\/#primaryimage"},"datePublished":"2021-09-27T12:26:04+00:00","dateModified":"2026-04-16T10:40:16+00:00","breadcrumb":{"@id":"https:\/\/stereoplus.lv\/ru\/product\/kef-lsx\/#breadcrumb"},"inLanguage":"ru-RU","potentialAction":[{"@type":"ReadAction","target":["https:\/\/stereoplus.lv\/ru\/product\/kef-lsx\/"]}]},{"@type":"BreadcrumbList","@id":"https:\/\/stereoplus.lv\/ru\/product\/kef-lsx\/#breadcrumb","itemListElement":[{"@type":"ListItem","position":1,"name":"Home","item":"https:\/\/stereoplus.lv\/ru\/"},{"@type":"ListItem","position":2,"name":"\u041f\u0440\u043e\u0434\u0443\u043a\u0442","item":"https:\/\/stereoplus.lv\/ru\/shop\/"},{"@type":"ListItem","position":3,"name":"Kef lsx II (\u043f\u0430\u0440\u0430)"}]}]}},"_links":{"self":[{"href":"https:\/\/stereoplus.lv\/ru\/wp-json\/wp\/v2\/product\/11079"}],"collection":[{"href":"https:\/\/stereoplus.lv\/ru\/wp-json\/wp\/v2\/product"}],"about":[{"href":"https:\/\/stereoplus.lv\/ru\/wp-json\/wp\/v2\/types\/product"}],"wp:featuredmedia":[{"embeddable":true,"href":"https:\/\/stereoplus.lv\/ru\/wp-json\/wp\/v2\/media\/15050"}],"wp:attachment":[{"href":"https:\/\/stereoplus.lv\/ru\/wp-json\/wp\/v2\/media?parent=11079"}],"wp:term":[{"taxonomy":"product_cat","embeddable":true,"href":"https:\/\/stereoplus.lv\/ru\/wp-json\/wp\/v2\/product_cat?post=11079"},{"taxonomy":"product_tag","embeddable":true,"href":"https:\/\/stereoplus.lv\/ru\/wp-json\/wp\/v2\/product_tag?post=11079"}],"curies":[{"name":"wp","href":"https:\/\/api.w.org\/{rel}","templated":true}]}}