{"id":16365,"date":"2022-12-03T20:28:37","date_gmt":"2022-12-03T20:28:37","guid":{"rendered":"https:\/\/stereoplus.lv\/product\/gryphon-kodo\/"},"modified":"2026-03-03T20:24:28","modified_gmt":"2026-03-03T20:24:28","slug":"gryphon-kodo","status":"publish","type":"product","link":"https:\/\/stereoplus.lv\/ru\/product\/gryphon-kodo\/","title":{"rendered":"Gryphon Kodo (\u043f\u0430\u0440\u0430)"},"content":{"rendered":"<a href=\"\/wp-content\/uploads\/2022\/12\/Tech.-Spec.-ALL-Products-05032020.pdf\" target=\"_self\"  class=\"qodef-btn qodef-btn-medium qodef-btn-solid\"  >\n    <span  class=\"qodef-btn-text\">\u0421\u043f\u0435\u0446\u0438\u0444\u0438\u043a\u0430\u0446\u0438\u0438<\/span>\n    <i class=\"qodef-icon-font-awesome fa  \" ><\/i><\/a>\n<p>&nbsp;<\/p>\n<p><strong>\u041e\u0421\u041e\u0411\u0415\u041d\u041d\u041e\u0421\u0422\u0418<\/strong><\/p>\n<ul>\n<li>Four-way twin-tower loudspeaker<\/li>\n<li>Modular construction for enhanced structural integrity and convenient, safe assembly<\/li>\n<li>High frequency tower consists of three independent modules<\/li>\n<li>Duelund Constant Phase crossover for perfect phase at all frequencies at all times<\/li>\n<li>System response 16 \u2013 25,000 Hz, + 3 dB (depending on Q setting and room size)<\/li>\n<li>Separate active crossover network for each channel isolated in bass tower<\/li>\n<li>Remote control for Q setting, Bass Level and Low Cut<\/li>\n<li>Time-aligned front baffle curvature for identical arrival time from all drivers at the listening position<\/li>\n<li>38 customized, extensively modified drive units<\/li>\n<li>Special cone surround termination to eliminate edge reflections<\/li>\n<li>Symmetrical vertical driver array for ideal point source presentation<\/li>\n<li>Mechanically independent baffles for each driver<\/li>\n<li>German Air Motion Transformer high frequency driver<\/li>\n<li>4\u201d midrange drivers with patented technologies and parts mounted in separate sealed chambers<\/li>\n<li>Proprietary Gryphon 5\u201d mid\/bass drivers mounted in separate sealed chambers<\/li>\n<li>Hand-adjusted passive mid\/high crossover network pre-biased from the bass module<\/li>\n<li>Dual-magnet bass driver motor system for maximum force and precise focus<\/li>\n<li>Eight 8\u201d bass drivers for extreme speed and precision with massive air displacement<\/li>\n<li>Custom designed Gryphon bass tower amplifiers capable of delivering 1000 Watts continuously to the drivers (4 ohms)<\/li>\n<li>Integrated Linkwitz-Greiner Q Controller with choice of pre-set Q settings for ideal low frequency integration in any room<\/li>\n<li>Four sealed bass modules with extensive internal bracing<\/li>\n<li>Pure, natural wool interior damping material<\/li>\n<li>Stylish string grille for driver protection<\/li>\n<li>Virtually unlimited custom finish options<\/li>\n<li>Designed and built in Denmark<\/li>\n<\/ul>\n","protected":false},"excerpt":{"rendered":"<p>4-virzienu ska\u013cru\u0146u sist\u0113ma.<br \/>\nFrekven\u010du diapazons: 16Hz-25kHz<br \/>\nJut\u012bba: 96dB<br \/>\nPretest\u012bba: 4Ohm<\/p>\n","protected":false},"featured_media":16346,"template":"","meta":[],"product_cat":[538,376,379],"product_tag":[],"yoast_head":"<!-- This site is optimized with the Yoast SEO plugin v17.5 - https:\/\/yoast.com\/wordpress\/plugins\/seo\/ -->\n<title>Gryphon Kodo (\u043f\u0430\u0440\u0430) - StereoPlus<\/title>\n<meta name=\"robots\" content=\"index, follow, max-snippet:-1, max-image-preview:large, max-video-preview:-1\" \/>\n<link rel=\"canonical\" href=\"https:\/\/stereoplus.lv\/ru\/product\/gryphon-kodo\/\" \/>\n<meta property=\"og:locale\" content=\"ru_RU\" \/>\n<meta property=\"og:type\" content=\"article\" \/>\n<meta property=\"og:title\" content=\"Gryphon Kodo (\u043f\u0430\u0440\u0430) - StereoPlus\" \/>\n<meta property=\"og:description\" content=\"4-virzienu ska\u013cru\u0146u sist\u0113ma. Frekven\u010du diapazons: 16Hz-25kHz Jut\u012bba: 96dB Pretest\u012bba: 4Ohm\" \/>\n<meta property=\"og:url\" content=\"https:\/\/stereoplus.lv\/ru\/product\/gryphon-kodo\/\" \/>\n<meta property=\"og:site_name\" content=\"StereoPlus\" \/>\n<meta property=\"article:modified_time\" content=\"2026-03-03T20:24:28+00:00\" \/>\n<meta name=\"twitter:card\" content=\"summary_large_image\" \/>\n<meta name=\"twitter:image\" content=\"https:\/\/stereoplus.lv\/wp-content\/uploads\/2022\/12\/gryphon-kodo-1.webp\" \/>\n<meta name=\"twitter:label1\" content=\"\u041f\u0440\u0438\u043c\u0435\u0440\u043d\u043e\u0435 \u0432\u0440\u0435\u043c\u044f \u0434\u043b\u044f \u0447\u0442\u0435\u043d\u0438\u044f\" \/>\n\t<meta name=\"twitter:data1\" content=\"1 \u043c\u0438\u043d\u0443\u0442\u0430\" \/>\n<script type=\"application\/ld+json\" class=\"yoast-schema-graph\">{\"@context\":\"https:\/\/schema.org\",\"@graph\":[{\"@type\":\"WebSite\",\"@id\":\"https:\/\/stereoplus.lv\/#website\",\"url\":\"https:\/\/stereoplus.lv\/\",\"name\":\"StereoPlus\",\"description\":\"\",\"potentialAction\":[{\"@type\":\"SearchAction\",\"target\":{\"@type\":\"EntryPoint\",\"urlTemplate\":\"https:\/\/stereoplus.lv\/?s={search_term_string}\"},\"query-input\":\"required name=search_term_string\"}],\"inLanguage\":\"ru-RU\"},{\"@type\":\"ImageObject\",\"@id\":\"https:\/\/stereoplus.lv\/ru\/product\/gryphon-kodo\/#primaryimage\",\"inLanguage\":\"ru-RU\",\"url\":\"https:\/\/stereoplus.lv\/wp-content\/uploads\/2022\/12\/gryphon-kodo-1.webp\",\"contentUrl\":\"https:\/\/stereoplus.lv\/wp-content\/uploads\/2022\/12\/gryphon-kodo-1.webp\",\"width\":1505,\"height\":1848},{\"@type\":\"WebPage\",\"@id\":\"https:\/\/stereoplus.lv\/ru\/product\/gryphon-kodo\/#webpage\",\"url\":\"https:\/\/stereoplus.lv\/ru\/product\/gryphon-kodo\/\",\"name\":\"Gryphon Kodo (\\u043f\\u0430\\u0440\\u0430) - StereoPlus\",\"isPartOf\":{\"@id\":\"https:\/\/stereoplus.lv\/#website\"},\"primaryImageOfPage\":{\"@id\":\"https:\/\/stereoplus.lv\/ru\/product\/gryphon-kodo\/#primaryimage\"},\"datePublished\":\"2022-12-03T20:28:37+00:00\",\"dateModified\":\"2026-03-03T20:24:28+00:00\",\"breadcrumb\":{\"@id\":\"https:\/\/stereoplus.lv\/ru\/product\/gryphon-kodo\/#breadcrumb\"},\"inLanguage\":\"ru-RU\",\"potentialAction\":[{\"@type\":\"ReadAction\",\"target\":[\"https:\/\/stereoplus.lv\/ru\/product\/gryphon-kodo\/\"]}]},{\"@type\":\"BreadcrumbList\",\"@id\":\"https:\/\/stereoplus.lv\/ru\/product\/gryphon-kodo\/#breadcrumb\",\"itemListElement\":[{\"@type\":\"ListItem\",\"position\":1,\"name\":\"Home\",\"item\":\"https:\/\/stereoplus.lv\/ru\/\"},{\"@type\":\"ListItem\",\"position\":2,\"name\":\"\\u041f\\u0440\\u043e\\u0434\\u0443\\u043a\\u0442\",\"item\":\"https:\/\/stereoplus.lv\/ru\/shop\/\"},{\"@type\":\"ListItem\",\"position\":3,\"name\":\"Gryphon Kodo (\\u043f\\u0430\\u0440\\u0430)\"}]}]}<\/script>\n<!-- \/ Yoast SEO plugin. -->","yoast_head_json":{"title":"Gryphon Kodo (\u043f\u0430\u0440\u0430) - StereoPlus","robots":{"index":"index","follow":"follow","max-snippet":"max-snippet:-1","max-image-preview":"max-image-preview:large","max-video-preview":"max-video-preview:-1"},"canonical":"https:\/\/stereoplus.lv\/ru\/product\/gryphon-kodo\/","og_locale":"ru_RU","og_type":"article","og_title":"Gryphon Kodo (\u043f\u0430\u0440\u0430) - StereoPlus","og_description":"4-virzienu ska\u013cru\u0146u sist\u0113ma. Frekven\u010du diapazons: 16Hz-25kHz Jut\u012bba: 96dB Pretest\u012bba: 4Ohm","og_url":"https:\/\/stereoplus.lv\/ru\/product\/gryphon-kodo\/","og_site_name":"StereoPlus","article_modified_time":"2026-03-03T20:24:28+00:00","twitter_card":"summary_large_image","twitter_image":"https:\/\/stereoplus.lv\/wp-content\/uploads\/2022\/12\/gryphon-kodo-1.webp","twitter_misc":{"\u041f\u0440\u0438\u043c\u0435\u0440\u043d\u043e\u0435 \u0432\u0440\u0435\u043c\u044f \u0434\u043b\u044f \u0447\u0442\u0435\u043d\u0438\u044f":"1 \u043c\u0438\u043d\u0443\u0442\u0430"},"schema":{"@context":"https:\/\/schema.org","@graph":[{"@type":"WebSite","@id":"https:\/\/stereoplus.lv\/#website","url":"https:\/\/stereoplus.lv\/","name":"StereoPlus","description":"","potentialAction":[{"@type":"SearchAction","target":{"@type":"EntryPoint","urlTemplate":"https:\/\/stereoplus.lv\/?s={search_term_string}"},"query-input":"required name=search_term_string"}],"inLanguage":"ru-RU"},{"@type":"ImageObject","@id":"https:\/\/stereoplus.lv\/ru\/product\/gryphon-kodo\/#primaryimage","inLanguage":"ru-RU","url":"https:\/\/stereoplus.lv\/wp-content\/uploads\/2022\/12\/gryphon-kodo-1.webp","contentUrl":"https:\/\/stereoplus.lv\/wp-content\/uploads\/2022\/12\/gryphon-kodo-1.webp","width":1505,"height":1848},{"@type":"WebPage","@id":"https:\/\/stereoplus.lv\/ru\/product\/gryphon-kodo\/#webpage","url":"https:\/\/stereoplus.lv\/ru\/product\/gryphon-kodo\/","name":"Gryphon Kodo (\u043f\u0430\u0440\u0430) - StereoPlus","isPartOf":{"@id":"https:\/\/stereoplus.lv\/#website"},"primaryImageOfPage":{"@id":"https:\/\/stereoplus.lv\/ru\/product\/gryphon-kodo\/#primaryimage"},"datePublished":"2022-12-03T20:28:37+00:00","dateModified":"2026-03-03T20:24:28+00:00","breadcrumb":{"@id":"https:\/\/stereoplus.lv\/ru\/product\/gryphon-kodo\/#breadcrumb"},"inLanguage":"ru-RU","potentialAction":[{"@type":"ReadAction","target":["https:\/\/stereoplus.lv\/ru\/product\/gryphon-kodo\/"]}]},{"@type":"BreadcrumbList","@id":"https:\/\/stereoplus.lv\/ru\/product\/gryphon-kodo\/#breadcrumb","itemListElement":[{"@type":"ListItem","position":1,"name":"Home","item":"https:\/\/stereoplus.lv\/ru\/"},{"@type":"ListItem","position":2,"name":"\u041f\u0440\u043e\u0434\u0443\u043a\u0442","item":"https:\/\/stereoplus.lv\/ru\/shop\/"},{"@type":"ListItem","position":3,"name":"Gryphon Kodo (\u043f\u0430\u0440\u0430)"}]}]}},"_links":{"self":[{"href":"https:\/\/stereoplus.lv\/ru\/wp-json\/wp\/v2\/product\/16365"}],"collection":[{"href":"https:\/\/stereoplus.lv\/ru\/wp-json\/wp\/v2\/product"}],"about":[{"href":"https:\/\/stereoplus.lv\/ru\/wp-json\/wp\/v2\/types\/product"}],"wp:featuredmedia":[{"embeddable":true,"href":"https:\/\/stereoplus.lv\/ru\/wp-json\/wp\/v2\/media\/16346"}],"wp:attachment":[{"href":"https:\/\/stereoplus.lv\/ru\/wp-json\/wp\/v2\/media?parent=16365"}],"wp:term":[{"taxonomy":"product_cat","embeddable":true,"href":"https:\/\/stereoplus.lv\/ru\/wp-json\/wp\/v2\/product_cat?post=16365"},{"taxonomy":"product_tag","embeddable":true,"href":"https:\/\/stereoplus.lv\/ru\/wp-json\/wp\/v2\/product_tag?post=16365"}],"curies":[{"name":"wp","href":"https:\/\/api.w.org\/{rel}","templated":true}]}}