{"id":23411,"date":"2023-08-25T13:36:19","date_gmt":"2023-08-25T13:36:19","guid":{"rendered":"https:\/\/stereoplus.lv\/product\/bowers-wilkins-703-s3-floorstanding-speaker-paris\/"},"modified":"2023-09-01T13:14:16","modified_gmt":"2023-09-01T13:14:16","slug":"bowers-wilkins-703-s3-floorstanding-speaker-paris","status":"publish","type":"product","link":"https:\/\/stereoplus.lv\/ru\/product\/bowers-wilkins-703-s3-floorstanding-speaker-paris\/","title":{"rendered":"Bowers &#038; Wilkins 703 S3 (\u043f\u0430\u0440\u0430)"},"content":{"rendered":"<table width=\"100%\">\n<tbody>\n<tr>\n<td width=\"30%\"><strong>Technical features:<\/strong><\/td>\n<td width=\"70%\">Decoupled Carbon Dome tweeter, Solid Body Tweeter-on-Top, Continuum\u2122 cone FST\u2122 midrange, Decoupled midrange, Aerofoil\u2122 Profile bass cones, Flowport\u2122<\/td>\n<\/tr>\n<tr>\n<td width=\"519\"><strong>Description:<\/strong><\/td>\n<td width=\"104\">3-way vented-box system<\/td>\n<\/tr>\n<tr>\n<td width=\"519\"><strong>Drive units:<\/strong><\/td>\n<td width=\"104\">1x \u00f825mm (1 in) Decoupled Carbon Dome high-frequency, 1x \u00f8150mm (6 in) Continuum cone FST midrange, 2x \u00f8165mm (6.5 in) Aerofoil Profile bass<\/td>\n<\/tr>\n<tr>\n<td width=\"519\"><strong>Frequency range:<\/strong><\/td>\n<td width=\"104\">30Hz &#8212; 33kHz<\/td>\n<\/tr>\n<tr>\n<td width=\"519\"><strong>Frequency response:<\/strong><\/td>\n<td width=\"104\">46Hz &#8212; 28kHz \u00b13dB<\/td>\n<\/tr>\n<tr>\n<td width=\"519\"><strong>Harmonic distortion:<\/strong><\/td>\n<td width=\"104\">2nd and 3rd harmonics (90dB, 1m on axis), &lt;1% 90Hz &#8212; 22kHz, &lt;0.5% 120Hz &#8212; 20kHz<\/td>\n<\/tr>\n<tr>\n<td width=\"519\"><strong>Sensitivity:<\/strong><\/td>\n<td width=\"104\">90dB spl (2.83Vrms, 1m)<\/td>\n<\/tr>\n<tr>\n<td width=\"519\"><strong>Nominal Impedance:<\/strong><\/td>\n<td width=\"104\">8\u03a9 (minimum 3.1\u03a9)<\/td>\n<\/tr>\n<tr>\n<td width=\"519\"><strong>Recommended Amplifier Power:<\/strong><\/td>\n<td width=\"104\">30W &#8212; 200W into 8\u03a9 on unclipped programme<\/td>\n<\/tr>\n<tr>\n<td width=\"519\"><strong>Max recommended cable impedance:<\/strong><\/td>\n<td width=\"104\">0.1\u2126<\/td>\n<\/tr>\n<tr>\n<td width=\"519\"><strong>Cabinet finishes:<\/strong><\/td>\n<td width=\"104\">Gloss Black, Satin White, Mocha<\/td>\n<\/tr>\n<tr>\n<td width=\"519\"><strong>Dimensions:<\/strong><\/td>\n<td width=\"104\">Height: 1010mm cabinet only<\/p>\n<p>1117mm including tweeter and plinth<br \/>\nWidth: 192mm cabinet only<br \/>\n290mm including plinth<br \/>\nDepth: 316mm cabinet only<br \/>\n353mm including grille and terminals<br \/>\n372mm including plinth<\/td>\n<\/tr>\n<tr>\n<td width=\"519\"><strong>Weight:<\/strong><\/td>\n<td width=\"104\">28.81kg<\/td>\n<\/tr>\n<\/tbody>\n<\/table>\n","protected":false},"excerpt":{"rendered":"<p>\u041d\u0430\u043f\u043e\u043b\u044c\u043d\u044b\u0439 \u0434\u0438\u043d\u0430\u043c\u0438\u043a Bowers &amp; Wilkins 703 S3 \u0438\u0434\u0435\u0430\u043b\u044c\u043d\u043e \u043f\u043e\u0434\u0445\u043e\u0434\u0438\u0442 \u0434\u043b\u044f \u0441\u0442\u0435\u0440\u0435\u043e\u0441\u0438\u0441\u0442\u0435\u043c\u044b \u0438 \u0434\u043e\u043c\u0430\u0448\u043d\u0435\u0433\u043e \u043a\u0438\u043d\u043e\u0442\u0435\u0430\u0442\u0440\u0430 \u0432 \u043f\u043e\u043c\u0435\u0449\u0435\u043d\u0438\u044f\u0445 \u0441\u0440\u0435\u0434\u043d\u0435\u0433\u043e \u0438 \u0431\u043e\u043b\u044c\u0448\u043e\u0433\u043e \u0440\u0430\u0437\u043c\u0435\u0440\u0430. \u0412\u044b \u043c\u043e\u0436\u0435\u0442\u0435 \u0438\u0441\u043f\u043e\u043b\u044c\u0437\u043e\u0432\u0430\u0442\u044c \u044d\u0442\u0438 \u043a\u043e\u043b\u043e\u043d\u043a\u0438 \u0430\u0443\u0434\u0438\u043e\u0444\u0438\u043b\u044c\u0441\u043a\u043e\u0433\u043e \u0443\u0440\u043e\u0432\u043d\u044f \u043a\u0430\u043a \u0430\u0432\u0442\u043e\u043d\u043e\u043c\u043d\u0443\u044e \u0441\u0442\u0435\u0440\u0435\u043e\u0441\u0438\u0441\u0442\u0435\u043c\u0443 \u0438\u043b\u0438 \u043a\u0430\u043a \u0447\u0430\u0441\u0442\u044c \u043c\u043d\u043e\u0433\u043e\u043a\u0430\u043d\u0430\u043b\u044c\u043d\u043e\u0439 \u0441\u0438\u0441\u0442\u0435\u043c\u044b \u0434\u043e\u043c\u0430\u0448\u043d\u0435\u0433\u043e \u043a\u0438\u043d\u043e\u0442\u0435\u0430\u0442\u0440\u0430 \u0441 \u043e\u0431\u044a\u0435\u043c\u043d\u044b\u043c \u0437\u0432\u0443\u043a\u043e\u043c. \u0415\u0433\u043e \u043d\u043e\u0432\u0430\u044f \u043a\u043e\u043d\u0444\u0438\u0433\u0443\u0440\u0430\u0446\u0438\u044f \u0432\u044b\u0441\u043e\u043a\u043e\u0447\u0430\u0441\u0442\u043e\u0442\u043d\u043e\u0433\u043e \u0434\u0438\u043d\u0430\u043c\u0438\u043a\u0430 \u0438 \u0440\u0435\u0432\u043e\u043b\u044e\u0446\u0438\u043e\u043d\u043d\u0430\u044f \u0431\u0438\u043e\u043c\u0438\u043c\u0435\u0442\u0438\u0447\u0435\u0441\u043a\u0430\u044f \u043f\u043e\u0434\u0432\u0435\u0441\u043a\u0430 \u0432 \u043e\u0442\u0434\u0435\u043b\u044c\u043d\u043e\u043c \u0441\u0440\u0435\u0434\u043d\u0435\u0447\u0430\u0441\u0442\u043e\u0442\u043d\u043e\u043c \u0434\u0438\u043d\u0430\u043c\u0438\u043a\u0435 \u0432 \u0441\u043e\u0432\u043e\u043a\u0443\u043f\u043d\u043e\u0441\u0442\u0438 \u043f\u043e\u0434\u043d\u0438\u043c\u0430\u044e\u0442 703 S3 \u043d\u0430 \u0441\u043e\u0432\u0435\u0440\u0448\u0435\u043d\u043d\u043e \u043d\u043e\u0432\u044b\u0435 \u0432\u044b\u0441\u043e\u0442\u044b \u043f\u0440\u043e\u0438\u0437\u0432\u043e\u0434\u0438\u0442\u0435\u043b\u044c\u043d\u043e\u0441\u0442\u0438.<\/p>\n<p><strong style=\"color: green;\">\u0415\u0441\u0442\u044c \u043d\u0430 \u043c\u0435\u0441\u0442\u0435!<\/strong><\/p>\n","protected":false},"featured_media":23410,"template":"","meta":[],"product_cat":[565,538,376,379],"product_tag":[],"yoast_head":"<!-- This site is optimized with the Yoast SEO plugin v17.5 - https:\/\/yoast.com\/wordpress\/plugins\/seo\/ -->\n<title>Bowers &amp; Wilkins 703 S3 (\u043f\u0430\u0440\u0430) - StereoPlus<\/title>\n<meta name=\"robots\" content=\"index, follow, max-snippet:-1, max-image-preview:large, max-video-preview:-1\" \/>\n<link rel=\"canonical\" href=\"https:\/\/stereoplus.lv\/ru\/product\/bowers-wilkins-703-s3-floorstanding-speaker-paris\/\" \/>\n<meta property=\"og:locale\" content=\"ru_RU\" \/>\n<meta property=\"og:type\" content=\"article\" \/>\n<meta property=\"og:title\" content=\"Bowers &amp; Wilkins 703 S3 (\u043f\u0430\u0440\u0430) - StereoPlus\" \/>\n<meta property=\"og:description\" content=\"\u041d\u0430\u043f\u043e\u043b\u044c\u043d\u044b\u0439 \u0434\u0438\u043d\u0430\u043c\u0438\u043a Bowers &amp; Wilkins 703 S3 \u0438\u0434\u0435\u0430\u043b\u044c\u043d\u043e \u043f\u043e\u0434\u0445\u043e\u0434\u0438\u0442 \u0434\u043b\u044f \u0441\u0442\u0435\u0440\u0435\u043e\u0441\u0438\u0441\u0442\u0435\u043c\u044b \u0438 \u0434\u043e\u043c\u0430\u0448\u043d\u0435\u0433\u043e \u043a\u0438\u043d\u043e\u0442\u0435\u0430\u0442\u0440\u0430 \u0432 \u043f\u043e\u043c\u0435\u0449\u0435\u043d\u0438\u044f\u0445 \u0441\u0440\u0435\u0434\u043d\u0435\u0433\u043e \u0438 \u0431\u043e\u043b\u044c\u0448\u043e\u0433\u043e \u0440\u0430\u0437\u043c\u0435\u0440\u0430. \u0412\u044b \u043c\u043e\u0436\u0435\u0442\u0435 \u0438\u0441\u043f\u043e\u043b\u044c\u0437\u043e\u0432\u0430\u0442\u044c \u044d\u0442\u0438 \u043a\u043e\u043b\u043e\u043d\u043a\u0438 \u0430\u0443\u0434\u0438\u043e\u0444\u0438\u043b\u044c\u0441\u043a\u043e\u0433\u043e \u0443\u0440\u043e\u0432\u043d\u044f \u043a\u0430\u043a \u0430\u0432\u0442\u043e\u043d\u043e\u043c\u043d\u0443\u044e \u0441\u0442\u0435\u0440\u0435\u043e\u0441\u0438\u0441\u0442\u0435\u043c\u0443 \u0438\u043b\u0438 \u043a\u0430\u043a \u0447\u0430\u0441\u0442\u044c \u043c\u043d\u043e\u0433\u043e\u043a\u0430\u043d\u0430\u043b\u044c\u043d\u043e\u0439 \u0441\u0438\u0441\u0442\u0435\u043c\u044b \u0434\u043e\u043c\u0430\u0448\u043d\u0435\u0433\u043e \u043a\u0438\u043d\u043e\u0442\u0435\u0430\u0442\u0440\u0430 \u0441 \u043e\u0431\u044a\u0435\u043c\u043d\u044b\u043c \u0437\u0432\u0443\u043a\u043e\u043c. \u0415\u0433\u043e \u043d\u043e\u0432\u0430\u044f \u043a\u043e\u043d\u0444\u0438\u0433\u0443\u0440\u0430\u0446\u0438\u044f \u0432\u044b\u0441\u043e\u043a\u043e\u0447\u0430\u0441\u0442\u043e\u0442\u043d\u043e\u0433\u043e \u0434\u0438\u043d\u0430\u043c\u0438\u043a\u0430 \u0438 \u0440\u0435\u0432\u043e\u043b\u044e\u0446\u0438\u043e\u043d\u043d\u0430\u044f \u0431\u0438\u043e\u043c\u0438\u043c\u0435\u0442\u0438\u0447\u0435\u0441\u043a\u0430\u044f \u043f\u043e\u0434\u0432\u0435\u0441\u043a\u0430 \u0432 \u043e\u0442\u0434\u0435\u043b\u044c\u043d\u043e\u043c \u0441\u0440\u0435\u0434\u043d\u0435\u0447\u0430\u0441\u0442\u043e\u0442\u043d\u043e\u043c \u0434\u0438\u043d\u0430\u043c\u0438\u043a\u0435 \u0432 \u0441\u043e\u0432\u043e\u043a\u0443\u043f\u043d\u043e\u0441\u0442\u0438 \u043f\u043e\u0434\u043d\u0438\u043c\u0430\u044e\u0442 703 S3 \u043d\u0430 \u0441\u043e\u0432\u0435\u0440\u0448\u0435\u043d\u043d\u043e \u043d\u043e\u0432\u044b\u0435 \u0432\u044b\u0441\u043e\u0442\u044b \u043f\u0440\u043e\u0438\u0437\u0432\u043e\u0434\u0438\u0442\u0435\u043b\u044c\u043d\u043e\u0441\u0442\u0438.  \u0415\u0441\u0442\u044c \u043d\u0430 \u043c\u0435\u0441\u0442\u0435!\" \/>\n<meta property=\"og:url\" content=\"https:\/\/stereoplus.lv\/ru\/product\/bowers-wilkins-703-s3-floorstanding-speaker-paris\/\" \/>\n<meta property=\"og:site_name\" content=\"StereoPlus\" \/>\n<meta property=\"article:modified_time\" content=\"2023-09-01T13:14:16+00:00\" \/>\n<meta property=\"og:image\" content=\"https:\/\/stereoplus.lv\/wp-content\/uploads\/2023\/08\/Bowers-Wilkins-703-S3-Floorstanding-Speaker-Black-900x900.jpg\" \/>\n\t<meta property=\"og:image:width\" content=\"900\" \/>\n\t<meta property=\"og:image:height\" content=\"900\" \/>\n<meta name=\"twitter:card\" content=\"summary_large_image\" \/>\n<meta name=\"twitter:label1\" content=\"\u041f\u0440\u0438\u043c\u0435\u0440\u043d\u043e\u0435 \u0432\u0440\u0435\u043c\u044f \u0434\u043b\u044f \u0447\u0442\u0435\u043d\u0438\u044f\" \/>\n\t<meta name=\"twitter:data1\" content=\"1 \u043c\u0438\u043d\u0443\u0442\u0430\" \/>\n<script type=\"application\/ld+json\" class=\"yoast-schema-graph\">{\"@context\":\"https:\/\/schema.org\",\"@graph\":[{\"@type\":\"WebSite\",\"@id\":\"https:\/\/stereoplus.lv\/#website\",\"url\":\"https:\/\/stereoplus.lv\/\",\"name\":\"StereoPlus\",\"description\":\"\",\"potentialAction\":[{\"@type\":\"SearchAction\",\"target\":{\"@type\":\"EntryPoint\",\"urlTemplate\":\"https:\/\/stereoplus.lv\/?s={search_term_string}\"},\"query-input\":\"required name=search_term_string\"}],\"inLanguage\":\"ru-RU\"},{\"@type\":\"ImageObject\",\"@id\":\"https:\/\/stereoplus.lv\/ru\/product\/bowers-wilkins-703-s3-floorstanding-speaker-paris\/#primaryimage\",\"inLanguage\":\"ru-RU\",\"url\":\"https:\/\/stereoplus.lv\/wp-content\/uploads\/2023\/08\/Bowers-Wilkins-703-S3-Floorstanding-Speaker-Black-900x900.jpg\",\"contentUrl\":\"https:\/\/stereoplus.lv\/wp-content\/uploads\/2023\/08\/Bowers-Wilkins-703-S3-Floorstanding-Speaker-Black-900x900.jpg\",\"width\":900,\"height\":900},{\"@type\":\"WebPage\",\"@id\":\"https:\/\/stereoplus.lv\/ru\/product\/bowers-wilkins-703-s3-floorstanding-speaker-paris\/#webpage\",\"url\":\"https:\/\/stereoplus.lv\/ru\/product\/bowers-wilkins-703-s3-floorstanding-speaker-paris\/\",\"name\":\"Bowers & Wilkins 703 S3 (\\u043f\\u0430\\u0440\\u0430) - StereoPlus\",\"isPartOf\":{\"@id\":\"https:\/\/stereoplus.lv\/#website\"},\"primaryImageOfPage\":{\"@id\":\"https:\/\/stereoplus.lv\/ru\/product\/bowers-wilkins-703-s3-floorstanding-speaker-paris\/#primaryimage\"},\"datePublished\":\"2023-08-25T13:36:19+00:00\",\"dateModified\":\"2023-09-01T13:14:16+00:00\",\"breadcrumb\":{\"@id\":\"https:\/\/stereoplus.lv\/ru\/product\/bowers-wilkins-703-s3-floorstanding-speaker-paris\/#breadcrumb\"},\"inLanguage\":\"ru-RU\",\"potentialAction\":[{\"@type\":\"ReadAction\",\"target\":[\"https:\/\/stereoplus.lv\/ru\/product\/bowers-wilkins-703-s3-floorstanding-speaker-paris\/\"]}]},{\"@type\":\"BreadcrumbList\",\"@id\":\"https:\/\/stereoplus.lv\/ru\/product\/bowers-wilkins-703-s3-floorstanding-speaker-paris\/#breadcrumb\",\"itemListElement\":[{\"@type\":\"ListItem\",\"position\":1,\"name\":\"Home\",\"item\":\"https:\/\/stereoplus.lv\/ru\/\"},{\"@type\":\"ListItem\",\"position\":2,\"name\":\"\\u041f\\u0440\\u043e\\u0434\\u0443\\u043a\\u0442\",\"item\":\"https:\/\/stereoplus.lv\/ru\/shop\/\"},{\"@type\":\"ListItem\",\"position\":3,\"name\":\"Bowers &#038; Wilkins 703 S3 (\\u043f\\u0430\\u0440\\u0430)\"}]}]}<\/script>\n<!-- \/ Yoast SEO plugin. -->","yoast_head_json":{"title":"Bowers & Wilkins 703 S3 (\u043f\u0430\u0440\u0430) - StereoPlus","robots":{"index":"index","follow":"follow","max-snippet":"max-snippet:-1","max-image-preview":"max-image-preview:large","max-video-preview":"max-video-preview:-1"},"canonical":"https:\/\/stereoplus.lv\/ru\/product\/bowers-wilkins-703-s3-floorstanding-speaker-paris\/","og_locale":"ru_RU","og_type":"article","og_title":"Bowers & Wilkins 703 S3 (\u043f\u0430\u0440\u0430) - StereoPlus","og_description":"\u041d\u0430\u043f\u043e\u043b\u044c\u043d\u044b\u0439 \u0434\u0438\u043d\u0430\u043c\u0438\u043a Bowers &amp; Wilkins 703 S3 \u0438\u0434\u0435\u0430\u043b\u044c\u043d\u043e \u043f\u043e\u0434\u0445\u043e\u0434\u0438\u0442 \u0434\u043b\u044f \u0441\u0442\u0435\u0440\u0435\u043e\u0441\u0438\u0441\u0442\u0435\u043c\u044b \u0438 \u0434\u043e\u043c\u0430\u0448\u043d\u0435\u0433\u043e \u043a\u0438\u043d\u043e\u0442\u0435\u0430\u0442\u0440\u0430 \u0432 \u043f\u043e\u043c\u0435\u0449\u0435\u043d\u0438\u044f\u0445 \u0441\u0440\u0435\u0434\u043d\u0435\u0433\u043e \u0438 \u0431\u043e\u043b\u044c\u0448\u043e\u0433\u043e \u0440\u0430\u0437\u043c\u0435\u0440\u0430. \u0412\u044b \u043c\u043e\u0436\u0435\u0442\u0435 \u0438\u0441\u043f\u043e\u043b\u044c\u0437\u043e\u0432\u0430\u0442\u044c \u044d\u0442\u0438 \u043a\u043e\u043b\u043e\u043d\u043a\u0438 \u0430\u0443\u0434\u0438\u043e\u0444\u0438\u043b\u044c\u0441\u043a\u043e\u0433\u043e \u0443\u0440\u043e\u0432\u043d\u044f \u043a\u0430\u043a \u0430\u0432\u0442\u043e\u043d\u043e\u043c\u043d\u0443\u044e \u0441\u0442\u0435\u0440\u0435\u043e\u0441\u0438\u0441\u0442\u0435\u043c\u0443 \u0438\u043b\u0438 \u043a\u0430\u043a \u0447\u0430\u0441\u0442\u044c \u043c\u043d\u043e\u0433\u043e\u043a\u0430\u043d\u0430\u043b\u044c\u043d\u043e\u0439 \u0441\u0438\u0441\u0442\u0435\u043c\u044b \u0434\u043e\u043c\u0430\u0448\u043d\u0435\u0433\u043e \u043a\u0438\u043d\u043e\u0442\u0435\u0430\u0442\u0440\u0430 \u0441 \u043e\u0431\u044a\u0435\u043c\u043d\u044b\u043c \u0437\u0432\u0443\u043a\u043e\u043c. \u0415\u0433\u043e \u043d\u043e\u0432\u0430\u044f \u043a\u043e\u043d\u0444\u0438\u0433\u0443\u0440\u0430\u0446\u0438\u044f \u0432\u044b\u0441\u043e\u043a\u043e\u0447\u0430\u0441\u0442\u043e\u0442\u043d\u043e\u0433\u043e \u0434\u0438\u043d\u0430\u043c\u0438\u043a\u0430 \u0438 \u0440\u0435\u0432\u043e\u043b\u044e\u0446\u0438\u043e\u043d\u043d\u0430\u044f \u0431\u0438\u043e\u043c\u0438\u043c\u0435\u0442\u0438\u0447\u0435\u0441\u043a\u0430\u044f \u043f\u043e\u0434\u0432\u0435\u0441\u043a\u0430 \u0432 \u043e\u0442\u0434\u0435\u043b\u044c\u043d\u043e\u043c \u0441\u0440\u0435\u0434\u043d\u0435\u0447\u0430\u0441\u0442\u043e\u0442\u043d\u043e\u043c \u0434\u0438\u043d\u0430\u043c\u0438\u043a\u0435 \u0432 \u0441\u043e\u0432\u043e\u043a\u0443\u043f\u043d\u043e\u0441\u0442\u0438 \u043f\u043e\u0434\u043d\u0438\u043c\u0430\u044e\u0442 703 S3 \u043d\u0430 \u0441\u043e\u0432\u0435\u0440\u0448\u0435\u043d\u043d\u043e \u043d\u043e\u0432\u044b\u0435 \u0432\u044b\u0441\u043e\u0442\u044b \u043f\u0440\u043e\u0438\u0437\u0432\u043e\u0434\u0438\u0442\u0435\u043b\u044c\u043d\u043e\u0441\u0442\u0438.  \u0415\u0441\u0442\u044c \u043d\u0430 \u043c\u0435\u0441\u0442\u0435!","og_url":"https:\/\/stereoplus.lv\/ru\/product\/bowers-wilkins-703-s3-floorstanding-speaker-paris\/","og_site_name":"StereoPlus","article_modified_time":"2023-09-01T13:14:16+00:00","og_image":[{"width":900,"height":900,"url":"https:\/\/stereoplus.lv\/wp-content\/uploads\/2023\/08\/Bowers-Wilkins-703-S3-Floorstanding-Speaker-Black-900x900.jpg","type":"image\/jpeg"}],"twitter_card":"summary_large_image","twitter_misc":{"\u041f\u0440\u0438\u043c\u0435\u0440\u043d\u043e\u0435 \u0432\u0440\u0435\u043c\u044f \u0434\u043b\u044f \u0447\u0442\u0435\u043d\u0438\u044f":"1 \u043c\u0438\u043d\u0443\u0442\u0430"},"schema":{"@context":"https:\/\/schema.org","@graph":[{"@type":"WebSite","@id":"https:\/\/stereoplus.lv\/#website","url":"https:\/\/stereoplus.lv\/","name":"StereoPlus","description":"","potentialAction":[{"@type":"SearchAction","target":{"@type":"EntryPoint","urlTemplate":"https:\/\/stereoplus.lv\/?s={search_term_string}"},"query-input":"required name=search_term_string"}],"inLanguage":"ru-RU"},{"@type":"ImageObject","@id":"https:\/\/stereoplus.lv\/ru\/product\/bowers-wilkins-703-s3-floorstanding-speaker-paris\/#primaryimage","inLanguage":"ru-RU","url":"https:\/\/stereoplus.lv\/wp-content\/uploads\/2023\/08\/Bowers-Wilkins-703-S3-Floorstanding-Speaker-Black-900x900.jpg","contentUrl":"https:\/\/stereoplus.lv\/wp-content\/uploads\/2023\/08\/Bowers-Wilkins-703-S3-Floorstanding-Speaker-Black-900x900.jpg","width":900,"height":900},{"@type":"WebPage","@id":"https:\/\/stereoplus.lv\/ru\/product\/bowers-wilkins-703-s3-floorstanding-speaker-paris\/#webpage","url":"https:\/\/stereoplus.lv\/ru\/product\/bowers-wilkins-703-s3-floorstanding-speaker-paris\/","name":"Bowers & Wilkins 703 S3 (\u043f\u0430\u0440\u0430) - StereoPlus","isPartOf":{"@id":"https:\/\/stereoplus.lv\/#website"},"primaryImageOfPage":{"@id":"https:\/\/stereoplus.lv\/ru\/product\/bowers-wilkins-703-s3-floorstanding-speaker-paris\/#primaryimage"},"datePublished":"2023-08-25T13:36:19+00:00","dateModified":"2023-09-01T13:14:16+00:00","breadcrumb":{"@id":"https:\/\/stereoplus.lv\/ru\/product\/bowers-wilkins-703-s3-floorstanding-speaker-paris\/#breadcrumb"},"inLanguage":"ru-RU","potentialAction":[{"@type":"ReadAction","target":["https:\/\/stereoplus.lv\/ru\/product\/bowers-wilkins-703-s3-floorstanding-speaker-paris\/"]}]},{"@type":"BreadcrumbList","@id":"https:\/\/stereoplus.lv\/ru\/product\/bowers-wilkins-703-s3-floorstanding-speaker-paris\/#breadcrumb","itemListElement":[{"@type":"ListItem","position":1,"name":"Home","item":"https:\/\/stereoplus.lv\/ru\/"},{"@type":"ListItem","position":2,"name":"\u041f\u0440\u043e\u0434\u0443\u043a\u0442","item":"https:\/\/stereoplus.lv\/ru\/shop\/"},{"@type":"ListItem","position":3,"name":"Bowers &#038; Wilkins 703 S3 (\u043f\u0430\u0440\u0430)"}]}]}},"_links":{"self":[{"href":"https:\/\/stereoplus.lv\/ru\/wp-json\/wp\/v2\/product\/23411"}],"collection":[{"href":"https:\/\/stereoplus.lv\/ru\/wp-json\/wp\/v2\/product"}],"about":[{"href":"https:\/\/stereoplus.lv\/ru\/wp-json\/wp\/v2\/types\/product"}],"wp:featuredmedia":[{"embeddable":true,"href":"https:\/\/stereoplus.lv\/ru\/wp-json\/wp\/v2\/media\/23410"}],"wp:attachment":[{"href":"https:\/\/stereoplus.lv\/ru\/wp-json\/wp\/v2\/media?parent=23411"}],"wp:term":[{"taxonomy":"product_cat","embeddable":true,"href":"https:\/\/stereoplus.lv\/ru\/wp-json\/wp\/v2\/product_cat?post=23411"},{"taxonomy":"product_tag","embeddable":true,"href":"https:\/\/stereoplus.lv\/ru\/wp-json\/wp\/v2\/product_tag?post=23411"}],"curies":[{"name":"wp","href":"https:\/\/api.w.org\/{rel}","templated":true}]}}