{"id":26009,"date":"2024-02-05T22:34:22","date_gmt":"2024-02-05T22:34:22","guid":{"rendered":"https:\/\/stereoplus.lv\/product\/kef-lsx-ii-lt-komplekts\/"},"modified":"2024-02-05T22:37:19","modified_gmt":"2024-02-05T22:37:19","slug":"kef-lsx-ii-lt-komplekt","status":"publish","type":"product","link":"https:\/\/stereoplus.lv\/ru\/product\/kef-lsx-ii-lt-komplekt\/","title":{"rendered":"KEF LSX II LT (\u043a\u043e\u043c\u043f\u043b\u0435\u043a\u0442)"},"content":{"rendered":"<div id=\"iuxgt7n\" class=\"basic_column cms_precision\" data-highlightable=\"1\" data-column-type=\"true\">\n<div id=\"igye90p\" class=\"cms_precision\" data-gjs-component=\"section\" data-gjs-selectable=\"\" data-gjs-removable=\"\" data-gjs-editable=\"\" data-highlightable=\"1\">\n<div id=\"i3a35om\" data-highlightable=\"1\"><strong>Drive units\u00a0(per speaker)<\/strong><\/div>\n<div id=\"i9zuqf3\" data-highlightable=\"1\">Uni-Q driver array:<br \/>\nHF: 19mm (0.75in.) aluminium dome<br \/>\nLF\/MF: 115mm (4.5in.) magnesium\/aluminium alloy cone<\/div>\n<\/div>\n<div id=\"iy4t2g1\" class=\"cms_precision\" data-gjs-component=\"section\" data-gjs-selectable=\"\" data-gjs-removable=\"\" data-gjs-editable=\"\" data-highlightable=\"1\">\n<div data-highlightable=\"1\"><\/div>\n<div id=\"i76o49l\" data-highlightable=\"1\"><strong>Frequency range (-6dB) measured at 85dB\/1m<\/strong><\/div>\n<div id=\"ih7qodk\" data-highlightable=\"1\">49Hz \u2013 47kHz<br \/>\n*Depends on EQ settings<\/div>\n<\/div>\n<div id=\"i400pdl\" class=\"cms_precision\" data-gjs-component=\"section\" data-gjs-selectable=\"\" data-gjs-removable=\"\" data-gjs-editable=\"\" data-highlightable=\"1\">\n<div data-highlightable=\"1\"><\/div>\n<div id=\"iq42s8m\" data-highlightable=\"1\"><strong>Frequency response (\u00b13dB) measured at 85dB\/1m\u00a0<\/strong><\/div>\n<div id=\"ier2meg\" data-highlightable=\"1\">54Hz \u2013 28kHz<br \/>\n*Depends on EQ settings<\/div>\n<\/div>\n<div id=\"ica1n7j\" class=\"cms_precision\" data-gjs-component=\"section\" data-gjs-selectable=\"\" data-gjs-removable=\"\" data-gjs-editable=\"\" data-highlightable=\"1\">\n<div data-highlightable=\"1\"><\/div>\n<div id=\"ikkogb3\" data-highlightable=\"1\"><strong>Amplifier output power (per speaker)<\/strong><\/div>\n<div id=\"icyvqkv\" data-highlightable=\"1\">LF: 70W<br \/>\nHF: 30W<\/div>\n<\/div>\n<div id=\"ip38hkl\" class=\"cms_precision\" data-gjs-component=\"section\" data-gjs-selectable=\"\" data-gjs-removable=\"\" data-gjs-editable=\"\" data-highlightable=\"1\">\n<div data-highlightable=\"1\"><\/div>\n<div id=\"i76sp9z\" data-highlightable=\"1\"><strong>Amplifier class (per speaker)<\/strong><\/div>\n<div id=\"iiy9z7q\" data-highlightable=\"1\">LF: Class D<br \/>\nHF: Class D<\/div>\n<\/div>\n<div id=\"ify2cpx\" class=\"cms_precision\" data-gjs-component=\"section\" data-gjs-selectable=\"\" data-gjs-removable=\"\" data-gjs-editable=\"\" data-highlightable=\"1\">\n<div data-highlightable=\"1\"><\/div>\n<div id=\"i8h1def\" data-highlightable=\"1\"><strong>Max SPL measured at 1m<\/strong><\/div>\n<div id=\"isrs803\" data-highlightable=\"1\">102 dB<\/div>\n<\/div>\n<div id=\"ix6vi0j\" class=\"cms_precision\" data-gjs-component=\"section\" data-gjs-selectable=\"\" data-gjs-removable=\"\" data-gjs-editable=\"\" data-highlightable=\"1\">\n<div data-highlightable=\"1\"><\/div>\n<div id=\"ikbdy8e\" data-highlightable=\"1\"><strong>Wireless streaming features<\/strong><\/div>\n<div id=\"iwffumx\" data-highlightable=\"1\">AirPlay 2<br data-gjs-type=\"default\" \/>Google Chromecast<br \/>\nChromecast\u00a0<br data-gjs-type=\"default\" \/>UPnP Compatible\u00a0<br data-gjs-type=\"default\" \/>Bluetooth 5.0<\/div>\n<\/div>\n<\/div>\n<div id=\"i0xh66m\" class=\"basic_column cms_precision\" data-highlightable=\"1\" data-column-type=\"true\">\n<div id=\"i6mosse\" class=\"cms_precision\" data-gjs-component=\"section\" data-gjs-selectable=\"\" data-gjs-removable=\"\" data-gjs-editable=\"\" data-highlightable=\"1\">\n<div data-highlightable=\"1\"><\/div>\n<div id=\"iqfcx4l\" data-highlightable=\"1\"><strong>Streaming services<\/strong><\/div>\n<div id=\"ioy3au7\" data-highlightable=\"1\">Spotify via Spotify Connect<br \/>\nTidal via Tidal Connect<br \/>\nAmazon Music<br \/>\nQobuz<br \/>\nDeezer<br \/>\nQQ Music via QPlay<br \/>\nInternet Radio<br \/>\nPodcast<br \/>\n*Depends on services availability in different countries<\/div>\n<\/div>\n<div id=\"i6w30uy\" class=\"cms_precision\" data-gjs-component=\"section\" data-gjs-selectable=\"\" data-gjs-removable=\"\" data-gjs-editable=\"\" data-highlightable=\"1\">\n<div data-highlightable=\"1\"><\/div>\n<div id=\"i5s9r65\" data-highlightable=\"1\"><strong>Source resolution<\/strong><\/div>\n<div id=\"ihbp8n3\" data-highlightable=\"1\">Network up to 384kHz\/24bit<br \/>\nOptical up to 96kHz\/24bit<br \/>\nUSB Type C up to 96kHz\/24bit<br \/>\nHDMI up to 48kHz\/ 16bit<br \/>\n*Depends on source resolution<\/div>\n<\/div>\n<div id=\"ijijyyz\" class=\"cms_precision\" data-gjs-component=\"section\" data-gjs-selectable=\"\" data-gjs-removable=\"\" data-gjs-editable=\"\" data-highlightable=\"1\">\n<div data-highlightable=\"1\"><\/div>\n<div id=\"iuy74au\" data-highlightable=\"1\"><strong>Interspeaker connection<\/strong><\/div>\n<div id=\"irpdsgg\" data-highlightable=\"1\">Wired: all sources resampled to 96kHz\/24bit PCM<\/div>\n<\/div>\n<div id=\"i80lcjf\" class=\"cms_precision\" data-gjs-component=\"section\" data-gjs-selectable=\"\" data-gjs-removable=\"\" data-gjs-editable=\"\" data-highlightable=\"1\">\n<div data-highlightable=\"1\"><\/div>\n<div id=\"il1bf15\" data-highlightable=\"1\"><strong>Supported format (network)<\/strong><\/div>\n<div id=\"iub90hh\" data-highlightable=\"1\">DSD, FLAC, WAV, AIFF, ALAC, AAC, WMA, MP3, M4A, LPCM and Ogg Vorbis<\/div>\n<\/div>\n<div id=\"iu85lmx\" class=\"cms_precision\" data-gjs-component=\"section\" data-gjs-selectable=\"\" data-gjs-removable=\"\" data-gjs-editable=\"\" data-highlightable=\"1\">\n<div data-highlightable=\"1\"><\/div>\n<div id=\"iv2cycl\" data-highlightable=\"1\"><strong>Dimensions (HxWxD per speaker)<\/strong><\/div>\n<div id=\"in51u8s\" data-highlightable=\"1\">240 \u00d7 155 \u00d7 180 mm (9.5 \u00d7 6.1 \u00d7 7.1 in.)<\/div>\n<\/div>\n<div id=\"ittkn66\" class=\"cms_precision\" data-gjs-component=\"section\" data-gjs-selectable=\"\" data-gjs-removable=\"\" data-gjs-editable=\"\" data-highlightable=\"1\">\n<div data-highlightable=\"1\"><\/div>\n<div id=\"ilyqg67\" data-highlightable=\"1\"><strong>Weight (per set)<\/strong><\/div>\n<div id=\"i8fxgxv\" data-highlightable=\"1\">6.8kg (15.0lbs)<\/div>\n<\/div>\n<\/div>\n<div id=\"i81n3yk\" class=\"basic_column cms_precision\" data-highlightable=\"1\" data-column-type=\"true\">\n<div id=\"ipwvnqk\" class=\"cms_precision\" data-gjs-component=\"section\" data-gjs-selectable=\"\" data-gjs-removable=\"\" data-gjs-editable=\"\" data-highlightable=\"1\">\n<div data-highlightable=\"1\"><\/div>\n<div id=\"il5i0ta\" data-highlightable=\"1\"><strong>Power input<\/strong><\/div>\n<div id=\"iwfmise\" data-highlightable=\"1\">100 \u2013 240VAC 50\/60Hz<\/div>\n<\/div>\n<div id=\"iaytoq4\" class=\"cms_precision\" data-gjs-component=\"section\" data-gjs-selectable=\"\" data-gjs-removable=\"\" data-gjs-editable=\"\" data-highlightable=\"1\">\n<div data-highlightable=\"1\"><\/div>\n<div id=\"iy8xqmb\" data-highlightable=\"1\"><strong>Power consumption<\/strong><\/div>\n<div id=\"itsxlbj\" data-highlightable=\"1\">200W (operating power)<br \/>\n&lt;2.0W (standby power)<\/div>\n<\/div>\n<div id=\"igfy8rj\" class=\"cms_precision\" data-gjs-component=\"section\" data-gjs-selectable=\"\" data-gjs-removable=\"\" data-gjs-editable=\"\" data-highlightable=\"1\">\n<div data-highlightable=\"1\"><\/div>\n<div id=\"ibzkj7z\" data-highlightable=\"1\"><strong>Inputs<\/strong><\/div>\n<div id=\"ip06ndk\" data-highlightable=\"1\">HDMI ARC<br \/>\nTOSLINK Optical<br \/>\nUSB Type C<br \/>\nRJ45 Ethernet (network)<br \/>\nUSB Type C (interspeaker)*<\/div>\n<\/div>\n<div id=\"i6eorh2\" class=\"cms_precision\" data-gjs-component=\"section\" data-gjs-selectable=\"\" data-gjs-removable=\"\" data-gjs-editable=\"\" data-highlightable=\"1\">\n<div data-highlightable=\"1\"><\/div>\n<div id=\"iqp1zjl\" data-highlightable=\"1\"><strong>Output<\/strong><\/div>\n<div id=\"ice2393\" data-highlightable=\"1\">RCA Subwoofer output<\/div>\n<\/div>\n<div id=\"i2pnati\" class=\"cms_precision\" data-gjs-component=\"section\" data-gjs-selectable=\"\" data-gjs-removable=\"\" data-gjs-editable=\"\" data-highlightable=\"1\">\n<div data-highlightable=\"1\"><\/div>\n<div id=\"ifpos97\" data-highlightable=\"1\"><strong>Wi-Fi network standard<\/strong><\/div>\n<div id=\"i9rrttf\" data-highlightable=\"1\">IEEE 802.11a\/b\/g\/n\/ac<br \/>\nIPv4, IPv6<\/div>\n<\/div>\n<div id=\"ipbpqcq\" class=\"cms_precision\" data-gjs-component=\"section\" data-gjs-selectable=\"\" data-gjs-removable=\"\" data-gjs-editable=\"\" data-highlightable=\"1\">\n<div data-highlightable=\"1\"><\/div>\n<div id=\"im02r9i\" data-highlightable=\"1\"><strong>Wi-Fi network frequency band<\/strong><\/div>\n<div id=\"i209sk8\" data-highlightable=\"1\">Dual-band 2.4 GHz \/ 5 GHz<\/div>\n<\/div>\n<\/div>\n","protected":false},"excerpt":{"rendered":"<p>LSX II LT \u0438\u0441\u043f\u043e\u043b\u044c\u0437\u0443\u0435\u0442 \u0442\u043e\u0442 \u0436\u0435 \u0437\u0430\u0445\u0432\u0430\u0442\u044b\u0432\u0430\u044e\u0449\u0438\u0439 \u0437\u0432\u0443\u043a High-Fidelity \u0438 \u043a\u043b\u044e\u0447\u0435\u0432\u044b\u0435 \u0442\u0435\u0445\u043d\u043e\u043b\u043e\u0433\u0438\u0438, \u0447\u0442\u043e \u0438 LSX II, \u043f\u043e \u0446\u0435\u043d\u0435, \u043a\u043e\u0442\u043e\u0440\u0430\u044f \u0432\u0430\u043c \u043f\u043e\u043d\u0440\u0430\u0432\u0438\u0442\u0441\u044f. \u042d\u0442\u0430 \u043a\u043e\u043c\u043f\u0430\u043a\u0442\u043d\u0430\u044f \u0431\u0435\u0441\u043f\u0440\u043e\u0432\u043e\u0434\u043d\u0430\u044f \u0430\u043a\u0443\u0441\u0442\u0438\u0447\u0435\u0441\u043a\u0430\u044f \u0441\u0438\u0441\u0442\u0435\u043c\u0430 HiFi, \u043e\u0441\u043d\u0430\u0449\u0435\u043d\u043d\u0430\u044f \u0442\u0435\u0445\u043d\u043e\u043b\u043e\u0433\u0438\u0435\u0439 Music Integrity Engine \u043e\u0442 KEF \u0438 \u0444\u0438\u0440\u043c\u0435\u043d\u043d\u044b\u043c \u043c\u0430\u0441\u0441\u0438\u0432\u043e\u043c \u0434\u0440\u0430\u0439\u0432\u0435\u0440\u043e\u0432 Uni-Q, \u043e\u0431\u0435\u0441\u043f\u0435\u0447\u0438\u0432\u0430\u0435\u0442 \u043d\u0435\u043f\u0440\u0435\u0432\u0437\u043e\u0439\u0434\u0435\u043d\u043d\u0443\u044e \u0447\u0438\u0441\u0442\u043e\u0442\u0443 \u0437\u0432\u0443\u043a\u0430.<\/p>\n<p>&nbsp;<\/p>\n","protected":false},"featured_media":26008,"template":"","meta":[],"product_cat":[538,376,380,377],"product_tag":[],"yoast_head":"<!-- This site is optimized with the Yoast SEO plugin v17.5 - https:\/\/yoast.com\/wordpress\/plugins\/seo\/ -->\n<title>KEF LSX II LT (\u043a\u043e\u043c\u043f\u043b\u0435\u043a\u0442) - StereoPlus<\/title>\n<meta name=\"robots\" content=\"index, follow, max-snippet:-1, max-image-preview:large, max-video-preview:-1\" \/>\n<link rel=\"canonical\" href=\"https:\/\/stereoplus.lv\/ru\/product\/kef-lsx-ii-lt-komplekt\/\" \/>\n<meta property=\"og:locale\" content=\"ru_RU\" \/>\n<meta property=\"og:type\" content=\"article\" \/>\n<meta property=\"og:title\" content=\"KEF LSX II LT (\u043a\u043e\u043c\u043f\u043b\u0435\u043a\u0442) - StereoPlus\" \/>\n<meta property=\"og:description\" content=\"LSX II LT \u0438\u0441\u043f\u043e\u043b\u044c\u0437\u0443\u0435\u0442 \u0442\u043e\u0442 \u0436\u0435 \u0437\u0430\u0445\u0432\u0430\u0442\u044b\u0432\u0430\u044e\u0449\u0438\u0439 \u0437\u0432\u0443\u043a High-Fidelity \u0438 \u043a\u043b\u044e\u0447\u0435\u0432\u044b\u0435 \u0442\u0435\u0445\u043d\u043e\u043b\u043e\u0433\u0438\u0438, \u0447\u0442\u043e \u0438 LSX II, \u043f\u043e \u0446\u0435\u043d\u0435, \u043a\u043e\u0442\u043e\u0440\u0430\u044f \u0432\u0430\u043c \u043f\u043e\u043d\u0440\u0430\u0432\u0438\u0442\u0441\u044f. \u042d\u0442\u0430 \u043a\u043e\u043c\u043f\u0430\u043a\u0442\u043d\u0430\u044f \u0431\u0435\u0441\u043f\u0440\u043e\u0432\u043e\u0434\u043d\u0430\u044f \u0430\u043a\u0443\u0441\u0442\u0438\u0447\u0435\u0441\u043a\u0430\u044f \u0441\u0438\u0441\u0442\u0435\u043c\u0430 HiFi, \u043e\u0441\u043d\u0430\u0449\u0435\u043d\u043d\u0430\u044f \u0442\u0435\u0445\u043d\u043e\u043b\u043e\u0433\u0438\u0435\u0439 Music Integrity Engine \u043e\u0442 KEF \u0438 \u0444\u0438\u0440\u043c\u0435\u043d\u043d\u044b\u043c \u043c\u0430\u0441\u0441\u0438\u0432\u043e\u043c \u0434\u0440\u0430\u0439\u0432\u0435\u0440\u043e\u0432 Uni-Q, \u043e\u0431\u0435\u0441\u043f\u0435\u0447\u0438\u0432\u0430\u0435\u0442 \u043d\u0435\u043f\u0440\u0435\u0432\u0437\u043e\u0439\u0434\u0435\u043d\u043d\u0443\u044e \u0447\u0438\u0441\u0442\u043e\u0442\u0443 \u0437\u0432\u0443\u043a\u0430.  &nbsp;\" \/>\n<meta property=\"og:url\" content=\"https:\/\/stereoplus.lv\/ru\/product\/kef-lsx-ii-lt-komplekt\/\" \/>\n<meta property=\"og:site_name\" content=\"StereoPlus\" \/>\n<meta property=\"article:modified_time\" content=\"2024-02-05T22:37:19+00:00\" \/>\n<meta name=\"twitter:card\" content=\"summary_large_image\" \/>\n<meta name=\"twitter:image\" content=\"https:\/\/stereoplus.lv\/wp-content\/uploads\/2024\/02\/KEF-lsx2-lt-sage-green-pair-front-and-back-angle.webp\" \/>\n<meta name=\"twitter:label1\" content=\"\u041f\u0440\u0438\u043c\u0435\u0440\u043d\u043e\u0435 \u0432\u0440\u0435\u043c\u044f \u0434\u043b\u044f \u0447\u0442\u0435\u043d\u0438\u044f\" \/>\n\t<meta name=\"twitter:data1\" content=\"1 \u043c\u0438\u043d\u0443\u0442\u0430\" \/>\n<script type=\"application\/ld+json\" class=\"yoast-schema-graph\">{\"@context\":\"https:\/\/schema.org\",\"@graph\":[{\"@type\":\"WebSite\",\"@id\":\"https:\/\/stereoplus.lv\/#website\",\"url\":\"https:\/\/stereoplus.lv\/\",\"name\":\"StereoPlus\",\"description\":\"\",\"potentialAction\":[{\"@type\":\"SearchAction\",\"target\":{\"@type\":\"EntryPoint\",\"urlTemplate\":\"https:\/\/stereoplus.lv\/?s={search_term_string}\"},\"query-input\":\"required name=search_term_string\"}],\"inLanguage\":\"ru-RU\"},{\"@type\":\"ImageObject\",\"@id\":\"https:\/\/stereoplus.lv\/ru\/product\/kef-lsx-ii-lt-komplekt\/#primaryimage\",\"inLanguage\":\"ru-RU\",\"url\":\"https:\/\/stereoplus.lv\/wp-content\/uploads\/2024\/02\/KEF-lsx2-lt-sage-green-pair-front-and-back-angle.webp\",\"contentUrl\":\"https:\/\/stereoplus.lv\/wp-content\/uploads\/2024\/02\/KEF-lsx2-lt-sage-green-pair-front-and-back-angle.webp\",\"width\":1200,\"height\":1200,\"caption\":\"\\u041f\\u0440\\u0435\\u0432\\u043e\\u0441\\u0445\\u043e\\u0434\\u043d\\u043e\\u0435 \\u043a\\u0430\\u0447\\u0435\\u0441\\u0442\\u0432\\u043e \\u0437\\u0432\\u0443\\u043a\\u0430 \\u0438 \\u0441\\u0442\\u0438\\u043b\\u044c\\u043d\\u044b\\u0439 \\u0434\\u0438\\u0437\\u0430\\u0439\\u043d \\u2014 \\u0434\\u0438\\u043d\\u0430\\u043c\\u0438\\u043a\\u0438 KEF LSX2 lt \\u0437\\u0435\\u043b\\u0435\\u043d\\u043e\\u0433\\u043e \\u0446\\u0432\\u0435\\u0442\\u0430.\"},{\"@type\":\"WebPage\",\"@id\":\"https:\/\/stereoplus.lv\/ru\/product\/kef-lsx-ii-lt-komplekt\/#webpage\",\"url\":\"https:\/\/stereoplus.lv\/ru\/product\/kef-lsx-ii-lt-komplekt\/\",\"name\":\"KEF LSX II LT (\\u043a\\u043e\\u043c\\u043f\\u043b\\u0435\\u043a\\u0442) - StereoPlus\",\"isPartOf\":{\"@id\":\"https:\/\/stereoplus.lv\/#website\"},\"primaryImageOfPage\":{\"@id\":\"https:\/\/stereoplus.lv\/ru\/product\/kef-lsx-ii-lt-komplekt\/#primaryimage\"},\"datePublished\":\"2024-02-05T22:34:22+00:00\",\"dateModified\":\"2024-02-05T22:37:19+00:00\",\"breadcrumb\":{\"@id\":\"https:\/\/stereoplus.lv\/ru\/product\/kef-lsx-ii-lt-komplekt\/#breadcrumb\"},\"inLanguage\":\"ru-RU\",\"potentialAction\":[{\"@type\":\"ReadAction\",\"target\":[\"https:\/\/stereoplus.lv\/ru\/product\/kef-lsx-ii-lt-komplekt\/\"]}]},{\"@type\":\"BreadcrumbList\",\"@id\":\"https:\/\/stereoplus.lv\/ru\/product\/kef-lsx-ii-lt-komplekt\/#breadcrumb\",\"itemListElement\":[{\"@type\":\"ListItem\",\"position\":1,\"name\":\"Home\",\"item\":\"https:\/\/stereoplus.lv\/ru\/\"},{\"@type\":\"ListItem\",\"position\":2,\"name\":\"\\u041f\\u0440\\u043e\\u0434\\u0443\\u043a\\u0442\",\"item\":\"https:\/\/stereoplus.lv\/ru\/shop\/\"},{\"@type\":\"ListItem\",\"position\":3,\"name\":\"KEF LSX II LT (\\u043a\\u043e\\u043c\\u043f\\u043b\\u0435\\u043a\\u0442)\"}]}]}<\/script>\n<!-- \/ Yoast SEO plugin. -->","yoast_head_json":{"title":"KEF LSX II LT (\u043a\u043e\u043c\u043f\u043b\u0435\u043a\u0442) - StereoPlus","robots":{"index":"index","follow":"follow","max-snippet":"max-snippet:-1","max-image-preview":"max-image-preview:large","max-video-preview":"max-video-preview:-1"},"canonical":"https:\/\/stereoplus.lv\/ru\/product\/kef-lsx-ii-lt-komplekt\/","og_locale":"ru_RU","og_type":"article","og_title":"KEF LSX II LT (\u043a\u043e\u043c\u043f\u043b\u0435\u043a\u0442) - StereoPlus","og_description":"LSX II LT \u0438\u0441\u043f\u043e\u043b\u044c\u0437\u0443\u0435\u0442 \u0442\u043e\u0442 \u0436\u0435 \u0437\u0430\u0445\u0432\u0430\u0442\u044b\u0432\u0430\u044e\u0449\u0438\u0439 \u0437\u0432\u0443\u043a High-Fidelity \u0438 \u043a\u043b\u044e\u0447\u0435\u0432\u044b\u0435 \u0442\u0435\u0445\u043d\u043e\u043b\u043e\u0433\u0438\u0438, \u0447\u0442\u043e \u0438 LSX II, \u043f\u043e \u0446\u0435\u043d\u0435, \u043a\u043e\u0442\u043e\u0440\u0430\u044f \u0432\u0430\u043c \u043f\u043e\u043d\u0440\u0430\u0432\u0438\u0442\u0441\u044f. \u042d\u0442\u0430 \u043a\u043e\u043c\u043f\u0430\u043a\u0442\u043d\u0430\u044f \u0431\u0435\u0441\u043f\u0440\u043e\u0432\u043e\u0434\u043d\u0430\u044f \u0430\u043a\u0443\u0441\u0442\u0438\u0447\u0435\u0441\u043a\u0430\u044f \u0441\u0438\u0441\u0442\u0435\u043c\u0430 HiFi, \u043e\u0441\u043d\u0430\u0449\u0435\u043d\u043d\u0430\u044f \u0442\u0435\u0445\u043d\u043e\u043b\u043e\u0433\u0438\u0435\u0439 Music Integrity Engine \u043e\u0442 KEF \u0438 \u0444\u0438\u0440\u043c\u0435\u043d\u043d\u044b\u043c \u043c\u0430\u0441\u0441\u0438\u0432\u043e\u043c \u0434\u0440\u0430\u0439\u0432\u0435\u0440\u043e\u0432 Uni-Q, \u043e\u0431\u0435\u0441\u043f\u0435\u0447\u0438\u0432\u0430\u0435\u0442 \u043d\u0435\u043f\u0440\u0435\u0432\u0437\u043e\u0439\u0434\u0435\u043d\u043d\u0443\u044e \u0447\u0438\u0441\u0442\u043e\u0442\u0443 \u0437\u0432\u0443\u043a\u0430.  &nbsp;","og_url":"https:\/\/stereoplus.lv\/ru\/product\/kef-lsx-ii-lt-komplekt\/","og_site_name":"StereoPlus","article_modified_time":"2024-02-05T22:37:19+00:00","twitter_card":"summary_large_image","twitter_image":"https:\/\/stereoplus.lv\/wp-content\/uploads\/2024\/02\/KEF-lsx2-lt-sage-green-pair-front-and-back-angle.webp","twitter_misc":{"\u041f\u0440\u0438\u043c\u0435\u0440\u043d\u043e\u0435 \u0432\u0440\u0435\u043c\u044f \u0434\u043b\u044f \u0447\u0442\u0435\u043d\u0438\u044f":"1 \u043c\u0438\u043d\u0443\u0442\u0430"},"schema":{"@context":"https:\/\/schema.org","@graph":[{"@type":"WebSite","@id":"https:\/\/stereoplus.lv\/#website","url":"https:\/\/stereoplus.lv\/","name":"StereoPlus","description":"","potentialAction":[{"@type":"SearchAction","target":{"@type":"EntryPoint","urlTemplate":"https:\/\/stereoplus.lv\/?s={search_term_string}"},"query-input":"required name=search_term_string"}],"inLanguage":"ru-RU"},{"@type":"ImageObject","@id":"https:\/\/stereoplus.lv\/ru\/product\/kef-lsx-ii-lt-komplekt\/#primaryimage","inLanguage":"ru-RU","url":"https:\/\/stereoplus.lv\/wp-content\/uploads\/2024\/02\/KEF-lsx2-lt-sage-green-pair-front-and-back-angle.webp","contentUrl":"https:\/\/stereoplus.lv\/wp-content\/uploads\/2024\/02\/KEF-lsx2-lt-sage-green-pair-front-and-back-angle.webp","width":1200,"height":1200,"caption":"\u041f\u0440\u0435\u0432\u043e\u0441\u0445\u043e\u0434\u043d\u043e\u0435 \u043a\u0430\u0447\u0435\u0441\u0442\u0432\u043e \u0437\u0432\u0443\u043a\u0430 \u0438 \u0441\u0442\u0438\u043b\u044c\u043d\u044b\u0439 \u0434\u0438\u0437\u0430\u0439\u043d \u2014 \u0434\u0438\u043d\u0430\u043c\u0438\u043a\u0438 KEF LSX2 lt \u0437\u0435\u043b\u0435\u043d\u043e\u0433\u043e \u0446\u0432\u0435\u0442\u0430."},{"@type":"WebPage","@id":"https:\/\/stereoplus.lv\/ru\/product\/kef-lsx-ii-lt-komplekt\/#webpage","url":"https:\/\/stereoplus.lv\/ru\/product\/kef-lsx-ii-lt-komplekt\/","name":"KEF LSX II LT (\u043a\u043e\u043c\u043f\u043b\u0435\u043a\u0442) - StereoPlus","isPartOf":{"@id":"https:\/\/stereoplus.lv\/#website"},"primaryImageOfPage":{"@id":"https:\/\/stereoplus.lv\/ru\/product\/kef-lsx-ii-lt-komplekt\/#primaryimage"},"datePublished":"2024-02-05T22:34:22+00:00","dateModified":"2024-02-05T22:37:19+00:00","breadcrumb":{"@id":"https:\/\/stereoplus.lv\/ru\/product\/kef-lsx-ii-lt-komplekt\/#breadcrumb"},"inLanguage":"ru-RU","potentialAction":[{"@type":"ReadAction","target":["https:\/\/stereoplus.lv\/ru\/product\/kef-lsx-ii-lt-komplekt\/"]}]},{"@type":"BreadcrumbList","@id":"https:\/\/stereoplus.lv\/ru\/product\/kef-lsx-ii-lt-komplekt\/#breadcrumb","itemListElement":[{"@type":"ListItem","position":1,"name":"Home","item":"https:\/\/stereoplus.lv\/ru\/"},{"@type":"ListItem","position":2,"name":"\u041f\u0440\u043e\u0434\u0443\u043a\u0442","item":"https:\/\/stereoplus.lv\/ru\/shop\/"},{"@type":"ListItem","position":3,"name":"KEF LSX II LT (\u043a\u043e\u043c\u043f\u043b\u0435\u043a\u0442)"}]}]}},"_links":{"self":[{"href":"https:\/\/stereoplus.lv\/ru\/wp-json\/wp\/v2\/product\/26009"}],"collection":[{"href":"https:\/\/stereoplus.lv\/ru\/wp-json\/wp\/v2\/product"}],"about":[{"href":"https:\/\/stereoplus.lv\/ru\/wp-json\/wp\/v2\/types\/product"}],"wp:featuredmedia":[{"embeddable":true,"href":"https:\/\/stereoplus.lv\/ru\/wp-json\/wp\/v2\/media\/26008"}],"wp:attachment":[{"href":"https:\/\/stereoplus.lv\/ru\/wp-json\/wp\/v2\/media?parent=26009"}],"wp:term":[{"taxonomy":"product_cat","embeddable":true,"href":"https:\/\/stereoplus.lv\/ru\/wp-json\/wp\/v2\/product_cat?post=26009"},{"taxonomy":"product_tag","embeddable":true,"href":"https:\/\/stereoplus.lv\/ru\/wp-json\/wp\/v2\/product_tag?post=26009"}],"curies":[{"name":"wp","href":"https:\/\/api.w.org\/{rel}","templated":true}]}}