{"id":29368,"date":"2024-08-08T19:32:17","date_gmt":"2024-08-08T19:32:17","guid":{"rendered":"https:\/\/stereoplus.lv\/?post_type=product&#038;p=29368"},"modified":"2024-08-08T19:34:42","modified_gmt":"2024-08-08T19:34:42","slug":"gold-note-tuscany-gold","status":"publish","type":"product","link":"https:\/\/stereoplus.lv\/ru\/product\/gold-note-tuscany-gold\/","title":{"rendered":"Gold Note Tuscany Gold"},"content":{"rendered":"<p>Type: MC Low Output Phono Cartridge<\/p>\n<p>Output level: 0.35mV<\/p>\n<p>Frequency response: 10-50000Hz<\/p>\n<p>Impedance: 20\u03a9<\/p>\n<p>Suggested load: &gt; 200\u03a9<\/p>\n<p>Compliance: 10\u00d710-6cm\/dyne<\/p>\n<p>Product Type: Cartridge<\/p>\n<p>Channel separation: &gt; 30dB<\/p>\n<p>Suggested tracking weight: 1.8g to 2.1g<\/p>\n<p>Cantilever: Boron<\/p>\n<p>Diamond: Micro Ridge<\/p>\n<p>Body: Duralumin 7000 alloy black with red logo<\/p>\n<p>Magnet: Samarium-Cobalt<\/p>\n<p>Weight: 11 g<\/p>\n","protected":false},"excerpt":{"rendered":"<p>Uzlabojiet savu audio pieredzi ar Tosk\u0101nas kasetn\u0113m<br \/>\nIzp\u0113tiet Toscany s\u0113riju, kas ir r\u016bp\u012bgi izstr\u0101d\u0101ta, lai apmierin\u0101tu pat vispras\u012bg\u0101kos audiofilus. \u0160\u012bs izcil\u0101s kasetnes no jauna nosaka kvalit\u0101ti, apr\u012bkojot ar \u012bpa\u0161i pl\u0101nu irbuli un Micro Ridge dimantu, kas izstr\u0101d\u0101ts sadarb\u012bb\u0101 ar Adamant-Namiki, pasaul\u0113 vado\u0161o augstas precizit\u0101tes dimantu ra\u017eot\u0101ju. \u0160is ekskluz\u012bvais griezums garant\u0113 nevainojamu kontaktu ar vinila riev\u0101m, nodro\u0161inot nep\u0101rsp\u0113jamu audio veiktsp\u0113ju.<\/p>\n","protected":false},"featured_media":29366,"template":"","meta":[],"product_cat":[383,384,389],"product_tag":[],"yoast_head":"<!-- This site is optimized with the Yoast SEO plugin v17.5 - https:\/\/yoast.com\/wordpress\/plugins\/seo\/ -->\n<title>Gold Note Tuscany Gold - StereoPlus<\/title>\n<meta name=\"robots\" content=\"index, follow, max-snippet:-1, max-image-preview:large, max-video-preview:-1\" \/>\n<link rel=\"canonical\" href=\"https:\/\/stereoplus.lv\/ru\/product\/gold-note-tuscany-gold\/\" \/>\n<meta property=\"og:locale\" content=\"ru_RU\" \/>\n<meta property=\"og:type\" content=\"article\" \/>\n<meta property=\"og:title\" content=\"Gold Note Tuscany Gold - StereoPlus\" \/>\n<meta property=\"og:description\" content=\"Uzlabojiet savu audio pieredzi ar Tosk\u0101nas kasetn\u0113m Izp\u0113tiet Toscany s\u0113riju, kas ir r\u016bp\u012bgi izstr\u0101d\u0101ta, lai apmierin\u0101tu pat vispras\u012bg\u0101kos audiofilus. \u0160\u012bs izcil\u0101s kasetnes no jauna nosaka kvalit\u0101ti, apr\u012bkojot ar \u012bpa\u0161i pl\u0101nu irbuli un Micro Ridge dimantu, kas izstr\u0101d\u0101ts sadarb\u012bb\u0101 ar Adamant-Namiki, pasaul\u0113 vado\u0161o augstas precizit\u0101tes dimantu ra\u017eot\u0101ju. \u0160is ekskluz\u012bvais griezums garant\u0113 nevainojamu kontaktu ar vinila riev\u0101m, nodro\u0161inot nep\u0101rsp\u0113jamu audio veiktsp\u0113ju.\" \/>\n<meta property=\"og:url\" content=\"https:\/\/stereoplus.lv\/ru\/product\/gold-note-tuscany-gold\/\" \/>\n<meta property=\"og:site_name\" content=\"StereoPlus\" \/>\n<meta property=\"article:modified_time\" content=\"2024-08-08T19:34:42+00:00\" \/>\n<meta name=\"twitter:card\" content=\"summary_large_image\" \/>\n<meta name=\"twitter:image\" content=\"https:\/\/stereoplus.lv\/wp-content\/uploads\/2024\/08\/Gold-Note-Tuscany-Red.webp\" \/>\n<script type=\"application\/ld+json\" class=\"yoast-schema-graph\">{\"@context\":\"https:\/\/schema.org\",\"@graph\":[{\"@type\":\"WebSite\",\"@id\":\"https:\/\/stereoplus.lv\/#website\",\"url\":\"https:\/\/stereoplus.lv\/\",\"name\":\"StereoPlus\",\"description\":\"\",\"potentialAction\":[{\"@type\":\"SearchAction\",\"target\":{\"@type\":\"EntryPoint\",\"urlTemplate\":\"https:\/\/stereoplus.lv\/?s={search_term_string}\"},\"query-input\":\"required name=search_term_string\"}],\"inLanguage\":\"ru-RU\"},{\"@type\":\"ImageObject\",\"@id\":\"https:\/\/stereoplus.lv\/ru\/product\/gold-note-tuscany-gold\/#primaryimage\",\"inLanguage\":\"ru-RU\",\"url\":\"https:\/\/stereoplus.lv\/wp-content\/uploads\/2024\/08\/Gold-Note-Tuscany-Red.webp\",\"contentUrl\":\"https:\/\/stereoplus.lv\/wp-content\/uploads\/2024\/08\/Gold-Note-Tuscany-Red.webp\",\"width\":1680,\"height\":1680},{\"@type\":\"WebPage\",\"@id\":\"https:\/\/stereoplus.lv\/ru\/product\/gold-note-tuscany-gold\/#webpage\",\"url\":\"https:\/\/stereoplus.lv\/ru\/product\/gold-note-tuscany-gold\/\",\"name\":\"Gold Note Tuscany Gold - StereoPlus\",\"isPartOf\":{\"@id\":\"https:\/\/stereoplus.lv\/#website\"},\"primaryImageOfPage\":{\"@id\":\"https:\/\/stereoplus.lv\/ru\/product\/gold-note-tuscany-gold\/#primaryimage\"},\"datePublished\":\"2024-08-08T19:32:17+00:00\",\"dateModified\":\"2024-08-08T19:34:42+00:00\",\"breadcrumb\":{\"@id\":\"https:\/\/stereoplus.lv\/ru\/product\/gold-note-tuscany-gold\/#breadcrumb\"},\"inLanguage\":\"ru-RU\",\"potentialAction\":[{\"@type\":\"ReadAction\",\"target\":[\"https:\/\/stereoplus.lv\/ru\/product\/gold-note-tuscany-gold\/\"]}]},{\"@type\":\"BreadcrumbList\",\"@id\":\"https:\/\/stereoplus.lv\/ru\/product\/gold-note-tuscany-gold\/#breadcrumb\",\"itemListElement\":[{\"@type\":\"ListItem\",\"position\":1,\"name\":\"Home\",\"item\":\"https:\/\/stereoplus.lv\/ru\/\"},{\"@type\":\"ListItem\",\"position\":2,\"name\":\"\\u041f\\u0440\\u043e\\u0434\\u0443\\u043a\\u0442\",\"item\":\"https:\/\/stereoplus.lv\/ru\/shop\/\"},{\"@type\":\"ListItem\",\"position\":3,\"name\":\"Gold Note Tuscany Gold\"}]}]}<\/script>\n<!-- \/ Yoast SEO plugin. -->","yoast_head_json":{"title":"Gold Note Tuscany Gold - StereoPlus","robots":{"index":"index","follow":"follow","max-snippet":"max-snippet:-1","max-image-preview":"max-image-preview:large","max-video-preview":"max-video-preview:-1"},"canonical":"https:\/\/stereoplus.lv\/ru\/product\/gold-note-tuscany-gold\/","og_locale":"ru_RU","og_type":"article","og_title":"Gold Note Tuscany Gold - StereoPlus","og_description":"Uzlabojiet savu audio pieredzi ar Tosk\u0101nas kasetn\u0113m Izp\u0113tiet Toscany s\u0113riju, kas ir r\u016bp\u012bgi izstr\u0101d\u0101ta, lai apmierin\u0101tu pat vispras\u012bg\u0101kos audiofilus. \u0160\u012bs izcil\u0101s kasetnes no jauna nosaka kvalit\u0101ti, apr\u012bkojot ar \u012bpa\u0161i pl\u0101nu irbuli un Micro Ridge dimantu, kas izstr\u0101d\u0101ts sadarb\u012bb\u0101 ar Adamant-Namiki, pasaul\u0113 vado\u0161o augstas precizit\u0101tes dimantu ra\u017eot\u0101ju. \u0160is ekskluz\u012bvais griezums garant\u0113 nevainojamu kontaktu ar vinila riev\u0101m, nodro\u0161inot nep\u0101rsp\u0113jamu audio veiktsp\u0113ju.","og_url":"https:\/\/stereoplus.lv\/ru\/product\/gold-note-tuscany-gold\/","og_site_name":"StereoPlus","article_modified_time":"2024-08-08T19:34:42+00:00","twitter_card":"summary_large_image","twitter_image":"https:\/\/stereoplus.lv\/wp-content\/uploads\/2024\/08\/Gold-Note-Tuscany-Red.webp","schema":{"@context":"https:\/\/schema.org","@graph":[{"@type":"WebSite","@id":"https:\/\/stereoplus.lv\/#website","url":"https:\/\/stereoplus.lv\/","name":"StereoPlus","description":"","potentialAction":[{"@type":"SearchAction","target":{"@type":"EntryPoint","urlTemplate":"https:\/\/stereoplus.lv\/?s={search_term_string}"},"query-input":"required name=search_term_string"}],"inLanguage":"ru-RU"},{"@type":"ImageObject","@id":"https:\/\/stereoplus.lv\/ru\/product\/gold-note-tuscany-gold\/#primaryimage","inLanguage":"ru-RU","url":"https:\/\/stereoplus.lv\/wp-content\/uploads\/2024\/08\/Gold-Note-Tuscany-Red.webp","contentUrl":"https:\/\/stereoplus.lv\/wp-content\/uploads\/2024\/08\/Gold-Note-Tuscany-Red.webp","width":1680,"height":1680},{"@type":"WebPage","@id":"https:\/\/stereoplus.lv\/ru\/product\/gold-note-tuscany-gold\/#webpage","url":"https:\/\/stereoplus.lv\/ru\/product\/gold-note-tuscany-gold\/","name":"Gold Note Tuscany Gold - StereoPlus","isPartOf":{"@id":"https:\/\/stereoplus.lv\/#website"},"primaryImageOfPage":{"@id":"https:\/\/stereoplus.lv\/ru\/product\/gold-note-tuscany-gold\/#primaryimage"},"datePublished":"2024-08-08T19:32:17+00:00","dateModified":"2024-08-08T19:34:42+00:00","breadcrumb":{"@id":"https:\/\/stereoplus.lv\/ru\/product\/gold-note-tuscany-gold\/#breadcrumb"},"inLanguage":"ru-RU","potentialAction":[{"@type":"ReadAction","target":["https:\/\/stereoplus.lv\/ru\/product\/gold-note-tuscany-gold\/"]}]},{"@type":"BreadcrumbList","@id":"https:\/\/stereoplus.lv\/ru\/product\/gold-note-tuscany-gold\/#breadcrumb","itemListElement":[{"@type":"ListItem","position":1,"name":"Home","item":"https:\/\/stereoplus.lv\/ru\/"},{"@type":"ListItem","position":2,"name":"\u041f\u0440\u043e\u0434\u0443\u043a\u0442","item":"https:\/\/stereoplus.lv\/ru\/shop\/"},{"@type":"ListItem","position":3,"name":"Gold Note Tuscany Gold"}]}]}},"_links":{"self":[{"href":"https:\/\/stereoplus.lv\/ru\/wp-json\/wp\/v2\/product\/29368"}],"collection":[{"href":"https:\/\/stereoplus.lv\/ru\/wp-json\/wp\/v2\/product"}],"about":[{"href":"https:\/\/stereoplus.lv\/ru\/wp-json\/wp\/v2\/types\/product"}],"wp:featuredmedia":[{"embeddable":true,"href":"https:\/\/stereoplus.lv\/ru\/wp-json\/wp\/v2\/media\/29366"}],"wp:attachment":[{"href":"https:\/\/stereoplus.lv\/ru\/wp-json\/wp\/v2\/media?parent=29368"}],"wp:term":[{"taxonomy":"product_cat","embeddable":true,"href":"https:\/\/stereoplus.lv\/ru\/wp-json\/wp\/v2\/product_cat?post=29368"},{"taxonomy":"product_tag","embeddable":true,"href":"https:\/\/stereoplus.lv\/ru\/wp-json\/wp\/v2\/product_tag?post=29368"}],"curies":[{"name":"wp","href":"https:\/\/api.w.org\/{rel}","templated":true}]}}