{"id":29492,"date":"2024-08-08T20:45:46","date_gmt":"2024-08-08T20:45:46","guid":{"rendered":"https:\/\/stereoplus.lv\/?post_type=product&#038;p=29492"},"modified":"2024-08-08T20:48:05","modified_gmt":"2024-08-08T20:48:05","slug":"gold-note-a6-evo-ii","status":"publish","type":"product","link":"https:\/\/stereoplus.lv\/ru\/product\/gold-note-a6-evo-ii\/","title":{"rendered":"Gold Note A6 EVO II"},"content":{"rendered":"<p>Frequency response: 40-20000Hz \u00b13dB<\/p>\n<p>Product Type: Speakers<\/p>\n<p>Sensitivity: 88dB SPL 2,83V\/1m<\/p>\n<p>Nominal Impedance: 4\u03a9<\/p>\n<p>Crossover: 70Hz and 2000Hz @ 12dB\/Oct.<\/p>\n<p>Max Power Handling: 150W RMS<\/p>\n<p>Suggested Power Amplifier: min. 20W<\/p>\n<p>Connectors: Gold Note gold plated nickel-free<\/p>\n<p>Side panels: Glossy or matt walnut<\/p>\n<p>Tweeter: 1.1\u201d silk dome driver<\/p>\n<p>Mid-woofer: 2x 5.5\u2019\u2019 treated paper<\/p>\n<p>Sub-woofer: 1x 6\u2019\u2019 internal driver in treated paper<\/p>\n<p>LxWxH: 230x1080x285 mm<\/p>\n<p>Weight: 60000 g<\/p>\n","protected":false},"excerpt":{"rendered":"<p>A6 EVO II izce\u013cas ar savu m\u016bsdien\u012bgo dizainu un rakstur\u012bgo rombveida korpusu, kam ir piln\u012bb\u0101 p\u0101rveidots priek\u0161\u0113jais panelis. \u0160is dizains efekt\u012bvi kontrol\u0113 vibr\u0101cijas, radot \u012bpa\u0161i stingru strukt\u016bru, kas uzlabo jaudas kontroli un dinamisku reakciju, vienlaikus saglab\u0101jot \u012bpa\u0161i t\u012bras un jaud\u012bgas augstas frekvences.<\/p>\n","protected":false},"featured_media":29502,"template":"","meta":[],"product_cat":[538,376,379],"product_tag":[],"yoast_head":"<!-- This site is optimized with the Yoast SEO plugin v17.5 - https:\/\/yoast.com\/wordpress\/plugins\/seo\/ -->\n<title>Gold Note A6 EVO II - StereoPlus<\/title>\n<meta name=\"robots\" content=\"index, follow, max-snippet:-1, max-image-preview:large, max-video-preview:-1\" \/>\n<link rel=\"canonical\" href=\"https:\/\/stereoplus.lv\/ru\/product\/gold-note-a6-evo-ii\/\" \/>\n<meta property=\"og:locale\" content=\"ru_RU\" \/>\n<meta property=\"og:type\" content=\"article\" \/>\n<meta property=\"og:title\" content=\"Gold Note A6 EVO II - StereoPlus\" \/>\n<meta property=\"og:description\" content=\"A6 EVO II izce\u013cas ar savu m\u016bsdien\u012bgo dizainu un rakstur\u012bgo rombveida korpusu, kam ir piln\u012bb\u0101 p\u0101rveidots priek\u0161\u0113jais panelis. \u0160is dizains efekt\u012bvi kontrol\u0113 vibr\u0101cijas, radot \u012bpa\u0161i stingru strukt\u016bru, kas uzlabo jaudas kontroli un dinamisku reakciju, vienlaikus saglab\u0101jot \u012bpa\u0161i t\u012bras un jaud\u012bgas augstas frekvences.\" \/>\n<meta property=\"og:url\" content=\"https:\/\/stereoplus.lv\/ru\/product\/gold-note-a6-evo-ii\/\" \/>\n<meta property=\"og:site_name\" content=\"StereoPlus\" \/>\n<meta property=\"article:modified_time\" content=\"2024-08-08T20:48:05+00:00\" \/>\n<meta name=\"twitter:card\" content=\"summary_large_image\" \/>\n<meta name=\"twitter:image\" content=\"https:\/\/stereoplus.lv\/wp-content\/uploads\/2024\/08\/Gold-Note-A6-EVO-II.webp\" \/>\n<script type=\"application\/ld+json\" class=\"yoast-schema-graph\">{\"@context\":\"https:\/\/schema.org\",\"@graph\":[{\"@type\":\"WebSite\",\"@id\":\"https:\/\/stereoplus.lv\/#website\",\"url\":\"https:\/\/stereoplus.lv\/\",\"name\":\"StereoPlus\",\"description\":\"\",\"potentialAction\":[{\"@type\":\"SearchAction\",\"target\":{\"@type\":\"EntryPoint\",\"urlTemplate\":\"https:\/\/stereoplus.lv\/?s={search_term_string}\"},\"query-input\":\"required name=search_term_string\"}],\"inLanguage\":\"ru-RU\"},{\"@type\":\"ImageObject\",\"@id\":\"https:\/\/stereoplus.lv\/ru\/product\/gold-note-a6-evo-ii\/#primaryimage\",\"inLanguage\":\"ru-RU\",\"url\":\"https:\/\/stereoplus.lv\/wp-content\/uploads\/2024\/08\/Gold-Note-A6-EVO-II.webp\",\"contentUrl\":\"https:\/\/stereoplus.lv\/wp-content\/uploads\/2024\/08\/Gold-Note-A6-EVO-II.webp\",\"width\":1680,\"height\":1680},{\"@type\":\"WebPage\",\"@id\":\"https:\/\/stereoplus.lv\/ru\/product\/gold-note-a6-evo-ii\/#webpage\",\"url\":\"https:\/\/stereoplus.lv\/ru\/product\/gold-note-a6-evo-ii\/\",\"name\":\"Gold Note A6 EVO II - StereoPlus\",\"isPartOf\":{\"@id\":\"https:\/\/stereoplus.lv\/#website\"},\"primaryImageOfPage\":{\"@id\":\"https:\/\/stereoplus.lv\/ru\/product\/gold-note-a6-evo-ii\/#primaryimage\"},\"datePublished\":\"2024-08-08T20:45:46+00:00\",\"dateModified\":\"2024-08-08T20:48:05+00:00\",\"breadcrumb\":{\"@id\":\"https:\/\/stereoplus.lv\/ru\/product\/gold-note-a6-evo-ii\/#breadcrumb\"},\"inLanguage\":\"ru-RU\",\"potentialAction\":[{\"@type\":\"ReadAction\",\"target\":[\"https:\/\/stereoplus.lv\/ru\/product\/gold-note-a6-evo-ii\/\"]}]},{\"@type\":\"BreadcrumbList\",\"@id\":\"https:\/\/stereoplus.lv\/ru\/product\/gold-note-a6-evo-ii\/#breadcrumb\",\"itemListElement\":[{\"@type\":\"ListItem\",\"position\":1,\"name\":\"Home\",\"item\":\"https:\/\/stereoplus.lv\/ru\/\"},{\"@type\":\"ListItem\",\"position\":2,\"name\":\"\\u041f\\u0440\\u043e\\u0434\\u0443\\u043a\\u0442\",\"item\":\"https:\/\/stereoplus.lv\/ru\/shop\/\"},{\"@type\":\"ListItem\",\"position\":3,\"name\":\"Gold Note A6 EVO II\"}]}]}<\/script>\n<!-- \/ Yoast SEO plugin. -->","yoast_head_json":{"title":"Gold Note A6 EVO II - StereoPlus","robots":{"index":"index","follow":"follow","max-snippet":"max-snippet:-1","max-image-preview":"max-image-preview:large","max-video-preview":"max-video-preview:-1"},"canonical":"https:\/\/stereoplus.lv\/ru\/product\/gold-note-a6-evo-ii\/","og_locale":"ru_RU","og_type":"article","og_title":"Gold Note A6 EVO II - StereoPlus","og_description":"A6 EVO II izce\u013cas ar savu m\u016bsdien\u012bgo dizainu un rakstur\u012bgo rombveida korpusu, kam ir piln\u012bb\u0101 p\u0101rveidots priek\u0161\u0113jais panelis. \u0160is dizains efekt\u012bvi kontrol\u0113 vibr\u0101cijas, radot \u012bpa\u0161i stingru strukt\u016bru, kas uzlabo jaudas kontroli un dinamisku reakciju, vienlaikus saglab\u0101jot \u012bpa\u0161i t\u012bras un jaud\u012bgas augstas frekvences.","og_url":"https:\/\/stereoplus.lv\/ru\/product\/gold-note-a6-evo-ii\/","og_site_name":"StereoPlus","article_modified_time":"2024-08-08T20:48:05+00:00","twitter_card":"summary_large_image","twitter_image":"https:\/\/stereoplus.lv\/wp-content\/uploads\/2024\/08\/Gold-Note-A6-EVO-II.webp","schema":{"@context":"https:\/\/schema.org","@graph":[{"@type":"WebSite","@id":"https:\/\/stereoplus.lv\/#website","url":"https:\/\/stereoplus.lv\/","name":"StereoPlus","description":"","potentialAction":[{"@type":"SearchAction","target":{"@type":"EntryPoint","urlTemplate":"https:\/\/stereoplus.lv\/?s={search_term_string}"},"query-input":"required name=search_term_string"}],"inLanguage":"ru-RU"},{"@type":"ImageObject","@id":"https:\/\/stereoplus.lv\/ru\/product\/gold-note-a6-evo-ii\/#primaryimage","inLanguage":"ru-RU","url":"https:\/\/stereoplus.lv\/wp-content\/uploads\/2024\/08\/Gold-Note-A6-EVO-II.webp","contentUrl":"https:\/\/stereoplus.lv\/wp-content\/uploads\/2024\/08\/Gold-Note-A6-EVO-II.webp","width":1680,"height":1680},{"@type":"WebPage","@id":"https:\/\/stereoplus.lv\/ru\/product\/gold-note-a6-evo-ii\/#webpage","url":"https:\/\/stereoplus.lv\/ru\/product\/gold-note-a6-evo-ii\/","name":"Gold Note A6 EVO II - StereoPlus","isPartOf":{"@id":"https:\/\/stereoplus.lv\/#website"},"primaryImageOfPage":{"@id":"https:\/\/stereoplus.lv\/ru\/product\/gold-note-a6-evo-ii\/#primaryimage"},"datePublished":"2024-08-08T20:45:46+00:00","dateModified":"2024-08-08T20:48:05+00:00","breadcrumb":{"@id":"https:\/\/stereoplus.lv\/ru\/product\/gold-note-a6-evo-ii\/#breadcrumb"},"inLanguage":"ru-RU","potentialAction":[{"@type":"ReadAction","target":["https:\/\/stereoplus.lv\/ru\/product\/gold-note-a6-evo-ii\/"]}]},{"@type":"BreadcrumbList","@id":"https:\/\/stereoplus.lv\/ru\/product\/gold-note-a6-evo-ii\/#breadcrumb","itemListElement":[{"@type":"ListItem","position":1,"name":"Home","item":"https:\/\/stereoplus.lv\/ru\/"},{"@type":"ListItem","position":2,"name":"\u041f\u0440\u043e\u0434\u0443\u043a\u0442","item":"https:\/\/stereoplus.lv\/ru\/shop\/"},{"@type":"ListItem","position":3,"name":"Gold Note A6 EVO II"}]}]}},"_links":{"self":[{"href":"https:\/\/stereoplus.lv\/ru\/wp-json\/wp\/v2\/product\/29492"}],"collection":[{"href":"https:\/\/stereoplus.lv\/ru\/wp-json\/wp\/v2\/product"}],"about":[{"href":"https:\/\/stereoplus.lv\/ru\/wp-json\/wp\/v2\/types\/product"}],"wp:featuredmedia":[{"embeddable":true,"href":"https:\/\/stereoplus.lv\/ru\/wp-json\/wp\/v2\/media\/29502"}],"wp:attachment":[{"href":"https:\/\/stereoplus.lv\/ru\/wp-json\/wp\/v2\/media?parent=29492"}],"wp:term":[{"taxonomy":"product_cat","embeddable":true,"href":"https:\/\/stereoplus.lv\/ru\/wp-json\/wp\/v2\/product_cat?post=29492"},{"taxonomy":"product_tag","embeddable":true,"href":"https:\/\/stereoplus.lv\/ru\/wp-json\/wp\/v2\/product_tag?post=29492"}],"curies":[{"name":"wp","href":"https:\/\/api.w.org\/{rel}","templated":true}]}}