{"id":29962,"date":"2024-09-10T14:18:15","date_gmt":"2024-09-10T14:18:15","guid":{"rendered":"https:\/\/stereoplus.lv\/?post_type=product&#038;p=29962"},"modified":"2024-09-10T14:24:19","modified_gmt":"2024-09-10T14:24:19","slug":"primare-mm15-phono-module","status":"publish","type":"product","link":"https:\/\/stereoplus.lv\/ru\/product\/primare-mm15-phono-module\/","title":{"rendered":"Primare MM15 &#8212; Phono module"},"content":{"rendered":"","protected":false},"excerpt":{"rendered":"<p>MM15 ir izv\u0113les kust\u012bga magn\u0113ta fono priek\u0161pastiprin\u0101t\u0101ja modulis izmanto\u0161anai I15 integr\u0113taj\u0101 pastiprin\u0101t\u0101j\u0101, kas ir pieejams uzst\u0101d\u012b\u0161anai jebkur\u0101 laik\u0101. Izmantojot \u012bpa\u0161i zemu trok\u0161\u0146u l\u012bmeni, \u0101trgaitas hibr\u012bda pas\u012bv\u0101s un akt\u012bv\u0101s EQ fono pastiprin\u0101\u0161anas \u0137\u0113di \u2013 MM15 ir paredz\u0113ts darbam ar jaun\u0101k\u0101s paaudzes kust\u012bgo magn\u0113tu un augstas izejas kust\u012bgo spo\u013cu kasetn\u0113m, lai nodro\u0161in\u0101tu izcilu veiktsp\u0113ju atska\u0146ot\u0101ja atska\u0146ot\u0101ja atska\u0146o\u0161anai.<\/p>\n","protected":false},"featured_media":29964,"template":"","meta":[],"product_cat":[383,402,396,397],"product_tag":[],"yoast_head":"<!-- This site is optimized with the Yoast SEO plugin v17.5 - https:\/\/yoast.com\/wordpress\/plugins\/seo\/ -->\n<title>Primare MM15 - Phono module - StereoPlus<\/title>\n<meta name=\"robots\" content=\"index, follow, max-snippet:-1, max-image-preview:large, max-video-preview:-1\" \/>\n<link rel=\"canonical\" href=\"https:\/\/stereoplus.lv\/ru\/product\/primare-mm15-phono-module\/\" \/>\n<meta property=\"og:locale\" content=\"ru_RU\" \/>\n<meta property=\"og:type\" content=\"article\" \/>\n<meta property=\"og:title\" content=\"Primare MM15 - Phono module - StereoPlus\" \/>\n<meta property=\"og:description\" content=\"MM15 ir izv\u0113les kust\u012bga magn\u0113ta fono priek\u0161pastiprin\u0101t\u0101ja modulis izmanto\u0161anai I15 integr\u0113taj\u0101 pastiprin\u0101t\u0101j\u0101, kas ir pieejams uzst\u0101d\u012b\u0161anai jebkur\u0101 laik\u0101. Izmantojot \u012bpa\u0161i zemu trok\u0161\u0146u l\u012bmeni, \u0101trgaitas hibr\u012bda pas\u012bv\u0101s un akt\u012bv\u0101s EQ fono pastiprin\u0101\u0161anas \u0137\u0113di \u2013 MM15 ir paredz\u0113ts darbam ar jaun\u0101k\u0101s paaudzes kust\u012bgo magn\u0113tu un augstas izejas kust\u012bgo spo\u013cu kasetn\u0113m, lai nodro\u0161in\u0101tu izcilu veiktsp\u0113ju atska\u0146ot\u0101ja atska\u0146ot\u0101ja atska\u0146o\u0161anai.\" \/>\n<meta property=\"og:url\" content=\"https:\/\/stereoplus.lv\/ru\/product\/primare-mm15-phono-module\/\" \/>\n<meta property=\"og:site_name\" content=\"StereoPlus\" \/>\n<meta property=\"article:modified_time\" content=\"2024-09-10T14:24:19+00:00\" \/>\n<meta name=\"twitter:card\" content=\"summary_large_image\" \/>\n<meta name=\"twitter:image\" content=\"https:\/\/stereoplus.lv\/wp-content\/uploads\/2024\/09\/primare-mm15-phono-module.webp\" \/>\n<meta name=\"twitter:label1\" content=\"\u041f\u0440\u0438\u043c\u0435\u0440\u043d\u043e\u0435 \u0432\u0440\u0435\u043c\u044f \u0434\u043b\u044f \u0447\u0442\u0435\u043d\u0438\u044f\" \/>\n\t<meta name=\"twitter:data1\" content=\"1 \u043c\u0438\u043d\u0443\u0442\u0430\" \/>\n<script type=\"application\/ld+json\" class=\"yoast-schema-graph\">{\"@context\":\"https:\/\/schema.org\",\"@graph\":[{\"@type\":\"WebSite\",\"@id\":\"https:\/\/stereoplus.lv\/#website\",\"url\":\"https:\/\/stereoplus.lv\/\",\"name\":\"StereoPlus\",\"description\":\"\",\"potentialAction\":[{\"@type\":\"SearchAction\",\"target\":{\"@type\":\"EntryPoint\",\"urlTemplate\":\"https:\/\/stereoplus.lv\/?s={search_term_string}\"},\"query-input\":\"required name=search_term_string\"}],\"inLanguage\":\"ru-RU\"},{\"@type\":\"ImageObject\",\"@id\":\"https:\/\/stereoplus.lv\/ru\/product\/primare-mm15-phono-module\/#primaryimage\",\"inLanguage\":\"ru-RU\",\"url\":\"https:\/\/stereoplus.lv\/wp-content\/uploads\/2024\/09\/primare-mm15-phono-module.webp\",\"contentUrl\":\"https:\/\/stereoplus.lv\/wp-content\/uploads\/2024\/09\/primare-mm15-phono-module.webp\",\"width\":900,\"height\":900},{\"@type\":\"WebPage\",\"@id\":\"https:\/\/stereoplus.lv\/ru\/product\/primare-mm15-phono-module\/#webpage\",\"url\":\"https:\/\/stereoplus.lv\/ru\/product\/primare-mm15-phono-module\/\",\"name\":\"Primare MM15 - Phono module - StereoPlus\",\"isPartOf\":{\"@id\":\"https:\/\/stereoplus.lv\/#website\"},\"primaryImageOfPage\":{\"@id\":\"https:\/\/stereoplus.lv\/ru\/product\/primare-mm15-phono-module\/#primaryimage\"},\"datePublished\":\"2024-09-10T14:18:15+00:00\",\"dateModified\":\"2024-09-10T14:24:19+00:00\",\"breadcrumb\":{\"@id\":\"https:\/\/stereoplus.lv\/ru\/product\/primare-mm15-phono-module\/#breadcrumb\"},\"inLanguage\":\"ru-RU\",\"potentialAction\":[{\"@type\":\"ReadAction\",\"target\":[\"https:\/\/stereoplus.lv\/ru\/product\/primare-mm15-phono-module\/\"]}]},{\"@type\":\"BreadcrumbList\",\"@id\":\"https:\/\/stereoplus.lv\/ru\/product\/primare-mm15-phono-module\/#breadcrumb\",\"itemListElement\":[{\"@type\":\"ListItem\",\"position\":1,\"name\":\"Home\",\"item\":\"https:\/\/stereoplus.lv\/ru\/\"},{\"@type\":\"ListItem\",\"position\":2,\"name\":\"\\u041f\\u0440\\u043e\\u0434\\u0443\\u043a\\u0442\",\"item\":\"https:\/\/stereoplus.lv\/ru\/shop\/\"},{\"@type\":\"ListItem\",\"position\":3,\"name\":\"Primare MM15 &#8211; Phono module\"}]}]}<\/script>\n<!-- \/ Yoast SEO plugin. -->","yoast_head_json":{"title":"Primare MM15 - Phono module - StereoPlus","robots":{"index":"index","follow":"follow","max-snippet":"max-snippet:-1","max-image-preview":"max-image-preview:large","max-video-preview":"max-video-preview:-1"},"canonical":"https:\/\/stereoplus.lv\/ru\/product\/primare-mm15-phono-module\/","og_locale":"ru_RU","og_type":"article","og_title":"Primare MM15 - Phono module - StereoPlus","og_description":"MM15 ir izv\u0113les kust\u012bga magn\u0113ta fono priek\u0161pastiprin\u0101t\u0101ja modulis izmanto\u0161anai I15 integr\u0113taj\u0101 pastiprin\u0101t\u0101j\u0101, kas ir pieejams uzst\u0101d\u012b\u0161anai jebkur\u0101 laik\u0101. Izmantojot \u012bpa\u0161i zemu trok\u0161\u0146u l\u012bmeni, \u0101trgaitas hibr\u012bda pas\u012bv\u0101s un akt\u012bv\u0101s EQ fono pastiprin\u0101\u0161anas \u0137\u0113di \u2013 MM15 ir paredz\u0113ts darbam ar jaun\u0101k\u0101s paaudzes kust\u012bgo magn\u0113tu un augstas izejas kust\u012bgo spo\u013cu kasetn\u0113m, lai nodro\u0161in\u0101tu izcilu veiktsp\u0113ju atska\u0146ot\u0101ja atska\u0146ot\u0101ja atska\u0146o\u0161anai.","og_url":"https:\/\/stereoplus.lv\/ru\/product\/primare-mm15-phono-module\/","og_site_name":"StereoPlus","article_modified_time":"2024-09-10T14:24:19+00:00","twitter_card":"summary_large_image","twitter_image":"https:\/\/stereoplus.lv\/wp-content\/uploads\/2024\/09\/primare-mm15-phono-module.webp","twitter_misc":{"\u041f\u0440\u0438\u043c\u0435\u0440\u043d\u043e\u0435 \u0432\u0440\u0435\u043c\u044f \u0434\u043b\u044f \u0447\u0442\u0435\u043d\u0438\u044f":"1 \u043c\u0438\u043d\u0443\u0442\u0430"},"schema":{"@context":"https:\/\/schema.org","@graph":[{"@type":"WebSite","@id":"https:\/\/stereoplus.lv\/#website","url":"https:\/\/stereoplus.lv\/","name":"StereoPlus","description":"","potentialAction":[{"@type":"SearchAction","target":{"@type":"EntryPoint","urlTemplate":"https:\/\/stereoplus.lv\/?s={search_term_string}"},"query-input":"required name=search_term_string"}],"inLanguage":"ru-RU"},{"@type":"ImageObject","@id":"https:\/\/stereoplus.lv\/ru\/product\/primare-mm15-phono-module\/#primaryimage","inLanguage":"ru-RU","url":"https:\/\/stereoplus.lv\/wp-content\/uploads\/2024\/09\/primare-mm15-phono-module.webp","contentUrl":"https:\/\/stereoplus.lv\/wp-content\/uploads\/2024\/09\/primare-mm15-phono-module.webp","width":900,"height":900},{"@type":"WebPage","@id":"https:\/\/stereoplus.lv\/ru\/product\/primare-mm15-phono-module\/#webpage","url":"https:\/\/stereoplus.lv\/ru\/product\/primare-mm15-phono-module\/","name":"Primare MM15 - Phono module - StereoPlus","isPartOf":{"@id":"https:\/\/stereoplus.lv\/#website"},"primaryImageOfPage":{"@id":"https:\/\/stereoplus.lv\/ru\/product\/primare-mm15-phono-module\/#primaryimage"},"datePublished":"2024-09-10T14:18:15+00:00","dateModified":"2024-09-10T14:24:19+00:00","breadcrumb":{"@id":"https:\/\/stereoplus.lv\/ru\/product\/primare-mm15-phono-module\/#breadcrumb"},"inLanguage":"ru-RU","potentialAction":[{"@type":"ReadAction","target":["https:\/\/stereoplus.lv\/ru\/product\/primare-mm15-phono-module\/"]}]},{"@type":"BreadcrumbList","@id":"https:\/\/stereoplus.lv\/ru\/product\/primare-mm15-phono-module\/#breadcrumb","itemListElement":[{"@type":"ListItem","position":1,"name":"Home","item":"https:\/\/stereoplus.lv\/ru\/"},{"@type":"ListItem","position":2,"name":"\u041f\u0440\u043e\u0434\u0443\u043a\u0442","item":"https:\/\/stereoplus.lv\/ru\/shop\/"},{"@type":"ListItem","position":3,"name":"Primare MM15 &#8211; Phono module"}]}]}},"_links":{"self":[{"href":"https:\/\/stereoplus.lv\/ru\/wp-json\/wp\/v2\/product\/29962"}],"collection":[{"href":"https:\/\/stereoplus.lv\/ru\/wp-json\/wp\/v2\/product"}],"about":[{"href":"https:\/\/stereoplus.lv\/ru\/wp-json\/wp\/v2\/types\/product"}],"wp:featuredmedia":[{"embeddable":true,"href":"https:\/\/stereoplus.lv\/ru\/wp-json\/wp\/v2\/media\/29964"}],"wp:attachment":[{"href":"https:\/\/stereoplus.lv\/ru\/wp-json\/wp\/v2\/media?parent=29962"}],"wp:term":[{"taxonomy":"product_cat","embeddable":true,"href":"https:\/\/stereoplus.lv\/ru\/wp-json\/wp\/v2\/product_cat?post=29962"},{"taxonomy":"product_tag","embeddable":true,"href":"https:\/\/stereoplus.lv\/ru\/wp-json\/wp\/v2\/product_tag?post=29962"}],"curies":[{"name":"wp","href":"https:\/\/api.w.org\/{rel}","templated":true}]}}