{"id":30018,"date":"2024-09-11T22:21:50","date_gmt":"2024-09-11T22:21:51","guid":{"rendered":"https:\/\/stereoplus.lv\/?post_type=product&#038;p=30018"},"modified":"2024-09-11T22:24:01","modified_gmt":"2024-09-11T22:24:01","slug":"rel-classic-99","status":"publish","type":"product","link":"https:\/\/stereoplus.lv\/ru\/product\/rel-classic-99\/","title":{"rendered":"Rel Classic 99"},"content":{"rendered":"<p>Specifications<br \/>\nType<br \/>\nClosed Box, down-firing driver<\/p>\n<p>Active Driver Size &amp; Material<br \/>\n12 in. (305mm) Amended Pulp-on-Paper, Downfiring Inverted Cone, Steel Chassis<\/p>\n<p>Passive Radiator Size &amp; Material<br \/>\n&#8212;<\/p>\n<p>Low Frequency Extention<br \/>\n-6 dB at 24Hz<\/p>\n<p>Input Connectors<br \/>\nHigh Level Neutrik Speakon, Low Level RCA, LFE RCA<\/p>\n<p>Output Connectors<br \/>\nN\/A<\/p>\n<p>Power Output<br \/>\n450 watts (RMS)<\/p>\n<p>Amplifier Type<br \/>\nClass D<\/p>\n<p>Wireless Capability<br \/>\nHT-Air MKII Wireless or AirShip II, Sold separately<\/p>\n<p>Protection System<br \/>\nFully Electronic Set Safe<br \/>\nYes<\/p>\n<p>D.C. Fault<br \/>\nYes<\/p>\n<p>Output Short<br \/>\nYes<\/p>\n<p>Mains Input Voltage<br \/>\n220-240 volts, 110-120 volts for certain markets<\/p>\n<p>Fuses<br \/>\n4 Amp semi delay 220 volts operation 8 Amp semi delay 120 volts operation<\/p>\n<p>Dimensions<br \/>\nW x H x D<br \/>\n15.75 in. \u00d7 21.0 in. \u00d7 13.8 in. (400mm \u00d7 534mm x 350mm) Add 1.75in (44.5mm) in depth when using a High Level connector<\/p>\n<p>Net Weight<br \/>\n49.3 Ibs. (22.4 kg). Shipping weight: 59.7 Ibs. (27.1 kg)<\/p>\n<p>Finish<br \/>\nWalnut veneer<\/p>\n<p>Supplied Accessories<br \/>\nMains Lead<br \/>\nYes<\/p>\n<p>Neutrik Speakon<br \/>\n10 Meters (33\u20196\u201d) Nominal<\/p>\n<p>Interconnect<br \/>\n&#8212;<\/p>\n<p>Users Manual<br \/>\nYes<\/p>\n","protected":false},"excerpt":{"rendered":"<p>\u041c\u043e\u0449\u043d\u0430\u044f \u0441\u0438\u043c\u0444\u043e\u043d\u0438\u044f \u0434\u0438\u0437\u0430\u0439\u043d\u0430, \u043c\u043e\u0449\u043d\u043e\u0441\u0442\u0438 \u0438 \u0438\u0437\u044f\u0449\u0435\u0441\u0442\u0432\u0430. \u0421\u043e\u0437\u0434\u0430\u043d\u043d\u0430\u044f \u043d\u0430 \u043e\u0441\u043d\u043e\u0432\u0435, \u0437\u0430\u043b\u043e\u0436\u0435\u043d\u043d\u043e\u0439 Classic 98, \u044d\u0442\u0430 \u043c\u043e\u0434\u0435\u043b\u044c \u0443\u0441\u0438\u043b\u0438\u0432\u0430\u0435\u0442 \u043a\u0430\u0436\u0434\u044b\u0439 \u0430\u0442\u0440\u0438\u0431\u0443\u0442: \u0431\u043e\u043b\u044c\u0448\u0435 \u043c\u043e\u0449\u043d\u043e\u0441\u0442\u0438, \u0431\u043e\u043b\u0435\u0435 \u0433\u043b\u0443\u0431\u043e\u043a\u0438\u0435 \u0431\u0430\u0441\u044b \u0438 \u0434\u0438\u0437\u0430\u0439\u043d, \u043a\u043e\u0442\u043e\u0440\u044b\u0439 \u0437\u0430\u0445\u0432\u0430\u0442\u044b\u0432\u0430\u0435\u0442 \u0438 \u0433\u043b\u0430\u0437, \u0438 \u0443\u0445\u043e. \u0421 450 \u0412\u0442, \u043f\u0440\u0438\u0432\u043e\u0434\u044f\u0449\u0438\u043c\u0438 \u0432 \u0434\u0435\u0439\u0441\u0442\u0432\u0438\u0435 \u043d\u0430\u0434\u0435\u0436\u043d\u044b\u0439 12-\u0434\u044e\u0439\u043c\u043e\u0432\u044b\u0439 \u0434\u0440\u0430\u0439\u0432\u0435\u0440 paper-on-paper, Classic 99 \u043d\u0435 \u0442\u043e\u043b\u044c\u043a\u043e \u0438\u0433\u0440\u0430\u0435\u0442 \u0433\u0440\u043e\u043c\u0447\u0435 \u0438 \u0434\u043e\u0441\u0442\u0438\u0433\u0430\u0435\u0442 \u0431\u043e\u043b\u0435\u0435 \u0433\u043b\u0443\u0431\u043e\u043a\u043e\u0433\u043e \u0437\u0432\u0443\u0447\u0430\u043d\u0438\u044f, \u043d\u043e \u0438 \u0434\u043e\u0431\u0430\u0432\u043b\u044f\u0435\u0442 \u0441\u043b\u043e\u0438 \u0442\u043e\u043d\u043a\u0438\u0445 \u0442\u0435\u043a\u0441\u0442\u0443\u0440\u043d\u044b\u0445 \u0443\u043b\u0443\u0447\u0448\u0435\u043d\u0438\u0439, \u043a\u043e\u0442\u043e\u0440\u044b\u0435 \u043f\u043e\u0441\u0442\u043e\u044f\u043d\u043d\u043e \u0432\u043f\u0435\u0447\u0430\u0442\u043b\u044f\u044e\u0442.<\/p>\n","protected":false},"featured_media":30026,"template":"","meta":[],"product_cat":[538,376,381],"product_tag":[541],"yoast_head":"<!-- This site is optimized with the Yoast SEO plugin v17.5 - https:\/\/yoast.com\/wordpress\/plugins\/seo\/ -->\n<title>Rel Classic 99 - StereoPlus<\/title>\n<meta name=\"robots\" content=\"index, follow, max-snippet:-1, max-image-preview:large, max-video-preview:-1\" \/>\n<link rel=\"canonical\" href=\"https:\/\/stereoplus.lv\/ru\/product\/rel-classic-99\/\" \/>\n<meta property=\"og:locale\" content=\"ru_RU\" \/>\n<meta property=\"og:type\" content=\"article\" \/>\n<meta property=\"og:title\" content=\"Rel Classic 99 - StereoPlus\" \/>\n<meta property=\"og:description\" content=\"\u041c\u043e\u0449\u043d\u0430\u044f \u0441\u0438\u043c\u0444\u043e\u043d\u0438\u044f \u0434\u0438\u0437\u0430\u0439\u043d\u0430, \u043c\u043e\u0449\u043d\u043e\u0441\u0442\u0438 \u0438 \u0438\u0437\u044f\u0449\u0435\u0441\u0442\u0432\u0430. \u0421\u043e\u0437\u0434\u0430\u043d\u043d\u0430\u044f \u043d\u0430 \u043e\u0441\u043d\u043e\u0432\u0435, \u0437\u0430\u043b\u043e\u0436\u0435\u043d\u043d\u043e\u0439 Classic 98, \u044d\u0442\u0430 \u043c\u043e\u0434\u0435\u043b\u044c \u0443\u0441\u0438\u043b\u0438\u0432\u0430\u0435\u0442 \u043a\u0430\u0436\u0434\u044b\u0439 \u0430\u0442\u0440\u0438\u0431\u0443\u0442: \u0431\u043e\u043b\u044c\u0448\u0435 \u043c\u043e\u0449\u043d\u043e\u0441\u0442\u0438, \u0431\u043e\u043b\u0435\u0435 \u0433\u043b\u0443\u0431\u043e\u043a\u0438\u0435 \u0431\u0430\u0441\u044b \u0438 \u0434\u0438\u0437\u0430\u0439\u043d, \u043a\u043e\u0442\u043e\u0440\u044b\u0439 \u0437\u0430\u0445\u0432\u0430\u0442\u044b\u0432\u0430\u0435\u0442 \u0438 \u0433\u043b\u0430\u0437, \u0438 \u0443\u0445\u043e. \u0421 450 \u0412\u0442, \u043f\u0440\u0438\u0432\u043e\u0434\u044f\u0449\u0438\u043c\u0438 \u0432 \u0434\u0435\u0439\u0441\u0442\u0432\u0438\u0435 \u043d\u0430\u0434\u0435\u0436\u043d\u044b\u0439 12-\u0434\u044e\u0439\u043c\u043e\u0432\u044b\u0439 \u0434\u0440\u0430\u0439\u0432\u0435\u0440 paper-on-paper, Classic 99 \u043d\u0435 \u0442\u043e\u043b\u044c\u043a\u043e \u0438\u0433\u0440\u0430\u0435\u0442 \u0433\u0440\u043e\u043c\u0447\u0435 \u0438 \u0434\u043e\u0441\u0442\u0438\u0433\u0430\u0435\u0442 \u0431\u043e\u043b\u0435\u0435 \u0433\u043b\u0443\u0431\u043e\u043a\u043e\u0433\u043e \u0437\u0432\u0443\u0447\u0430\u043d\u0438\u044f, \u043d\u043e \u0438 \u0434\u043e\u0431\u0430\u0432\u043b\u044f\u0435\u0442 \u0441\u043b\u043e\u0438 \u0442\u043e\u043d\u043a\u0438\u0445 \u0442\u0435\u043a\u0441\u0442\u0443\u0440\u043d\u044b\u0445 \u0443\u043b\u0443\u0447\u0448\u0435\u043d\u0438\u0439, \u043a\u043e\u0442\u043e\u0440\u044b\u0435 \u043f\u043e\u0441\u0442\u043e\u044f\u043d\u043d\u043e \u0432\u043f\u0435\u0447\u0430\u0442\u043b\u044f\u044e\u0442.\" \/>\n<meta property=\"og:url\" content=\"https:\/\/stereoplus.lv\/ru\/product\/rel-classic-99\/\" \/>\n<meta property=\"og:site_name\" content=\"StereoPlus\" \/>\n<meta property=\"article:modified_time\" content=\"2024-09-11T22:24:01+00:00\" \/>\n<meta name=\"twitter:card\" content=\"summary_large_image\" \/>\n<meta name=\"twitter:image\" content=\"https:\/\/stereoplus.lv\/wp-content\/uploads\/2024\/09\/Rel-Classic-99-preview.webp\" \/>\n<meta name=\"twitter:label1\" content=\"\u041f\u0440\u0438\u043c\u0435\u0440\u043d\u043e\u0435 \u0432\u0440\u0435\u043c\u044f \u0434\u043b\u044f \u0447\u0442\u0435\u043d\u0438\u044f\" \/>\n\t<meta name=\"twitter:data1\" content=\"1 \u043c\u0438\u043d\u0443\u0442\u0430\" \/>\n<script type=\"application\/ld+json\" class=\"yoast-schema-graph\">{\"@context\":\"https:\/\/schema.org\",\"@graph\":[{\"@type\":\"WebSite\",\"@id\":\"https:\/\/stereoplus.lv\/#website\",\"url\":\"https:\/\/stereoplus.lv\/\",\"name\":\"StereoPlus\",\"description\":\"\",\"potentialAction\":[{\"@type\":\"SearchAction\",\"target\":{\"@type\":\"EntryPoint\",\"urlTemplate\":\"https:\/\/stereoplus.lv\/?s={search_term_string}\"},\"query-input\":\"required name=search_term_string\"}],\"inLanguage\":\"ru-RU\"},{\"@type\":\"ImageObject\",\"@id\":\"https:\/\/stereoplus.lv\/ru\/product\/rel-classic-99\/#primaryimage\",\"inLanguage\":\"ru-RU\",\"url\":\"https:\/\/stereoplus.lv\/wp-content\/uploads\/2024\/09\/Rel-Classic-99-preview.webp\",\"contentUrl\":\"https:\/\/stereoplus.lv\/wp-content\/uploads\/2024\/09\/Rel-Classic-99-preview.webp\",\"width\":900,\"height\":900},{\"@type\":\"WebPage\",\"@id\":\"https:\/\/stereoplus.lv\/ru\/product\/rel-classic-99\/#webpage\",\"url\":\"https:\/\/stereoplus.lv\/ru\/product\/rel-classic-99\/\",\"name\":\"Rel Classic 99 - StereoPlus\",\"isPartOf\":{\"@id\":\"https:\/\/stereoplus.lv\/#website\"},\"primaryImageOfPage\":{\"@id\":\"https:\/\/stereoplus.lv\/ru\/product\/rel-classic-99\/#primaryimage\"},\"datePublished\":\"2024-09-11T22:21:51+00:00\",\"dateModified\":\"2024-09-11T22:24:01+00:00\",\"breadcrumb\":{\"@id\":\"https:\/\/stereoplus.lv\/ru\/product\/rel-classic-99\/#breadcrumb\"},\"inLanguage\":\"ru-RU\",\"potentialAction\":[{\"@type\":\"ReadAction\",\"target\":[\"https:\/\/stereoplus.lv\/ru\/product\/rel-classic-99\/\"]}]},{\"@type\":\"BreadcrumbList\",\"@id\":\"https:\/\/stereoplus.lv\/ru\/product\/rel-classic-99\/#breadcrumb\",\"itemListElement\":[{\"@type\":\"ListItem\",\"position\":1,\"name\":\"Home\",\"item\":\"https:\/\/stereoplus.lv\/ru\/\"},{\"@type\":\"ListItem\",\"position\":2,\"name\":\"\\u041f\\u0440\\u043e\\u0434\\u0443\\u043a\\u0442\",\"item\":\"https:\/\/stereoplus.lv\/ru\/shop\/\"},{\"@type\":\"ListItem\",\"position\":3,\"name\":\"Rel Classic 99\"}]}]}<\/script>\n<!-- \/ Yoast SEO plugin. -->","yoast_head_json":{"title":"Rel Classic 99 - StereoPlus","robots":{"index":"index","follow":"follow","max-snippet":"max-snippet:-1","max-image-preview":"max-image-preview:large","max-video-preview":"max-video-preview:-1"},"canonical":"https:\/\/stereoplus.lv\/ru\/product\/rel-classic-99\/","og_locale":"ru_RU","og_type":"article","og_title":"Rel Classic 99 - StereoPlus","og_description":"\u041c\u043e\u0449\u043d\u0430\u044f \u0441\u0438\u043c\u0444\u043e\u043d\u0438\u044f \u0434\u0438\u0437\u0430\u0439\u043d\u0430, \u043c\u043e\u0449\u043d\u043e\u0441\u0442\u0438 \u0438 \u0438\u0437\u044f\u0449\u0435\u0441\u0442\u0432\u0430. \u0421\u043e\u0437\u0434\u0430\u043d\u043d\u0430\u044f \u043d\u0430 \u043e\u0441\u043d\u043e\u0432\u0435, \u0437\u0430\u043b\u043e\u0436\u0435\u043d\u043d\u043e\u0439 Classic 98, \u044d\u0442\u0430 \u043c\u043e\u0434\u0435\u043b\u044c \u0443\u0441\u0438\u043b\u0438\u0432\u0430\u0435\u0442 \u043a\u0430\u0436\u0434\u044b\u0439 \u0430\u0442\u0440\u0438\u0431\u0443\u0442: \u0431\u043e\u043b\u044c\u0448\u0435 \u043c\u043e\u0449\u043d\u043e\u0441\u0442\u0438, \u0431\u043e\u043b\u0435\u0435 \u0433\u043b\u0443\u0431\u043e\u043a\u0438\u0435 \u0431\u0430\u0441\u044b \u0438 \u0434\u0438\u0437\u0430\u0439\u043d, \u043a\u043e\u0442\u043e\u0440\u044b\u0439 \u0437\u0430\u0445\u0432\u0430\u0442\u044b\u0432\u0430\u0435\u0442 \u0438 \u0433\u043b\u0430\u0437, \u0438 \u0443\u0445\u043e. \u0421 450 \u0412\u0442, \u043f\u0440\u0438\u0432\u043e\u0434\u044f\u0449\u0438\u043c\u0438 \u0432 \u0434\u0435\u0439\u0441\u0442\u0432\u0438\u0435 \u043d\u0430\u0434\u0435\u0436\u043d\u044b\u0439 12-\u0434\u044e\u0439\u043c\u043e\u0432\u044b\u0439 \u0434\u0440\u0430\u0439\u0432\u0435\u0440 paper-on-paper, Classic 99 \u043d\u0435 \u0442\u043e\u043b\u044c\u043a\u043e \u0438\u0433\u0440\u0430\u0435\u0442 \u0433\u0440\u043e\u043c\u0447\u0435 \u0438 \u0434\u043e\u0441\u0442\u0438\u0433\u0430\u0435\u0442 \u0431\u043e\u043b\u0435\u0435 \u0433\u043b\u0443\u0431\u043e\u043a\u043e\u0433\u043e \u0437\u0432\u0443\u0447\u0430\u043d\u0438\u044f, \u043d\u043e \u0438 \u0434\u043e\u0431\u0430\u0432\u043b\u044f\u0435\u0442 \u0441\u043b\u043e\u0438 \u0442\u043e\u043d\u043a\u0438\u0445 \u0442\u0435\u043a\u0441\u0442\u0443\u0440\u043d\u044b\u0445 \u0443\u043b\u0443\u0447\u0448\u0435\u043d\u0438\u0439, \u043a\u043e\u0442\u043e\u0440\u044b\u0435 \u043f\u043e\u0441\u0442\u043e\u044f\u043d\u043d\u043e \u0432\u043f\u0435\u0447\u0430\u0442\u043b\u044f\u044e\u0442.","og_url":"https:\/\/stereoplus.lv\/ru\/product\/rel-classic-99\/","og_site_name":"StereoPlus","article_modified_time":"2024-09-11T22:24:01+00:00","twitter_card":"summary_large_image","twitter_image":"https:\/\/stereoplus.lv\/wp-content\/uploads\/2024\/09\/Rel-Classic-99-preview.webp","twitter_misc":{"\u041f\u0440\u0438\u043c\u0435\u0440\u043d\u043e\u0435 \u0432\u0440\u0435\u043c\u044f \u0434\u043b\u044f \u0447\u0442\u0435\u043d\u0438\u044f":"1 \u043c\u0438\u043d\u0443\u0442\u0430"},"schema":{"@context":"https:\/\/schema.org","@graph":[{"@type":"WebSite","@id":"https:\/\/stereoplus.lv\/#website","url":"https:\/\/stereoplus.lv\/","name":"StereoPlus","description":"","potentialAction":[{"@type":"SearchAction","target":{"@type":"EntryPoint","urlTemplate":"https:\/\/stereoplus.lv\/?s={search_term_string}"},"query-input":"required name=search_term_string"}],"inLanguage":"ru-RU"},{"@type":"ImageObject","@id":"https:\/\/stereoplus.lv\/ru\/product\/rel-classic-99\/#primaryimage","inLanguage":"ru-RU","url":"https:\/\/stereoplus.lv\/wp-content\/uploads\/2024\/09\/Rel-Classic-99-preview.webp","contentUrl":"https:\/\/stereoplus.lv\/wp-content\/uploads\/2024\/09\/Rel-Classic-99-preview.webp","width":900,"height":900},{"@type":"WebPage","@id":"https:\/\/stereoplus.lv\/ru\/product\/rel-classic-99\/#webpage","url":"https:\/\/stereoplus.lv\/ru\/product\/rel-classic-99\/","name":"Rel Classic 99 - StereoPlus","isPartOf":{"@id":"https:\/\/stereoplus.lv\/#website"},"primaryImageOfPage":{"@id":"https:\/\/stereoplus.lv\/ru\/product\/rel-classic-99\/#primaryimage"},"datePublished":"2024-09-11T22:21:51+00:00","dateModified":"2024-09-11T22:24:01+00:00","breadcrumb":{"@id":"https:\/\/stereoplus.lv\/ru\/product\/rel-classic-99\/#breadcrumb"},"inLanguage":"ru-RU","potentialAction":[{"@type":"ReadAction","target":["https:\/\/stereoplus.lv\/ru\/product\/rel-classic-99\/"]}]},{"@type":"BreadcrumbList","@id":"https:\/\/stereoplus.lv\/ru\/product\/rel-classic-99\/#breadcrumb","itemListElement":[{"@type":"ListItem","position":1,"name":"Home","item":"https:\/\/stereoplus.lv\/ru\/"},{"@type":"ListItem","position":2,"name":"\u041f\u0440\u043e\u0434\u0443\u043a\u0442","item":"https:\/\/stereoplus.lv\/ru\/shop\/"},{"@type":"ListItem","position":3,"name":"Rel Classic 99"}]}]}},"_links":{"self":[{"href":"https:\/\/stereoplus.lv\/ru\/wp-json\/wp\/v2\/product\/30018"}],"collection":[{"href":"https:\/\/stereoplus.lv\/ru\/wp-json\/wp\/v2\/product"}],"about":[{"href":"https:\/\/stereoplus.lv\/ru\/wp-json\/wp\/v2\/types\/product"}],"wp:featuredmedia":[{"embeddable":true,"href":"https:\/\/stereoplus.lv\/ru\/wp-json\/wp\/v2\/media\/30026"}],"wp:attachment":[{"href":"https:\/\/stereoplus.lv\/ru\/wp-json\/wp\/v2\/media?parent=30018"}],"wp:term":[{"taxonomy":"product_cat","embeddable":true,"href":"https:\/\/stereoplus.lv\/ru\/wp-json\/wp\/v2\/product_cat?post=30018"},{"taxonomy":"product_tag","embeddable":true,"href":"https:\/\/stereoplus.lv\/ru\/wp-json\/wp\/v2\/product_tag?post=30018"}],"curies":[{"name":"wp","href":"https:\/\/api.w.org\/{rel}","templated":true}]}}