{"id":30985,"date":"2024-10-21T22:43:19","date_gmt":"2024-10-21T22:43:19","guid":{"rendered":"https:\/\/stereoplus.lv\/product\/roksan-attessa-streaming-amplifier\/"},"modified":"2024-10-21T22:44:44","modified_gmt":"2024-10-21T22:44:44","slug":"roksan-attessa-streaming-amplifier","status":"publish","type":"product","link":"https:\/\/stereoplus.lv\/ru\/product\/roksan-attessa-streaming-amplifier\/","title":{"rendered":"Roksan Attessa Streaming Amplifier"},"content":{"rendered":"<div class=\"triple-flex__box\">\n<ul>\n<li>AB klases integr\u0113tais stereo pastiprin\u0101t\u0101js<\/li>\n<li>Ieb\u016bv\u0113ts str\u012bmeris, kas izmanto BluOS\u2122 aplik\u0101ciju<\/li>\n<li>Ieb\u016bv\u0113ts DAC &#8212; Burr-Brown PCM5242 24 bit \/ 192 kHz<\/li>\n<li>Ieb\u016bv\u0113ts MM fonokorektors<\/li>\n<li>aptX Bluetooth savietojam\u012bba<\/li>\n<li>MaestroUnite vad\u012bba &#8212; speci\u0101li rad\u012bta Roksan Attessa s\u0113rijai<\/li>\n<li>Audio form\u0101ti &#8212; MP3, AAC, WMA, OGG, WMA-L, ALAC, OPUS<\/li>\n<li>Hi-res audio form\u0101ti &#8212; MQA, FLAC, WAV, AIFF, atbalsta DSD atska\u0146o\u0161anu izmantojot BluOS\u2122 aplik\u0101ciju<\/li>\n<li>T\u0101lvad\u012bbas pults<\/li>\n<li>Kr\u0101sa &#8212; sudraba, melns<\/li>\n<\/ul>\n<\/div>\n<figure class=\"triple-flex__split\"><\/figure>\n<div class=\"triple-flex__box\">\n<ul>\n<li>Jauda &#8212; 2 x 130 W (pie 4 omu slodzes), 2 x 80 W (pie 8 omu slaodzes)<\/li>\n<li>Analog\u0101s ieejas &#8212; A1 (Variable), A2 (Fixed), Phono (MM)<\/li>\n<li>Ciparu ieejas &#8212;\u00a0Coax SPDIF &#8212; 2 gab,\u00a0Optical SPDIF &#8212; 2 gab, Bluetooth<\/li>\n<li>Izejas &#8212; RCA (Pre Out), p\u0101ris ska\u013cru\u0146iem, 3.5 mm austi\u0146u izeja<\/li>\n<li>Jaudas pat\u0113ri\u0146\u0161 &#8212; 400 W (izsl\u0113gtam &#8212; &lt; 0.5 W)<\/li>\n<li>Izm\u0113ri (A x P x Dz) &#8212; 76 x 432 x 373 mm<\/li>\n<li>Svars &#8212; 10.5 kg<\/li>\n<\/ul>\n<\/div>\n","protected":false},"excerpt":{"rendered":"<p>Roksan Attessa Streaming Amplifier \u2014 \u0438\u043d\u0442\u0435\u0433\u0440\u0438\u0440\u043e\u0432\u0430\u043d\u043d\u044b\u0439 \u0441\u0442\u0435\u0440\u0435\u043e\u0443\u0441\u0438\u043b\u0438\u0442\u0435\u043b\u044c \u0441\u0435\u0440\u0438\u0438 Attessa \u0441\u043e \u0432\u0441\u0442\u0440\u043e\u0435\u043d\u043d\u044b\u043c \u0441\u0442\u0440\u0438\u043c\u0435\u0440\u043e\u043c.<\/p>\n<p>\u0418\u043d\u0442\u0435\u0433\u0440\u0438\u0440\u043e\u0432\u0430\u043d\u043d\u044b\u0439 \u0441\u0442\u0435\u0440\u0435\u043e\u0443\u0441\u0438\u043b\u0438\u0442\u0435\u043b\u044c Attessa \u0441\u043e \u0432\u0441\u0442\u0440\u043e\u0435\u043d\u043d\u044b\u043c \u0441\u0442\u0440\u0438\u043c\u0435\u0440\u043e\u043c \u0438\u0441\u043f\u043e\u043b\u044c\u0437\u0443\u0435\u0442 \u043f\u0440\u0438\u043b\u043e\u0436\u0435\u043d\u0438\u0435 BluOS\u2122. \u041e\u043d \u043e\u0431\u0435\u0441\u043f\u0435\u0447\u0438\u0432\u0430\u0435\u0442 \u043f\u043e\u0442\u043e\u043a\u043e\u0432\u0443\u044e \u043f\u0435\u0440\u0435\u0434\u0430\u0447\u0443 \u043c\u0443\u0437\u044b\u043a\u0438 \u0432 \u0432\u044b\u0441\u043e\u043a\u043e\u043c \u0440\u0430\u0437\u0440\u0435\u0448\u0435\u043d\u0438\u0438 \u0441 \u0431\u043e\u043b\u0435\u0435 \u0447\u0435\u043c 20 \u043f\u043e\u0442\u043e\u043a\u043e\u0432\u044b\u0445 \u0441\u0430\u0439\u0442\u043e\u0432. \u041f\u0440\u0438\u043b\u043e\u0436\u0435\u043d\u0438\u0435 \u043c\u043e\u0436\u0435\u0442 \u043a\u043e\u043d\u0442\u0440\u043e\u043b\u0438\u0440\u043e\u0432\u0430\u0442\u044c \u0434\u043e 64 \u0437\u043e\u043d. \u0412\u0441\u0435 \u044d\u0442\u043e \u0432\u043e\u0437\u043c\u043e\u0436\u043d\u043e \u0441 \u043f\u043e\u043c\u043e\u0449\u044c\u044e \u0441\u043c\u0430\u0440\u0442\u0444\u043e\u043d\u0430.<\/p>\n<p>\u0412 \u0434\u043e\u043f\u043e\u043b\u043d\u0435\u043d\u0438\u0435 \u043a \u0441\u043f\u0435\u0446\u0438\u0430\u043b\u044c\u043d\u043e \u0440\u0430\u0437\u0440\u0430\u0431\u043e\u0442\u0430\u043d\u043d\u043e\u043c\u0443 \u043f\u0440\u043e\u0433\u0440\u0430\u043c\u043c\u043d\u043e\u043c\u0443 \u043e\u0431\u0435\u0441\u043f\u0435\u0447\u0435\u043d\u0438\u044e MaestroUnite, \u0443\u0441\u0438\u043b\u0438\u0442\u0435\u043b\u044c \u043f\u043e\u0434\u043a\u043b\u044e\u0447\u0430\u0435\u0442\u0441\u044f \u043a \u0434\u0440\u0443\u0433\u0438\u043c \u0443\u0441\u0442\u0440\u043e\u0439\u0441\u0442\u0432\u0430\u043c Roksan Attessa \u0438 \u0443\u043f\u0440\u0430\u0432\u043b\u044f\u0435\u0442\u0441\u044f \u0438\u043c\u0438.<\/p>\n<p>\u0414\u043e\u0441\u0442\u0443\u043f\u0435\u043d \u0432 \u0441\u0435\u0440\u0435\u0431\u0440\u0438\u0441\u0442\u043e\u043c \u0438 \u0447\u0435\u0440\u043d\u043e\u043c \u0446\u0432\u0435\u0442\u0430\u0445.<\/p>\n","protected":false},"featured_media":30984,"template":"","meta":[],"product_cat":[402],"product_tag":[],"yoast_head":"<!-- This site is optimized with the Yoast SEO plugin v17.5 - https:\/\/yoast.com\/wordpress\/plugins\/seo\/ -->\n<title>Roksan Attessa Streaming Amplifier - StereoPlus<\/title>\n<meta name=\"robots\" content=\"index, follow, max-snippet:-1, max-image-preview:large, max-video-preview:-1\" \/>\n<link rel=\"canonical\" href=\"https:\/\/stereoplus.lv\/ru\/product\/roksan-attessa-streaming-amplifier\/\" \/>\n<meta property=\"og:locale\" content=\"ru_RU\" \/>\n<meta property=\"og:type\" content=\"article\" \/>\n<meta property=\"og:title\" content=\"Roksan Attessa Streaming Amplifier - StereoPlus\" \/>\n<meta property=\"og:description\" content=\"Roksan Attessa Streaming Amplifier \u2014 \u0438\u043d\u0442\u0435\u0433\u0440\u0438\u0440\u043e\u0432\u0430\u043d\u043d\u044b\u0439 \u0441\u0442\u0435\u0440\u0435\u043e\u0443\u0441\u0438\u043b\u0438\u0442\u0435\u043b\u044c \u0441\u0435\u0440\u0438\u0438 Attessa \u0441\u043e \u0432\u0441\u0442\u0440\u043e\u0435\u043d\u043d\u044b\u043c \u0441\u0442\u0440\u0438\u043c\u0435\u0440\u043e\u043c.  \u0418\u043d\u0442\u0435\u0433\u0440\u0438\u0440\u043e\u0432\u0430\u043d\u043d\u044b\u0439 \u0441\u0442\u0435\u0440\u0435\u043e\u0443\u0441\u0438\u043b\u0438\u0442\u0435\u043b\u044c Attessa \u0441\u043e \u0432\u0441\u0442\u0440\u043e\u0435\u043d\u043d\u044b\u043c \u0441\u0442\u0440\u0438\u043c\u0435\u0440\u043e\u043c \u0438\u0441\u043f\u043e\u043b\u044c\u0437\u0443\u0435\u0442 \u043f\u0440\u0438\u043b\u043e\u0436\u0435\u043d\u0438\u0435 BluOS\u2122. \u041e\u043d \u043e\u0431\u0435\u0441\u043f\u0435\u0447\u0438\u0432\u0430\u0435\u0442 \u043f\u043e\u0442\u043e\u043a\u043e\u0432\u0443\u044e \u043f\u0435\u0440\u0435\u0434\u0430\u0447\u0443 \u043c\u0443\u0437\u044b\u043a\u0438 \u0432 \u0432\u044b\u0441\u043e\u043a\u043e\u043c \u0440\u0430\u0437\u0440\u0435\u0448\u0435\u043d\u0438\u0438 \u0441 \u0431\u043e\u043b\u0435\u0435 \u0447\u0435\u043c 20 \u043f\u043e\u0442\u043e\u043a\u043e\u0432\u044b\u0445 \u0441\u0430\u0439\u0442\u043e\u0432. \u041f\u0440\u0438\u043b\u043e\u0436\u0435\u043d\u0438\u0435 \u043c\u043e\u0436\u0435\u0442 \u043a\u043e\u043d\u0442\u0440\u043e\u043b\u0438\u0440\u043e\u0432\u0430\u0442\u044c \u0434\u043e 64 \u0437\u043e\u043d. \u0412\u0441\u0435 \u044d\u0442\u043e \u0432\u043e\u0437\u043c\u043e\u0436\u043d\u043e \u0441 \u043f\u043e\u043c\u043e\u0449\u044c\u044e \u0441\u043c\u0430\u0440\u0442\u0444\u043e\u043d\u0430.  \u0412 \u0434\u043e\u043f\u043e\u043b\u043d\u0435\u043d\u0438\u0435 \u043a \u0441\u043f\u0435\u0446\u0438\u0430\u043b\u044c\u043d\u043e \u0440\u0430\u0437\u0440\u0430\u0431\u043e\u0442\u0430\u043d\u043d\u043e\u043c\u0443 \u043f\u0440\u043e\u0433\u0440\u0430\u043c\u043c\u043d\u043e\u043c\u0443 \u043e\u0431\u0435\u0441\u043f\u0435\u0447\u0435\u043d\u0438\u044e MaestroUnite, \u0443\u0441\u0438\u043b\u0438\u0442\u0435\u043b\u044c \u043f\u043e\u0434\u043a\u043b\u044e\u0447\u0430\u0435\u0442\u0441\u044f \u043a \u0434\u0440\u0443\u0433\u0438\u043c \u0443\u0441\u0442\u0440\u043e\u0439\u0441\u0442\u0432\u0430\u043c Roksan Attessa \u0438 \u0443\u043f\u0440\u0430\u0432\u043b\u044f\u0435\u0442\u0441\u044f \u0438\u043c\u0438.  \u0414\u043e\u0441\u0442\u0443\u043f\u0435\u043d \u0432 \u0441\u0435\u0440\u0435\u0431\u0440\u0438\u0441\u0442\u043e\u043c \u0438 \u0447\u0435\u0440\u043d\u043e\u043c \u0446\u0432\u0435\u0442\u0430\u0445.\" \/>\n<meta property=\"og:url\" content=\"https:\/\/stereoplus.lv\/ru\/product\/roksan-attessa-streaming-amplifier\/\" \/>\n<meta property=\"og:site_name\" content=\"StereoPlus\" \/>\n<meta property=\"article:modified_time\" content=\"2024-10-21T22:44:44+00:00\" \/>\n<meta name=\"twitter:card\" content=\"summary_large_image\" \/>\n<meta name=\"twitter:image\" content=\"https:\/\/stereoplus.lv\/wp-content\/uploads\/2024\/10\/roksan-atessa-streaming-silver-iso.webp\" \/>\n<meta name=\"twitter:label1\" content=\"\u041f\u0440\u0438\u043c\u0435\u0440\u043d\u043e\u0435 \u0432\u0440\u0435\u043c\u044f \u0434\u043b\u044f \u0447\u0442\u0435\u043d\u0438\u044f\" \/>\n\t<meta name=\"twitter:data1\" content=\"1 \u043c\u0438\u043d\u0443\u0442\u0430\" \/>\n<script type=\"application\/ld+json\" class=\"yoast-schema-graph\">{\"@context\":\"https:\/\/schema.org\",\"@graph\":[{\"@type\":\"WebSite\",\"@id\":\"https:\/\/stereoplus.lv\/#website\",\"url\":\"https:\/\/stereoplus.lv\/\",\"name\":\"StereoPlus\",\"description\":\"\",\"potentialAction\":[{\"@type\":\"SearchAction\",\"target\":{\"@type\":\"EntryPoint\",\"urlTemplate\":\"https:\/\/stereoplus.lv\/?s={search_term_string}\"},\"query-input\":\"required name=search_term_string\"}],\"inLanguage\":\"ru-RU\"},{\"@type\":\"ImageObject\",\"@id\":\"https:\/\/stereoplus.lv\/ru\/product\/roksan-attessa-streaming-amplifier\/#primaryimage\",\"inLanguage\":\"ru-RU\",\"url\":\"https:\/\/stereoplus.lv\/wp-content\/uploads\/2024\/10\/roksan-atessa-streaming-silver-iso.webp\",\"contentUrl\":\"https:\/\/stereoplus.lv\/wp-content\/uploads\/2024\/10\/roksan-atessa-streaming-silver-iso.webp\",\"width\":1000,\"height\":1000},{\"@type\":\"WebPage\",\"@id\":\"https:\/\/stereoplus.lv\/ru\/product\/roksan-attessa-streaming-amplifier\/#webpage\",\"url\":\"https:\/\/stereoplus.lv\/ru\/product\/roksan-attessa-streaming-amplifier\/\",\"name\":\"Roksan Attessa Streaming Amplifier - StereoPlus\",\"isPartOf\":{\"@id\":\"https:\/\/stereoplus.lv\/#website\"},\"primaryImageOfPage\":{\"@id\":\"https:\/\/stereoplus.lv\/ru\/product\/roksan-attessa-streaming-amplifier\/#primaryimage\"},\"datePublished\":\"2024-10-21T22:43:19+00:00\",\"dateModified\":\"2024-10-21T22:44:44+00:00\",\"breadcrumb\":{\"@id\":\"https:\/\/stereoplus.lv\/ru\/product\/roksan-attessa-streaming-amplifier\/#breadcrumb\"},\"inLanguage\":\"ru-RU\",\"potentialAction\":[{\"@type\":\"ReadAction\",\"target\":[\"https:\/\/stereoplus.lv\/ru\/product\/roksan-attessa-streaming-amplifier\/\"]}]},{\"@type\":\"BreadcrumbList\",\"@id\":\"https:\/\/stereoplus.lv\/ru\/product\/roksan-attessa-streaming-amplifier\/#breadcrumb\",\"itemListElement\":[{\"@type\":\"ListItem\",\"position\":1,\"name\":\"Home\",\"item\":\"https:\/\/stereoplus.lv\/ru\/\"},{\"@type\":\"ListItem\",\"position\":2,\"name\":\"\\u041f\\u0440\\u043e\\u0434\\u0443\\u043a\\u0442\",\"item\":\"https:\/\/stereoplus.lv\/ru\/shop\/\"},{\"@type\":\"ListItem\",\"position\":3,\"name\":\"Roksan Attessa Streaming Amplifier\"}]}]}<\/script>\n<!-- \/ Yoast SEO plugin. -->","yoast_head_json":{"title":"Roksan Attessa Streaming Amplifier - StereoPlus","robots":{"index":"index","follow":"follow","max-snippet":"max-snippet:-1","max-image-preview":"max-image-preview:large","max-video-preview":"max-video-preview:-1"},"canonical":"https:\/\/stereoplus.lv\/ru\/product\/roksan-attessa-streaming-amplifier\/","og_locale":"ru_RU","og_type":"article","og_title":"Roksan Attessa Streaming Amplifier - StereoPlus","og_description":"Roksan Attessa Streaming Amplifier \u2014 \u0438\u043d\u0442\u0435\u0433\u0440\u0438\u0440\u043e\u0432\u0430\u043d\u043d\u044b\u0439 \u0441\u0442\u0435\u0440\u0435\u043e\u0443\u0441\u0438\u043b\u0438\u0442\u0435\u043b\u044c \u0441\u0435\u0440\u0438\u0438 Attessa \u0441\u043e \u0432\u0441\u0442\u0440\u043e\u0435\u043d\u043d\u044b\u043c \u0441\u0442\u0440\u0438\u043c\u0435\u0440\u043e\u043c.  \u0418\u043d\u0442\u0435\u0433\u0440\u0438\u0440\u043e\u0432\u0430\u043d\u043d\u044b\u0439 \u0441\u0442\u0435\u0440\u0435\u043e\u0443\u0441\u0438\u043b\u0438\u0442\u0435\u043b\u044c Attessa \u0441\u043e \u0432\u0441\u0442\u0440\u043e\u0435\u043d\u043d\u044b\u043c \u0441\u0442\u0440\u0438\u043c\u0435\u0440\u043e\u043c \u0438\u0441\u043f\u043e\u043b\u044c\u0437\u0443\u0435\u0442 \u043f\u0440\u0438\u043b\u043e\u0436\u0435\u043d\u0438\u0435 BluOS\u2122. \u041e\u043d \u043e\u0431\u0435\u0441\u043f\u0435\u0447\u0438\u0432\u0430\u0435\u0442 \u043f\u043e\u0442\u043e\u043a\u043e\u0432\u0443\u044e \u043f\u0435\u0440\u0435\u0434\u0430\u0447\u0443 \u043c\u0443\u0437\u044b\u043a\u0438 \u0432 \u0432\u044b\u0441\u043e\u043a\u043e\u043c \u0440\u0430\u0437\u0440\u0435\u0448\u0435\u043d\u0438\u0438 \u0441 \u0431\u043e\u043b\u0435\u0435 \u0447\u0435\u043c 20 \u043f\u043e\u0442\u043e\u043a\u043e\u0432\u044b\u0445 \u0441\u0430\u0439\u0442\u043e\u0432. \u041f\u0440\u0438\u043b\u043e\u0436\u0435\u043d\u0438\u0435 \u043c\u043e\u0436\u0435\u0442 \u043a\u043e\u043d\u0442\u0440\u043e\u043b\u0438\u0440\u043e\u0432\u0430\u0442\u044c \u0434\u043e 64 \u0437\u043e\u043d. \u0412\u0441\u0435 \u044d\u0442\u043e \u0432\u043e\u0437\u043c\u043e\u0436\u043d\u043e \u0441 \u043f\u043e\u043c\u043e\u0449\u044c\u044e \u0441\u043c\u0430\u0440\u0442\u0444\u043e\u043d\u0430.  \u0412 \u0434\u043e\u043f\u043e\u043b\u043d\u0435\u043d\u0438\u0435 \u043a \u0441\u043f\u0435\u0446\u0438\u0430\u043b\u044c\u043d\u043e \u0440\u0430\u0437\u0440\u0430\u0431\u043e\u0442\u0430\u043d\u043d\u043e\u043c\u0443 \u043f\u0440\u043e\u0433\u0440\u0430\u043c\u043c\u043d\u043e\u043c\u0443 \u043e\u0431\u0435\u0441\u043f\u0435\u0447\u0435\u043d\u0438\u044e MaestroUnite, \u0443\u0441\u0438\u043b\u0438\u0442\u0435\u043b\u044c \u043f\u043e\u0434\u043a\u043b\u044e\u0447\u0430\u0435\u0442\u0441\u044f \u043a \u0434\u0440\u0443\u0433\u0438\u043c \u0443\u0441\u0442\u0440\u043e\u0439\u0441\u0442\u0432\u0430\u043c Roksan Attessa \u0438 \u0443\u043f\u0440\u0430\u0432\u043b\u044f\u0435\u0442\u0441\u044f \u0438\u043c\u0438.  \u0414\u043e\u0441\u0442\u0443\u043f\u0435\u043d \u0432 \u0441\u0435\u0440\u0435\u0431\u0440\u0438\u0441\u0442\u043e\u043c \u0438 \u0447\u0435\u0440\u043d\u043e\u043c \u0446\u0432\u0435\u0442\u0430\u0445.","og_url":"https:\/\/stereoplus.lv\/ru\/product\/roksan-attessa-streaming-amplifier\/","og_site_name":"StereoPlus","article_modified_time":"2024-10-21T22:44:44+00:00","twitter_card":"summary_large_image","twitter_image":"https:\/\/stereoplus.lv\/wp-content\/uploads\/2024\/10\/roksan-atessa-streaming-silver-iso.webp","twitter_misc":{"\u041f\u0440\u0438\u043c\u0435\u0440\u043d\u043e\u0435 \u0432\u0440\u0435\u043c\u044f \u0434\u043b\u044f \u0447\u0442\u0435\u043d\u0438\u044f":"1 \u043c\u0438\u043d\u0443\u0442\u0430"},"schema":{"@context":"https:\/\/schema.org","@graph":[{"@type":"WebSite","@id":"https:\/\/stereoplus.lv\/#website","url":"https:\/\/stereoplus.lv\/","name":"StereoPlus","description":"","potentialAction":[{"@type":"SearchAction","target":{"@type":"EntryPoint","urlTemplate":"https:\/\/stereoplus.lv\/?s={search_term_string}"},"query-input":"required name=search_term_string"}],"inLanguage":"ru-RU"},{"@type":"ImageObject","@id":"https:\/\/stereoplus.lv\/ru\/product\/roksan-attessa-streaming-amplifier\/#primaryimage","inLanguage":"ru-RU","url":"https:\/\/stereoplus.lv\/wp-content\/uploads\/2024\/10\/roksan-atessa-streaming-silver-iso.webp","contentUrl":"https:\/\/stereoplus.lv\/wp-content\/uploads\/2024\/10\/roksan-atessa-streaming-silver-iso.webp","width":1000,"height":1000},{"@type":"WebPage","@id":"https:\/\/stereoplus.lv\/ru\/product\/roksan-attessa-streaming-amplifier\/#webpage","url":"https:\/\/stereoplus.lv\/ru\/product\/roksan-attessa-streaming-amplifier\/","name":"Roksan Attessa Streaming Amplifier - StereoPlus","isPartOf":{"@id":"https:\/\/stereoplus.lv\/#website"},"primaryImageOfPage":{"@id":"https:\/\/stereoplus.lv\/ru\/product\/roksan-attessa-streaming-amplifier\/#primaryimage"},"datePublished":"2024-10-21T22:43:19+00:00","dateModified":"2024-10-21T22:44:44+00:00","breadcrumb":{"@id":"https:\/\/stereoplus.lv\/ru\/product\/roksan-attessa-streaming-amplifier\/#breadcrumb"},"inLanguage":"ru-RU","potentialAction":[{"@type":"ReadAction","target":["https:\/\/stereoplus.lv\/ru\/product\/roksan-attessa-streaming-amplifier\/"]}]},{"@type":"BreadcrumbList","@id":"https:\/\/stereoplus.lv\/ru\/product\/roksan-attessa-streaming-amplifier\/#breadcrumb","itemListElement":[{"@type":"ListItem","position":1,"name":"Home","item":"https:\/\/stereoplus.lv\/ru\/"},{"@type":"ListItem","position":2,"name":"\u041f\u0440\u043e\u0434\u0443\u043a\u0442","item":"https:\/\/stereoplus.lv\/ru\/shop\/"},{"@type":"ListItem","position":3,"name":"Roksan Attessa Streaming Amplifier"}]}]}},"_links":{"self":[{"href":"https:\/\/stereoplus.lv\/ru\/wp-json\/wp\/v2\/product\/30985"}],"collection":[{"href":"https:\/\/stereoplus.lv\/ru\/wp-json\/wp\/v2\/product"}],"about":[{"href":"https:\/\/stereoplus.lv\/ru\/wp-json\/wp\/v2\/types\/product"}],"wp:featuredmedia":[{"embeddable":true,"href":"https:\/\/stereoplus.lv\/ru\/wp-json\/wp\/v2\/media\/30984"}],"wp:attachment":[{"href":"https:\/\/stereoplus.lv\/ru\/wp-json\/wp\/v2\/media?parent=30985"}],"wp:term":[{"taxonomy":"product_cat","embeddable":true,"href":"https:\/\/stereoplus.lv\/ru\/wp-json\/wp\/v2\/product_cat?post=30985"},{"taxonomy":"product_tag","embeddable":true,"href":"https:\/\/stereoplus.lv\/ru\/wp-json\/wp\/v2\/product_tag?post=30985"}],"curies":[{"name":"wp","href":"https:\/\/api.w.org\/{rel}","templated":true}]}}