{"id":34926,"date":"2025-09-17T15:50:43","date_gmt":"2025-09-17T15:50:43","guid":{"rendered":"https:\/\/stereoplus.lv\/product\/monitor-audio-ims-4\/"},"modified":"2025-09-17T15:51:17","modified_gmt":"2025-09-17T15:51:17","slug":"monitor-audio-ims-4","status":"publish","type":"product","link":"https:\/\/stereoplus.lv\/ru\/product\/monitor-audio-ims-4\/","title":{"rendered":"Monitor Audio IMS-4"},"content":{"rendered":"<div class=\"triple-flex__box\">\n<ul>\n<li>Aplik\u0101cija sist\u0113mas vad\u012bbai\u00a0<a href=\"https:\/\/www.bluesound.com\/downloads\/\" target=\"_blank\" rel=\"noopener\">BluOS Controller App<\/a><\/li>\n<li>Izmantojot \u010detras atsevi\u0161\u0137as zonas, da\u017e\u0101du m\u016bziku var straum\u0113t \u010detr\u0101s da\u017e\u0101d\u0101s telp\u0101s vai zon\u0101s<\/li>\n<li>Savietojams ar Apple AirPlay 2<\/li>\n<li>Vad\u0101ms, izmantojot lietotni BluOS \u2122 Controller, \u00a0iOS, Android, MacOS un Windows<\/li>\n<li>\u013bauj straum\u0113t bezzudumu m\u016bziku ar\u00a0<a href=\"https:\/\/www.monitoraudio.com\/en\/blog\/how-to-get-studio-quality-music-with-mqa\/\" target=\"_blank\" rel=\"noopener\">MQA<\/a>\u00a0autentifik\u0101ciju<\/li>\n<li>Integr\u0101cija ar m\u0101jas automatiz\u0101cijas sist\u0113m\u0101m, Crestron, Control4, RTI un cit\u0101m BluOS \u2122 ier\u012bc\u0113m<\/li>\n<\/ul>\n<p>&nbsp;<\/p>\n<\/div>\n<figure class=\"triple-flex__split\"><\/figure>\n<div class=\"triple-flex__box\">\n<ul>\n<li>IP vad\u012bba: BluOS\u2122<\/li>\n<li>Zonu skaits: 4<\/li>\n<li>Sign\u0101la un trok\u0161\u0146a attiec\u012bba: 110 dB<\/li>\n<li>Digit\u0101l\u0101 dekod\u0113\u0161ana: l\u012bdz 24 bitu \/ 192 kHz<\/li>\n<li>Atbalst\u012btie failu form\u0101ti: MP3, AAC, WMA, WMA-L, OGG Vorbis, FLAC, ALAC, WAV, AIFF, MQA, HRA<\/li>\n<li>Atbalst\u012btie m\u0101ko\u0146pakalpojumi: Spotify Connect, Amazon Music HD, TIDAL Connect, Deezer, Qobuz, Napster, KKBox, Bugs, Taihe Music Zone, SoundMachine, IDAGIO, Orastream<\/li>\n<li>Atbalst\u012bt\u0101s oper\u0113t\u0101jsist\u0113mas: \u00a0Microsoft Windows XP, 2000, Vista, 7-10 vai jaun\u0101ka; Apple Macintosh OSX 7-10 vai jaun\u0101ka<\/li>\n<li>Interneta radio: TuneIn Radio, iHeartRadio, Calm Radio, Radio Paradise, Radio.com<\/li>\n<li>Savietojams ar: Control4, RTI, Crestron, URC, Roon, ELAN<\/li>\n<li>Ieejas: RCA stereo, digit\u0101lais SPDIF &#8212; optiskais (TOSLINK), USB &#8212; A tips (format\u0113ts FAT32)<\/li>\n<li>Izejas:: Analogais &#8212; 4 x RCA Stereo: Digit\u0101lais SPDIF &#8212; 4 x Optiskais (TOSLINK): 4 x Koaksi\u0101lais<\/li>\n<li>Izm\u0113ri (A x P x D): 43,1 x 438 x 236,1 mm<\/li>\n<li>Svars: 2,8 kg<\/li>\n<\/ul>\n<\/div>\n","protected":false},"excerpt":{"rendered":"<p>\u041c\u043d\u043e\u0433\u043e\u0437\u043e\u043d\u043d\u044b\u0439 \u0441\u0435\u0442\u0435\u0432\u043e\u0439 \u043f\u043b\u0435\u0435\u0440 Monitor Audio IMS-4. \u0418\u0434\u0435\u0430\u043b\u044c\u043d\u043e\u0435 \u0440\u0435\u0448\u0435\u043d\u0438\u0435 \u0434\u043b\u044f \u043c\u043d\u043e\u0433\u043e\u0437\u043e\u043d\u043d\u043e\u0433\u043e \u0437\u0432\u0443\u043a\u0430. \u041f\u043b\u0435\u0435\u0440 \u043e\u0441\u043d\u0430\u0449\u0451\u043d \u0441\u0438\u0441\u0442\u0435\u043c\u043e\u0439 \u0443\u043f\u0440\u0430\u0432\u043b\u0435\u043d\u0438\u044f BluOS\u2122, \u0430 \u043f\u0440\u0438\u043b\u043e\u0436\u0435\u043d\u0438\u0435-\u043a\u043e\u043d\u0442\u0440\u043e\u043b\u043b\u0435\u0440 \u043e\u0431\u0435\u0441\u043f\u0435\u0447\u0438\u0432\u0430\u0435\u0442 \u043b\u0451\u0433\u043a\u0438\u0439 \u0434\u043e\u0441\u0442\u0443\u043f \u043a \u043c\u0443\u0437\u044b\u043a\u0430\u043b\u044c\u043d\u044b\u043c \u0431\u0438\u0431\u043b\u0438\u043e\u0442\u0435\u043a\u0430\u043c, \u0441\u0442\u0440\u0438\u043c\u0438\u043d\u0433\u043e\u0432\u044b\u043c \u0441\u0435\u0440\u0432\u0438\u0441\u0430\u043c \u0438 \u0433\u043e\u043b\u043e\u0441\u043e\u0432\u043e\u0435 \u0443\u043f\u0440\u0430\u0432\u043b\u0435\u043d\u0438\u0435 \u0441 \u043f\u043e\u043c\u043e\u0449\u044c\u044e Alexa \u0438\u043b\u0438 Google Assistant.<\/p>\n","protected":false},"featured_media":34925,"template":"","meta":[],"product_cat":[403],"product_tag":[],"yoast_head":"<!-- This site is optimized with the Yoast SEO plugin v17.5 - https:\/\/yoast.com\/wordpress\/plugins\/seo\/ -->\n<title>Monitor Audio IMS-4 - StereoPlus<\/title>\n<meta name=\"robots\" content=\"index, follow, max-snippet:-1, max-image-preview:large, max-video-preview:-1\" \/>\n<link rel=\"canonical\" href=\"https:\/\/stereoplus.lv\/ru\/product\/monitor-audio-ims-4\/\" \/>\n<meta property=\"og:locale\" content=\"ru_RU\" \/>\n<meta property=\"og:type\" content=\"article\" \/>\n<meta property=\"og:title\" content=\"Monitor Audio IMS-4 - StereoPlus\" \/>\n<meta property=\"og:description\" content=\"\u041c\u043d\u043e\u0433\u043e\u0437\u043e\u043d\u043d\u044b\u0439 \u0441\u0435\u0442\u0435\u0432\u043e\u0439 \u043f\u043b\u0435\u0435\u0440 Monitor Audio IMS-4. \u0418\u0434\u0435\u0430\u043b\u044c\u043d\u043e\u0435 \u0440\u0435\u0448\u0435\u043d\u0438\u0435 \u0434\u043b\u044f \u043c\u043d\u043e\u0433\u043e\u0437\u043e\u043d\u043d\u043e\u0433\u043e \u0437\u0432\u0443\u043a\u0430. \u041f\u043b\u0435\u0435\u0440 \u043e\u0441\u043d\u0430\u0449\u0451\u043d \u0441\u0438\u0441\u0442\u0435\u043c\u043e\u0439 \u0443\u043f\u0440\u0430\u0432\u043b\u0435\u043d\u0438\u044f BluOS\u2122, \u0430 \u043f\u0440\u0438\u043b\u043e\u0436\u0435\u043d\u0438\u0435-\u043a\u043e\u043d\u0442\u0440\u043e\u043b\u043b\u0435\u0440 \u043e\u0431\u0435\u0441\u043f\u0435\u0447\u0438\u0432\u0430\u0435\u0442 \u043b\u0451\u0433\u043a\u0438\u0439 \u0434\u043e\u0441\u0442\u0443\u043f \u043a \u043c\u0443\u0437\u044b\u043a\u0430\u043b\u044c\u043d\u044b\u043c \u0431\u0438\u0431\u043b\u0438\u043e\u0442\u0435\u043a\u0430\u043c, \u0441\u0442\u0440\u0438\u043c\u0438\u043d\u0433\u043e\u0432\u044b\u043c \u0441\u0435\u0440\u0432\u0438\u0441\u0430\u043c \u0438 \u0433\u043e\u043b\u043e\u0441\u043e\u0432\u043e\u0435 \u0443\u043f\u0440\u0430\u0432\u043b\u0435\u043d\u0438\u0435 \u0441 \u043f\u043e\u043c\u043e\u0449\u044c\u044e Alexa \u0438\u043b\u0438 Google Assistant.\" \/>\n<meta property=\"og:url\" content=\"https:\/\/stereoplus.lv\/ru\/product\/monitor-audio-ims-4\/\" \/>\n<meta property=\"og:site_name\" content=\"StereoPlus\" \/>\n<meta property=\"article:modified_time\" content=\"2025-09-17T15:51:17+00:00\" \/>\n<meta name=\"twitter:card\" content=\"summary_large_image\" \/>\n<meta name=\"twitter:image\" content=\"https:\/\/stereoplus.lv\/wp-content\/uploads\/2025\/09\/monitor-audio-IMS-4.webp\" \/>\n<meta name=\"twitter:label1\" content=\"\u041f\u0440\u0438\u043c\u0435\u0440\u043d\u043e\u0435 \u0432\u0440\u0435\u043c\u044f \u0434\u043b\u044f \u0447\u0442\u0435\u043d\u0438\u044f\" \/>\n\t<meta name=\"twitter:data1\" content=\"1 \u043c\u0438\u043d\u0443\u0442\u0430\" \/>\n<script type=\"application\/ld+json\" class=\"yoast-schema-graph\">{\"@context\":\"https:\/\/schema.org\",\"@graph\":[{\"@type\":\"WebSite\",\"@id\":\"https:\/\/stereoplus.lv\/#website\",\"url\":\"https:\/\/stereoplus.lv\/\",\"name\":\"StereoPlus\",\"description\":\"\",\"potentialAction\":[{\"@type\":\"SearchAction\",\"target\":{\"@type\":\"EntryPoint\",\"urlTemplate\":\"https:\/\/stereoplus.lv\/?s={search_term_string}\"},\"query-input\":\"required name=search_term_string\"}],\"inLanguage\":\"ru-RU\"},{\"@type\":\"ImageObject\",\"@id\":\"https:\/\/stereoplus.lv\/ru\/product\/monitor-audio-ims-4\/#primaryimage\",\"inLanguage\":\"ru-RU\",\"url\":\"https:\/\/stereoplus.lv\/wp-content\/uploads\/2025\/09\/monitor-audio-IMS-4.webp\",\"contentUrl\":\"https:\/\/stereoplus.lv\/wp-content\/uploads\/2025\/09\/monitor-audio-IMS-4.webp\",\"width\":800,\"height\":800},{\"@type\":\"WebPage\",\"@id\":\"https:\/\/stereoplus.lv\/ru\/product\/monitor-audio-ims-4\/#webpage\",\"url\":\"https:\/\/stereoplus.lv\/ru\/product\/monitor-audio-ims-4\/\",\"name\":\"Monitor Audio IMS-4 - StereoPlus\",\"isPartOf\":{\"@id\":\"https:\/\/stereoplus.lv\/#website\"},\"primaryImageOfPage\":{\"@id\":\"https:\/\/stereoplus.lv\/ru\/product\/monitor-audio-ims-4\/#primaryimage\"},\"datePublished\":\"2025-09-17T15:50:43+00:00\",\"dateModified\":\"2025-09-17T15:51:17+00:00\",\"breadcrumb\":{\"@id\":\"https:\/\/stereoplus.lv\/ru\/product\/monitor-audio-ims-4\/#breadcrumb\"},\"inLanguage\":\"ru-RU\",\"potentialAction\":[{\"@type\":\"ReadAction\",\"target\":[\"https:\/\/stereoplus.lv\/ru\/product\/monitor-audio-ims-4\/\"]}]},{\"@type\":\"BreadcrumbList\",\"@id\":\"https:\/\/stereoplus.lv\/ru\/product\/monitor-audio-ims-4\/#breadcrumb\",\"itemListElement\":[{\"@type\":\"ListItem\",\"position\":1,\"name\":\"Home\",\"item\":\"https:\/\/stereoplus.lv\/ru\/\"},{\"@type\":\"ListItem\",\"position\":2,\"name\":\"\\u041f\\u0440\\u043e\\u0434\\u0443\\u043a\\u0442\",\"item\":\"https:\/\/stereoplus.lv\/ru\/shop\/\"},{\"@type\":\"ListItem\",\"position\":3,\"name\":\"Monitor Audio IMS-4\"}]}]}<\/script>\n<!-- \/ Yoast SEO plugin. -->","yoast_head_json":{"title":"Monitor Audio IMS-4 - StereoPlus","robots":{"index":"index","follow":"follow","max-snippet":"max-snippet:-1","max-image-preview":"max-image-preview:large","max-video-preview":"max-video-preview:-1"},"canonical":"https:\/\/stereoplus.lv\/ru\/product\/monitor-audio-ims-4\/","og_locale":"ru_RU","og_type":"article","og_title":"Monitor Audio IMS-4 - StereoPlus","og_description":"\u041c\u043d\u043e\u0433\u043e\u0437\u043e\u043d\u043d\u044b\u0439 \u0441\u0435\u0442\u0435\u0432\u043e\u0439 \u043f\u043b\u0435\u0435\u0440 Monitor Audio IMS-4. \u0418\u0434\u0435\u0430\u043b\u044c\u043d\u043e\u0435 \u0440\u0435\u0448\u0435\u043d\u0438\u0435 \u0434\u043b\u044f \u043c\u043d\u043e\u0433\u043e\u0437\u043e\u043d\u043d\u043e\u0433\u043e \u0437\u0432\u0443\u043a\u0430. \u041f\u043b\u0435\u0435\u0440 \u043e\u0441\u043d\u0430\u0449\u0451\u043d \u0441\u0438\u0441\u0442\u0435\u043c\u043e\u0439 \u0443\u043f\u0440\u0430\u0432\u043b\u0435\u043d\u0438\u044f BluOS\u2122, \u0430 \u043f\u0440\u0438\u043b\u043e\u0436\u0435\u043d\u0438\u0435-\u043a\u043e\u043d\u0442\u0440\u043e\u043b\u043b\u0435\u0440 \u043e\u0431\u0435\u0441\u043f\u0435\u0447\u0438\u0432\u0430\u0435\u0442 \u043b\u0451\u0433\u043a\u0438\u0439 \u0434\u043e\u0441\u0442\u0443\u043f \u043a \u043c\u0443\u0437\u044b\u043a\u0430\u043b\u044c\u043d\u044b\u043c \u0431\u0438\u0431\u043b\u0438\u043e\u0442\u0435\u043a\u0430\u043c, \u0441\u0442\u0440\u0438\u043c\u0438\u043d\u0433\u043e\u0432\u044b\u043c \u0441\u0435\u0440\u0432\u0438\u0441\u0430\u043c \u0438 \u0433\u043e\u043b\u043e\u0441\u043e\u0432\u043e\u0435 \u0443\u043f\u0440\u0430\u0432\u043b\u0435\u043d\u0438\u0435 \u0441 \u043f\u043e\u043c\u043e\u0449\u044c\u044e Alexa \u0438\u043b\u0438 Google Assistant.","og_url":"https:\/\/stereoplus.lv\/ru\/product\/monitor-audio-ims-4\/","og_site_name":"StereoPlus","article_modified_time":"2025-09-17T15:51:17+00:00","twitter_card":"summary_large_image","twitter_image":"https:\/\/stereoplus.lv\/wp-content\/uploads\/2025\/09\/monitor-audio-IMS-4.webp","twitter_misc":{"\u041f\u0440\u0438\u043c\u0435\u0440\u043d\u043e\u0435 \u0432\u0440\u0435\u043c\u044f \u0434\u043b\u044f \u0447\u0442\u0435\u043d\u0438\u044f":"1 \u043c\u0438\u043d\u0443\u0442\u0430"},"schema":{"@context":"https:\/\/schema.org","@graph":[{"@type":"WebSite","@id":"https:\/\/stereoplus.lv\/#website","url":"https:\/\/stereoplus.lv\/","name":"StereoPlus","description":"","potentialAction":[{"@type":"SearchAction","target":{"@type":"EntryPoint","urlTemplate":"https:\/\/stereoplus.lv\/?s={search_term_string}"},"query-input":"required name=search_term_string"}],"inLanguage":"ru-RU"},{"@type":"ImageObject","@id":"https:\/\/stereoplus.lv\/ru\/product\/monitor-audio-ims-4\/#primaryimage","inLanguage":"ru-RU","url":"https:\/\/stereoplus.lv\/wp-content\/uploads\/2025\/09\/monitor-audio-IMS-4.webp","contentUrl":"https:\/\/stereoplus.lv\/wp-content\/uploads\/2025\/09\/monitor-audio-IMS-4.webp","width":800,"height":800},{"@type":"WebPage","@id":"https:\/\/stereoplus.lv\/ru\/product\/monitor-audio-ims-4\/#webpage","url":"https:\/\/stereoplus.lv\/ru\/product\/monitor-audio-ims-4\/","name":"Monitor Audio IMS-4 - StereoPlus","isPartOf":{"@id":"https:\/\/stereoplus.lv\/#website"},"primaryImageOfPage":{"@id":"https:\/\/stereoplus.lv\/ru\/product\/monitor-audio-ims-4\/#primaryimage"},"datePublished":"2025-09-17T15:50:43+00:00","dateModified":"2025-09-17T15:51:17+00:00","breadcrumb":{"@id":"https:\/\/stereoplus.lv\/ru\/product\/monitor-audio-ims-4\/#breadcrumb"},"inLanguage":"ru-RU","potentialAction":[{"@type":"ReadAction","target":["https:\/\/stereoplus.lv\/ru\/product\/monitor-audio-ims-4\/"]}]},{"@type":"BreadcrumbList","@id":"https:\/\/stereoplus.lv\/ru\/product\/monitor-audio-ims-4\/#breadcrumb","itemListElement":[{"@type":"ListItem","position":1,"name":"Home","item":"https:\/\/stereoplus.lv\/ru\/"},{"@type":"ListItem","position":2,"name":"\u041f\u0440\u043e\u0434\u0443\u043a\u0442","item":"https:\/\/stereoplus.lv\/ru\/shop\/"},{"@type":"ListItem","position":3,"name":"Monitor Audio IMS-4"}]}]}},"_links":{"self":[{"href":"https:\/\/stereoplus.lv\/ru\/wp-json\/wp\/v2\/product\/34926"}],"collection":[{"href":"https:\/\/stereoplus.lv\/ru\/wp-json\/wp\/v2\/product"}],"about":[{"href":"https:\/\/stereoplus.lv\/ru\/wp-json\/wp\/v2\/types\/product"}],"wp:featuredmedia":[{"embeddable":true,"href":"https:\/\/stereoplus.lv\/ru\/wp-json\/wp\/v2\/media\/34925"}],"wp:attachment":[{"href":"https:\/\/stereoplus.lv\/ru\/wp-json\/wp\/v2\/media?parent=34926"}],"wp:term":[{"taxonomy":"product_cat","embeddable":true,"href":"https:\/\/stereoplus.lv\/ru\/wp-json\/wp\/v2\/product_cat?post=34926"},{"taxonomy":"product_tag","embeddable":true,"href":"https:\/\/stereoplus.lv\/ru\/wp-json\/wp\/v2\/product_tag?post=34926"}],"curies":[{"name":"wp","href":"https:\/\/api.w.org\/{rel}","templated":true}]}}